{"id":389750,"date":"2024-05-24T10:34:15","date_gmt":"2024-05-24T10:34:15","guid":{"rendered":"https:\/\/sapoencantado.es\/index.php\/producto\/unice-balon-madrid-en-estuche-102000\/"},"modified":"2025-08-27T20:04:17","modified_gmt":"2025-08-27T18:04:17","slug":"unice-balon-madrid-en-estuche-102000","status":"publish","type":"product","link":"https:\/\/sapoencantado.es\/index.php\/producto\/unice-balon-madrid-en-estuche-102000\/","title":{"rendered":"Unice Balon  Madrid en estuche (102000)"},"content":{"rendered":"<p data-mce-fragment=\"1\" style=\"margin-top:1rem;margin-bottom:1rem;font-family:\"><strong data-mce-fragment=\"1\" style=\"font-weight: 700\">Bal\u00f3n Madrid en estuche<\/strong><span> <\/span>es una elecci\u00f3n perfecta para los seguidores y entusiastas del  Madrid. Este bal\u00f3n de f\u00fatbol no solo es funcional, sino que tambi\u00e9n sirve como un art\u00edculo de coleccionista debido a su exclusivo dise\u00f1o.<\/p>\n<p data-mce-fragment=\"1\" style=\"margin-top:1rem;margin-bottom:1rem;font-family:\">Caracter\u00edsticas principales:<\/p>\n<ul data-mce-fragment=\"1\" style=\"margin-top:1rem;margin-bottom:1rem;padding-left:20px;font-family:\">\n<li data-mce-fragment=\"1\">\n<p data-mce-fragment=\"1\" style=\"margin-top:1rem;margin-bottom:1rem\"><strong data-mce-fragment=\"1\" style=\"font-weight: 700\">Calidad superior<\/strong>: Este bal\u00f3n de f\u00fatbol est\u00e1 hecho de goma de alta calidad, lo que garantiza su durabilidad y resistencia. Podr\u00e1s disfrutar de largas horas de juego con este bal\u00f3n, ya sea en la cancha o en el patio de casa.<\/p>\n<\/li>\n<\/ul>\n","protected":false},"excerpt":{"rendered":"<p>Bal\u00f3n Madrid en estuche<\/p>\n","protected":false},"featured_media":389748,"comment_status":"open","ping_status":"closed","template":"","meta":{"_monsterinsights_skip_tracking":false,"_monsterinsights_sitenote_active":false,"_monsterinsights_sitenote_note":"","_monsterinsights_sitenote_category":0,"site-sidebar-layout":"default","site-content-layout":"","ast-site-content-layout":"default","site-content-style":"default","site-sidebar-style":"default","ast-global-header-display":"","ast-banner-title-visibility":"","ast-main-header-display":"","ast-hfb-above-header-display":"","ast-hfb-below-header-display":"","ast-hfb-mobile-header-display":"","site-post-title":"","ast-breadcrumbs-content":"","ast-featured-img":"","footer-sml-layout":"","ast-disable-related-posts":"","theme-transparent-header-meta":"","adv-header-id-meta":"","stick-header-meta":"","header-above-stick-meta":"","header-main-stick-meta":"","header-below-stick-meta":"","astra-migrate-meta-layouts":"default","ast-page-background-enabled":"default","ast-page-background-meta":{"desktop":{"background-color":"var(--ast-global-color-4)","background-image":"","background-repeat":"repeat","background-position":"center center","background-size":"auto","background-attachment":"scroll","background-type":"","background-media":"","overlay-type":"","overlay-color":"","overlay-opacity":"","overlay-gradient":""},"tablet":{"background-color":"","background-image":"","background-repeat":"repeat","background-position":"center center","background-size":"auto","background-attachment":"scroll","background-type":"","background-media":"","overlay-type":"","overlay-color":"","overlay-opacity":"","overlay-gradient":""},"mobile":{"background-color":"","background-image":"","background-repeat":"repeat","background-position":"center center","background-size":"auto","background-attachment":"scroll","background-type":"","background-media":"","overlay-type":"","overlay-color":"","overlay-opacity":"","overlay-gradient":""}},"ast-content-background-meta":{"desktop":{"background-color":"var(--ast-global-color-5)","background-image":"","background-repeat":"repeat","background-position":"center center","background-size":"auto","background-attachment":"scroll","background-type":"","background-media":"","overlay-type":"","overlay-color":"","overlay-opacity":"","overlay-gradient":""},"tablet":{"background-color":"var(--ast-global-color-5)","background-image":"","background-repeat":"repeat","background-position":"center center","background-size":"auto","background-attachment":"scroll","background-type":"","background-media":"","overlay-type":"","overlay-color":"","overlay-opacity":"","overlay-gradient":""},"mobile":{"background-color":"var(--ast-global-color-5)","background-image":"","background-repeat":"repeat","background-position":"center center","background-size":"auto","background-attachment":"scroll","background-type":"","background-media":"","overlay-type":"","overlay-color":"","overlay-opacity":"","overlay-gradient":""}}},"product_brand":[],"product_cat":[242,356,326],"product_tag":[362,364,360,317],"class_list":{"0":"post-389750","1":"product","2":"type-product","3":"status-publish","4":"has-post-thumbnail","6":"product_cat-aire-libre","7":"product_cat-pelota","8":"product_cat-verano","9":"product_tag-balon","10":"product_tag-futbol","11":"product_tag-mondo","12":"product_tag-real-madrid","13":"desktop-align-left","14":"tablet-align-left","15":"mobile-align-left","17":"first","18":"instock","19":"taxable","20":"shipping-taxable","21":"purchasable","22":"product-type-simple"},"aioseo_notices":[],"jetpack_sharing_enabled":true,"jetpack_likes_enabled":true,"_links":{"self":[{"href":"https:\/\/sapoencantado.es\/index.php\/wp-json\/wp\/v2\/product\/389750","targetHints":{"allow":["GET"]}}],"collection":[{"href":"https:\/\/sapoencantado.es\/index.php\/wp-json\/wp\/v2\/product"}],"about":[{"href":"https:\/\/sapoencantado.es\/index.php\/wp-json\/wp\/v2\/types\/product"}],"replies":[{"embeddable":true,"href":"https:\/\/sapoencantado.es\/index.php\/wp-json\/wp\/v2\/comments?post=389750"}],"wp:featuredmedia":[{"embeddable":true,"href":"https:\/\/sapoencantado.es\/index.php\/wp-json\/wp\/v2\/media\/389748"}],"wp:attachment":[{"href":"https:\/\/sapoencantado.es\/index.php\/wp-json\/wp\/v2\/media?parent=389750"}],"wp:term":[{"taxonomy":"product_brand","embeddable":true,"href":"https:\/\/sapoencantado.es\/index.php\/wp-json\/wp\/v2\/product_brand?post=389750"},{"taxonomy":"product_cat","embeddable":true,"href":"https:\/\/sapoencantado.es\/index.php\/wp-json\/wp\/v2\/product_cat?post=389750"},{"taxonomy":"product_tag","embeddable":true,"href":"https:\/\/sapoencantado.es\/index.php\/wp-json\/wp\/v2\/product_tag?post=389750"}],"curies":[{"name":"wp","href":"https:\/\/api.w.org\/{rel}","templated":true}]}}