{"id":532379,"date":"2024-06-11T18:29:39","date_gmt":"2024-06-11T18:29:39","guid":{"rendered":"https:\/\/sapoencantado.es\/index.php\/producto\/munecas-antonio-juan-bimba-lagrimitas-con-mochila-portabebe\/"},"modified":"2026-01-02T12:23:15","modified_gmt":"2026-01-02T11:23:15","slug":"munecas-antonio-juan-bimba-lagrimitas-con-mochila-portabebe","status":"publish","type":"product","link":"https:\/\/sapoencantado.es\/index.php\/producto\/munecas-antonio-juan-bimba-lagrimitas-con-mochila-portabebe\/","title":{"rendered":"Mu\u00f1ecas Antonio Juan Bimba Lagrimitas Con Mochila Portabeb\u00e9"},"content":{"rendered":"<div class=\"product__descripcion\" style=\"font-size:0.85em;line-height:1.6em;font-family:\">Bimba es una mu\u00f1eca muy alegre! Est\u00e1 guap\u00edsima con su pelele color mostaza y su gorrito de le\u00f3n. Te la podr\u00e1s llevar a cualquier lugar en su mochila portabeb\u00e9s, para disfrutar de grandes juegos con ella. Si la acuestas, cerrar\u00e1 los ojos con un beb\u00e9 de verdad. Bimba es una mu\u00f1eca con mecanismo de sonido de Mu\u00f1ecas Antonio Juan. Al quitarle el chupete llora y llama a sus pap\u00e1s, pero si le pones el chupete se tranquilizar\u00e1. Tiene el cuerpo de tela blandito para que le puedas dar abrazos y las extremidades de suave vinilo. Mide 37 cm y pesa 523 gr. Con pilas inclu\u00eddas. Mu\u00f1ecas Antonio Juan. Ref.: 14361. Edad recomendada: +3 a\u00f1os.<\/div>\n<div class=\"product__keywords\" style=\"padding-bottom:10px;font-family:\"><span class=\"product__keywords-tag\" style=\"font-size:0.8em;padding:0.2rem;border-radius:3px\">Mu\u00f1ecas Antonio Juan<\/span><\/div>\n","protected":false},"excerpt":{"rendered":"<p>Bimba lagrimitas con mochila portabeb\u00e9s<\/p>\n","protected":false},"featured_media":532350,"comment_status":"open","ping_status":"closed","template":"","meta":{"_monsterinsights_skip_tracking":false,"_monsterinsights_sitenote_active":false,"_monsterinsights_sitenote_note":"","_monsterinsights_sitenote_category":0,"site-sidebar-layout":"default","site-content-layout":"","ast-site-content-layout":"default","site-content-style":"default","site-sidebar-style":"default","ast-global-header-display":"","ast-banner-title-visibility":"","ast-main-header-display":"","ast-hfb-above-header-display":"","ast-hfb-below-header-display":"","ast-hfb-mobile-header-display":"","site-post-title":"","ast-breadcrumbs-content":"","ast-featured-img":"","footer-sml-layout":"","ast-disable-related-posts":"","theme-transparent-header-meta":"","adv-header-id-meta":"","stick-header-meta":"","header-above-stick-meta":"","header-main-stick-meta":"","header-below-stick-meta":"","astra-migrate-meta-layouts":"default","ast-page-background-enabled":"default","ast-page-background-meta":{"desktop":{"background-color":"var(--ast-global-color-4)","background-image":"","background-repeat":"repeat","background-position":"center center","background-size":"auto","background-attachment":"scroll","background-type":"","background-media":"","overlay-type":"","overlay-color":"","overlay-opacity":"","overlay-gradient":""},"tablet":{"background-color":"","background-image":"","background-repeat":"repeat","background-position":"center center","background-size":"auto","background-attachment":"scroll","background-type":"","background-media":"","overlay-type":"","overlay-color":"","overlay-opacity":"","overlay-gradient":""},"mobile":{"background-color":"","background-image":"","background-repeat":"repeat","background-position":"center center","background-size":"auto","background-attachment":"scroll","background-type":"","background-media":"","overlay-type":"","overlay-color":"","overlay-opacity":"","overlay-gradient":""}},"ast-content-background-meta":{"desktop":{"background-color":"var(--ast-global-color-5)","background-image":"","background-repeat":"repeat","background-position":"center center","background-size":"auto","background-attachment":"scroll","background-type":"","background-media":"","overlay-type":"","overlay-color":"","overlay-opacity":"","overlay-gradient":""},"tablet":{"background-color":"var(--ast-global-color-5)","background-image":"","background-repeat":"repeat","background-position":"center center","background-size":"auto","background-attachment":"scroll","background-type":"","background-media":"","overlay-type":"","overlay-color":"","overlay-opacity":"","overlay-gradient":""},"mobile":{"background-color":"var(--ast-global-color-5)","background-image":"","background-repeat":"repeat","background-position":"center center","background-size":"auto","background-attachment":"scroll","background-type":"","background-media":"","overlay-type":"","overlay-color":"","overlay-opacity":"","overlay-gradient":""}}},"product_brand":[],"product_cat":[262,261],"product_tag":[27,371,46],"class_list":{"0":"post-532379","1":"product","2":"type-product","3":"status-publish","4":"has-post-thumbnail","6":"product_cat-bebes","7":"product_cat-munecas","8":"product_tag-18-meses","9":"product_tag-antonio-juan","10":"product_tag-munecas-bebe","11":"desktop-align-left","12":"tablet-align-left","13":"mobile-align-left","15":"first","16":"instock","17":"taxable","18":"shipping-taxable","19":"purchasable","20":"product-type-simple"},"aioseo_notices":[],"jetpack_sharing_enabled":true,"jetpack_likes_enabled":true,"_links":{"self":[{"href":"https:\/\/sapoencantado.es\/index.php\/wp-json\/wp\/v2\/product\/532379","targetHints":{"allow":["GET"]}}],"collection":[{"href":"https:\/\/sapoencantado.es\/index.php\/wp-json\/wp\/v2\/product"}],"about":[{"href":"https:\/\/sapoencantado.es\/index.php\/wp-json\/wp\/v2\/types\/product"}],"replies":[{"embeddable":true,"href":"https:\/\/sapoencantado.es\/index.php\/wp-json\/wp\/v2\/comments?post=532379"}],"wp:featuredmedia":[{"embeddable":true,"href":"https:\/\/sapoencantado.es\/index.php\/wp-json\/wp\/v2\/media\/532350"}],"wp:attachment":[{"href":"https:\/\/sapoencantado.es\/index.php\/wp-json\/wp\/v2\/media?parent=532379"}],"wp:term":[{"taxonomy":"product_brand","embeddable":true,"href":"https:\/\/sapoencantado.es\/index.php\/wp-json\/wp\/v2\/product_brand?post=532379"},{"taxonomy":"product_cat","embeddable":true,"href":"https:\/\/sapoencantado.es\/index.php\/wp-json\/wp\/v2\/product_cat?post=532379"},{"taxonomy":"product_tag","embeddable":true,"href":"https:\/\/sapoencantado.es\/index.php\/wp-json\/wp\/v2\/product_tag?post=532379"}],"curies":[{"name":"wp","href":"https:\/\/api.w.org\/{rel}","templated":true}]}}