{"id":532476,"date":"2024-06-11T18:43:13","date_gmt":"2024-06-11T18:43:13","guid":{"rendered":"https:\/\/sapoencantado.es\/index.php\/producto\/recien-nacida-nica-con-capa-y-peluche-unicornio-ref-50086\/"},"modified":"2025-11-12T10:17:52","modified_gmt":"2025-11-12T09:17:52","slug":"recien-nacida-nica-con-capa-y-peluche-unicornio-ref-50086","status":"publish","type":"product","link":"https:\/\/sapoencantado.es\/index.php\/producto\/recien-nacida-nica-con-capa-y-peluche-unicornio-ref-50086\/","title":{"rendered":"Reci\u00e9n Nacida Nica con capa y peluche unicornio \u2013 Ref. 50086"},"content":{"rendered":"<p><span style=\"font-family:\">Nica le encantan los unicornios. Disfruta vistiendose con su capita de unicornio y \u00a1tiene hasta un peluche con el que pasa horas jugando! La capa de unicornio tiene destellos de colores que combinados con el suave es muy agradable su tacto. Su cuerpo es de suave vinilo sexuado. \u00a1Nica es una ni\u00f1a!. Mide 42 cm y estar\u00e1 encantada de que juegues con ella y la arropes con su capita. \u00bfHay algo m\u00e1s adorable que un beb\u00e9? Los Reci\u00e9n Nacidos son la esencia de Mu\u00f1ecas Antonio Juan. Un universo de dulzura creados para acompa\u00f1ar a los m\u00e1s peque\u00f1os a descubrir el mundo. Compa\u00f1eros inseparables de largos d\u00edas de juegos a los que no les falta detalle en sus tiernas facciones y calidad de su ropita y complementos<\/span><\/p>\n","protected":false},"excerpt":{"rendered":"<p>Reci\u00e9n Nacida Nica con capa y peluche de unicornio<\/p>\n","protected":false},"featured_media":532446,"comment_status":"open","ping_status":"closed","template":"","meta":{"_monsterinsights_skip_tracking":false,"_monsterinsights_sitenote_active":false,"_monsterinsights_sitenote_note":"","_monsterinsights_sitenote_category":0,"site-sidebar-layout":"default","site-content-layout":"","ast-site-content-layout":"default","site-content-style":"default","site-sidebar-style":"default","ast-global-header-display":"","ast-banner-title-visibility":"","ast-main-header-display":"","ast-hfb-above-header-display":"","ast-hfb-below-header-display":"","ast-hfb-mobile-header-display":"","site-post-title":"","ast-breadcrumbs-content":"","ast-featured-img":"","footer-sml-layout":"","ast-disable-related-posts":"","theme-transparent-header-meta":"","adv-header-id-meta":"","stick-header-meta":"","header-above-stick-meta":"","header-main-stick-meta":"","header-below-stick-meta":"","astra-migrate-meta-layouts":"default","ast-page-background-enabled":"default","ast-page-background-meta":{"desktop":{"background-color":"var(--ast-global-color-4)","background-image":"","background-repeat":"repeat","background-position":"center center","background-size":"auto","background-attachment":"scroll","background-type":"","background-media":"","overlay-type":"","overlay-color":"","overlay-opacity":"","overlay-gradient":""},"tablet":{"background-color":"","background-image":"","background-repeat":"repeat","background-position":"center center","background-size":"auto","background-attachment":"scroll","background-type":"","background-media":"","overlay-type":"","overlay-color":"","overlay-opacity":"","overlay-gradient":""},"mobile":{"background-color":"","background-image":"","background-repeat":"repeat","background-position":"center center","background-size":"auto","background-attachment":"scroll","background-type":"","background-media":"","overlay-type":"","overlay-color":"","overlay-opacity":"","overlay-gradient":""}},"ast-content-background-meta":{"desktop":{"background-color":"var(--ast-global-color-5)","background-image":"","background-repeat":"repeat","background-position":"center center","background-size":"auto","background-attachment":"scroll","background-type":"","background-media":"","overlay-type":"","overlay-color":"","overlay-opacity":"","overlay-gradient":""},"tablet":{"background-color":"var(--ast-global-color-5)","background-image":"","background-repeat":"repeat","background-position":"center center","background-size":"auto","background-attachment":"scroll","background-type":"","background-media":"","overlay-type":"","overlay-color":"","overlay-opacity":"","overlay-gradient":""},"mobile":{"background-color":"var(--ast-global-color-5)","background-image":"","background-repeat":"repeat","background-position":"center center","background-size":"auto","background-attachment":"scroll","background-type":"","background-media":"","overlay-type":"","overlay-color":"","overlay-opacity":"","overlay-gradient":""}}},"product_brand":[],"product_cat":[262,261],"product_tag":[32,371,46],"class_list":{"0":"post-532476","1":"product","2":"type-product","3":"status-publish","4":"has-post-thumbnail","6":"product_cat-bebes","7":"product_cat-munecas","8":"product_tag-3-anos","9":"product_tag-antonio-juan","10":"product_tag-munecas-bebe","11":"desktop-align-left","12":"tablet-align-left","13":"mobile-align-left","15":"first","16":"instock","17":"taxable","18":"shipping-taxable","19":"purchasable","20":"product-type-simple"},"aioseo_notices":[],"jetpack_sharing_enabled":true,"jetpack_likes_enabled":true,"_links":{"self":[{"href":"https:\/\/sapoencantado.es\/index.php\/wp-json\/wp\/v2\/product\/532476","targetHints":{"allow":["GET"]}}],"collection":[{"href":"https:\/\/sapoencantado.es\/index.php\/wp-json\/wp\/v2\/product"}],"about":[{"href":"https:\/\/sapoencantado.es\/index.php\/wp-json\/wp\/v2\/types\/product"}],"replies":[{"embeddable":true,"href":"https:\/\/sapoencantado.es\/index.php\/wp-json\/wp\/v2\/comments?post=532476"}],"wp:featuredmedia":[{"embeddable":true,"href":"https:\/\/sapoencantado.es\/index.php\/wp-json\/wp\/v2\/media\/532446"}],"wp:attachment":[{"href":"https:\/\/sapoencantado.es\/index.php\/wp-json\/wp\/v2\/media?parent=532476"}],"wp:term":[{"taxonomy":"product_brand","embeddable":true,"href":"https:\/\/sapoencantado.es\/index.php\/wp-json\/wp\/v2\/product_brand?post=532476"},{"taxonomy":"product_cat","embeddable":true,"href":"https:\/\/sapoencantado.es\/index.php\/wp-json\/wp\/v2\/product_cat?post=532476"},{"taxonomy":"product_tag","embeddable":true,"href":"https:\/\/sapoencantado.es\/index.php\/wp-json\/wp\/v2\/product_tag?post=532476"}],"curies":[{"name":"wp","href":"https:\/\/api.w.org\/{rel}","templated":true}]}}