{"id":555157,"date":"2024-06-13T17:45:06","date_gmt":"2024-06-13T17:45:06","guid":{"rendered":"https:\/\/sapoencantado.es\/index.php\/producto\/recien-nacida-luca-pijama-osito-50416\/"},"modified":"2024-12-28T18:56:20","modified_gmt":"2024-12-28T17:56:20","slug":"recien-nacida-luca-pijama-osito-50416","status":"publish","type":"product","link":"https:\/\/sapoencantado.es\/index.php\/producto\/recien-nacida-luca-pijama-osito-50416\/","title":{"rendered":"Reci\u00e9n Nacida Luca pijama osito (50416)"},"content":{"rendered":"<p><span style=\"font-family: M-Body-Font; font-size: 16px; font-style: normal; font-weight: 500; letter-spacing: normal; text-transform: none; float: none; text-align: left;\">Reci\u00e9n Nacida Luca pijama osito&#8221; de &#8220;Mu\u00f1ecas Antonio Juan&#8221; a\u00f1ade una capa de ternura y encanto a la ya querida colecci\u00f3n de mu\u00f1ecas. Vestida en un pijama suave que emula un osito, Luca no solo se convierte en una invitaci\u00f3n abierta a los abrazos, sino que tambi\u00e9n se establece como la acompa\u00f1ante ideal para momentos de cuentos y descanso. Esta mu\u00f1eca, de 42 cm de altura y hecha de suave vinilo sexuado, se caracteriza por su capacidad de transmitir tranquilidad y seguridad, cerrando sus ojos y abrazando su dou dou al llegar la hora de dormir, lo que ofrece una experiencia profundamente realista y reconfortante para el ni\u00f1o o la ni\u00f1a que la cuida.<\/span><\/p>\n<p><span style=\"font-family: M-Body-Font; font-size: 16px; font-style: normal; font-weight: 500; letter-spacing: normal; text-transform: none; float: none; text-align: left;\">Equipada con un gorro, un pijama con dise\u00f1o de osito, un dou dou y un coj\u00edn, Luca brinda diversas oportunidades de juego y cuidado, promoviendo el desarrollo de la empat\u00eda y las habilidades de atenci\u00f3n en los ni\u00f1os. La vestimenta y los accesorios de Luca han sido dise\u00f1ados con un compromiso con el detalle y la alta calidad que son sello distintivo de &#8220;Mu\u00f1ecas Antonio Juan&#8221;.<\/span><\/p>\n<p><span style=\"font-family: M-Body-Font; font-size: 16px; font-style: normal; font-weight: 500; letter-spacing: normal; text-transform: none; float: none; text-align: left;\">Luca trasciende la definici\u00f3n de mu\u00f1eca para convertirse en un verdadero amigo que fomenta horas de juego creativo, afecto y cuidado. Es el compa\u00f1ero perfecto para acompa\u00f1ar a los ni\u00f1os en su desarrollo emocional, proporcionando momentos de alegr\u00eda, aprendizaje y crecimiento.<\/span><\/p>\n","protected":false},"excerpt":{"rendered":"<p>Reci\u00e9n Nacida Luca pijama osito<\/p>\n","protected":false},"featured_media":555040,"comment_status":"open","ping_status":"closed","template":"","meta":{"_monsterinsights_skip_tracking":false,"_monsterinsights_sitenote_active":false,"_monsterinsights_sitenote_note":"","_monsterinsights_sitenote_category":0,"site-sidebar-layout":"default","site-content-layout":"","ast-site-content-layout":"default","site-content-style":"default","site-sidebar-style":"default","ast-global-header-display":"","ast-banner-title-visibility":"","ast-main-header-display":"","ast-hfb-above-header-display":"","ast-hfb-below-header-display":"","ast-hfb-mobile-header-display":"","site-post-title":"","ast-breadcrumbs-content":"","ast-featured-img":"","footer-sml-layout":"","ast-disable-related-posts":"","theme-transparent-header-meta":"default","adv-header-id-meta":"","stick-header-meta":"","header-above-stick-meta":"","header-main-stick-meta":"","header-below-stick-meta":"","astra-migrate-meta-layouts":"set","ast-page-background-enabled":"default","ast-page-background-meta":{"desktop":{"background-color":"var(--ast-global-color-4)","background-image":"","background-repeat":"repeat","background-position":"center center","background-size":"auto","background-attachment":"scroll","background-type":"","background-media":"","overlay-type":"","overlay-color":"","overlay-opacity":"","overlay-gradient":""},"tablet":{"background-color":"","background-image":"","background-repeat":"repeat","background-position":"center center","background-size":"auto","background-attachment":"scroll","background-type":"","background-media":"","overlay-type":"","overlay-color":"","overlay-opacity":"","overlay-gradient":""},"mobile":{"background-color":"","background-image":"","background-repeat":"repeat","background-position":"center center","background-size":"auto","background-attachment":"scroll","background-type":"","background-media":"","overlay-type":"","overlay-color":"","overlay-opacity":"","overlay-gradient":""}},"ast-content-background-meta":{"desktop":{"background-color":"var(--ast-global-color-5)","background-image":"","background-repeat":"repeat","background-position":"center center","background-size":"auto","background-attachment":"scroll","background-type":"","background-media":"","overlay-type":"","overlay-color":"","overlay-opacity":"","overlay-gradient":""},"tablet":{"background-color":"var(--ast-global-color-5)","background-image":"","background-repeat":"repeat","background-position":"center center","background-size":"auto","background-attachment":"scroll","background-type":"","background-media":"","overlay-type":"","overlay-color":"","overlay-opacity":"","overlay-gradient":""},"mobile":{"background-color":"var(--ast-global-color-5)","background-image":"","background-repeat":"repeat","background-position":"center center","background-size":"auto","background-attachment":"scroll","background-type":"","background-media":"","overlay-type":"","overlay-color":"","overlay-opacity":"","overlay-gradient":""}}},"product_brand":[],"product_cat":[262,261],"product_tag":[32,371,46],"class_list":{"0":"post-555157","1":"product","2":"type-product","3":"status-publish","4":"has-post-thumbnail","6":"product_cat-bebes","7":"product_cat-munecas","8":"product_tag-3-anos","9":"product_tag-antonio-juan","10":"product_tag-munecas-bebe","11":"desktop-align-left","12":"tablet-align-left","13":"mobile-align-left","15":"first","16":"instock","17":"taxable","18":"shipping-taxable","19":"purchasable","20":"product-type-simple"},"aioseo_notices":[],"jetpack_sharing_enabled":true,"jetpack_likes_enabled":true,"_links":{"self":[{"href":"https:\/\/sapoencantado.es\/index.php\/wp-json\/wp\/v2\/product\/555157","targetHints":{"allow":["GET"]}}],"collection":[{"href":"https:\/\/sapoencantado.es\/index.php\/wp-json\/wp\/v2\/product"}],"about":[{"href":"https:\/\/sapoencantado.es\/index.php\/wp-json\/wp\/v2\/types\/product"}],"replies":[{"embeddable":true,"href":"https:\/\/sapoencantado.es\/index.php\/wp-json\/wp\/v2\/comments?post=555157"}],"wp:featuredmedia":[{"embeddable":true,"href":"https:\/\/sapoencantado.es\/index.php\/wp-json\/wp\/v2\/media\/555040"}],"wp:attachment":[{"href":"https:\/\/sapoencantado.es\/index.php\/wp-json\/wp\/v2\/media?parent=555157"}],"wp:term":[{"taxonomy":"product_brand","embeddable":true,"href":"https:\/\/sapoencantado.es\/index.php\/wp-json\/wp\/v2\/product_brand?post=555157"},{"taxonomy":"product_cat","embeddable":true,"href":"https:\/\/sapoencantado.es\/index.php\/wp-json\/wp\/v2\/product_cat?post=555157"},{"taxonomy":"product_tag","embeddable":true,"href":"https:\/\/sapoencantado.es\/index.php\/wp-json\/wp\/v2\/product_tag?post=555157"}],"curies":[{"name":"wp","href":"https:\/\/api.w.org\/{rel}","templated":true}]}}