{"id":571080,"date":"2024-06-20T08:43:20","date_gmt":"2024-06-20T08:43:20","guid":{"rendered":"https:\/\/sapoencantado.es\/index.php\/producto\/figura-batman-aleatoria-30cm-dc-6055697\/"},"modified":"2024-06-20T08:43:20","modified_gmt":"2024-06-20T08:43:20","slug":"figura-batman-aleatoria-30cm-dc-6055697","status":"publish","type":"product","link":"https:\/\/sapoencantado.es\/index.php\/producto\/figura-batman-aleatoria-30cm-dc-6055697\/","title":{"rendered":"FIGURA BATMAN ALEATORIA 30CM DC 6055697"},"content":{"rendered":"<p><span style=\"font-style:normal;font-weight:400;letter-spacing:normal;text-transform:none;font-family:Ubuntu,sans-serif;font-size:13px;text-align:left\">Diferentes figuras de acci\u00f3n de 30 cm con 11 puntos de movimiento: sobre la variedad de puntos de movimiento se pueden colocar las figuras en diferentes posiciones de acci\u00f3n. Atenci\u00f3n: por la compra se env\u00eda solo 1 figura.Aut\u00e9ntico aspecto de pel\u00edcula de Batman: en la creaci\u00f3n de las figuras se prest\u00f3 atenci\u00f3n a todos los detalles para que coincidan exactamente con los modelos de la pel\u00edcula (por ejemplo: capa de tela de Batman).<\/span><br \/>\n<span style=\"font-style:normal;font-weight:400;letter-spacing:normal;text-transform:none;font-family:Ubuntu,sans-serif;font-size:13px;text-align:left\">Otras figuras en los tama\u00f1os 10 cm y 30 cm disponibles: para recrear el mayor n\u00famero posible de escenas de pel\u00edcula, hay los diferentes personajes (The Penguin, Batman, Wingsuit Batman o Selina Kyle) en diferentes tama\u00f1os, con accesorios y veh\u00edculos.<\/span><br \/>\n<span style=\"font-size:12px;font-style:normal;font-weight:400;letter-spacing:normal;text-transform:none;font-family:Ubuntu,sans-serif;text-align:left\"><span style=\"font-size:13px\">Contenido: 1 figura de acci\u00f3n de Batman de 30 cm (diferentes variantes disponibles) Se venden por separado y suministran en funci\u00f3n de disponibilidad.<\/span><\/span><\/p>\n","protected":false},"excerpt":{"rendered":"<p>Figuras Batman surtidas de 30 cm<\/p>\n","protected":false},"featured_media":571079,"comment_status":"open","ping_status":"closed","template":"","meta":{"_monsterinsights_skip_tracking":false,"_monsterinsights_sitenote_active":false,"_monsterinsights_sitenote_note":"","_monsterinsights_sitenote_category":0,"site-sidebar-layout":"default","site-content-layout":"","ast-site-content-layout":"default","site-content-style":"default","site-sidebar-style":"default","ast-global-header-display":"","ast-banner-title-visibility":"","ast-main-header-display":"","ast-hfb-above-header-display":"","ast-hfb-below-header-display":"","ast-hfb-mobile-header-display":"","site-post-title":"","ast-breadcrumbs-content":"","ast-featured-img":"","footer-sml-layout":"","ast-disable-related-posts":"","theme-transparent-header-meta":"","adv-header-id-meta":"","stick-header-meta":"","header-above-stick-meta":"","header-main-stick-meta":"","header-below-stick-meta":"","astra-migrate-meta-layouts":"default","ast-page-background-enabled":"default","ast-page-background-meta":{"desktop":{"background-color":"var(--ast-global-color-4)","background-image":"","background-repeat":"repeat","background-position":"center center","background-size":"auto","background-attachment":"scroll","background-type":"","background-media":"","overlay-type":"","overlay-color":"","overlay-opacity":"","overlay-gradient":""},"tablet":{"background-color":"","background-image":"","background-repeat":"repeat","background-position":"center center","background-size":"auto","background-attachment":"scroll","background-type":"","background-media":"","overlay-type":"","overlay-color":"","overlay-opacity":"","overlay-gradient":""},"mobile":{"background-color":"","background-image":"","background-repeat":"repeat","background-position":"center center","background-size":"auto","background-attachment":"scroll","background-type":"","background-media":"","overlay-type":"","overlay-color":"","overlay-opacity":"","overlay-gradient":""}},"ast-content-background-meta":{"desktop":{"background-color":"var(--ast-global-color-5)","background-image":"","background-repeat":"repeat","background-position":"center center","background-size":"auto","background-attachment":"scroll","background-type":"","background-media":"","overlay-type":"","overlay-color":"","overlay-opacity":"","overlay-gradient":""},"tablet":{"background-color":"var(--ast-global-color-5)","background-image":"","background-repeat":"repeat","background-position":"center center","background-size":"auto","background-attachment":"scroll","background-type":"","background-media":"","overlay-type":"","overlay-color":"","overlay-opacity":"","overlay-gradient":""},"mobile":{"background-color":"var(--ast-global-color-5)","background-image":"","background-repeat":"repeat","background-position":"center center","background-size":"auto","background-attachment":"scroll","background-type":"","background-media":"","overlay-type":"","overlay-color":"","overlay-opacity":"","overlay-gradient":""}}},"product_brand":[],"product_cat":[238,240],"product_tag":[32,377,378,343],"class_list":{"0":"post-571080","1":"product","2":"type-product","3":"status-publish","4":"has-post-thumbnail","6":"product_cat-juguetes-de-accion","7":"product_cat-superheroes","8":"product_tag-3-anos","9":"product_tag-batman","10":"product_tag-spin-master","11":"product_tag-superheroes","12":"desktop-align-left","13":"tablet-align-left","14":"mobile-align-left","16":"first","17":"instock","18":"taxable","19":"shipping-taxable","20":"purchasable","21":"product-type-simple"},"aioseo_notices":[],"jetpack_sharing_enabled":true,"jetpack_likes_enabled":true,"_links":{"self":[{"href":"https:\/\/sapoencantado.es\/index.php\/wp-json\/wp\/v2\/product\/571080","targetHints":{"allow":["GET"]}}],"collection":[{"href":"https:\/\/sapoencantado.es\/index.php\/wp-json\/wp\/v2\/product"}],"about":[{"href":"https:\/\/sapoencantado.es\/index.php\/wp-json\/wp\/v2\/types\/product"}],"replies":[{"embeddable":true,"href":"https:\/\/sapoencantado.es\/index.php\/wp-json\/wp\/v2\/comments?post=571080"}],"wp:featuredmedia":[{"embeddable":true,"href":"https:\/\/sapoencantado.es\/index.php\/wp-json\/wp\/v2\/media\/571079"}],"wp:attachment":[{"href":"https:\/\/sapoencantado.es\/index.php\/wp-json\/wp\/v2\/media?parent=571080"}],"wp:term":[{"taxonomy":"product_brand","embeddable":true,"href":"https:\/\/sapoencantado.es\/index.php\/wp-json\/wp\/v2\/product_brand?post=571080"},{"taxonomy":"product_cat","embeddable":true,"href":"https:\/\/sapoencantado.es\/index.php\/wp-json\/wp\/v2\/product_cat?post=571080"},{"taxonomy":"product_tag","embeddable":true,"href":"https:\/\/sapoencantado.es\/index.php\/wp-json\/wp\/v2\/product_tag?post=571080"}],"curies":[{"name":"wp","href":"https:\/\/api.w.org\/{rel}","templated":true}]}}