{"id":571091,"date":"2024-06-20T11:25:38","date_gmt":"2024-06-20T11:25:38","guid":{"rendered":"https:\/\/sapoencantado.es\/index.php\/producto\/bebes-llorones-lagrimas-magicas-playtime-daycare\/"},"modified":"2025-11-05T18:58:57","modified_gmt":"2025-11-05T17:58:57","slug":"bebes-llorones-lagrimas-magicas-playtime-daycare","status":"publish","type":"product","link":"https:\/\/sapoencantado.es\/index.php\/producto\/bebes-llorones-lagrimas-magicas-playtime-daycare\/","title":{"rendered":"BEBES LLORONES LAGRIMAS MAGICAS &#8211; PLAYTIME DAYCARE"},"content":{"rendered":"<p><span style=\"font-family:\">Conoce a los beb\u00e9s del jard\u00edn de infancia de Cry Babies Playtime! \u00edTus personajes favoritos de los Beb\u00e9s Llorones ahora en un nuevo tama\u00f1o m\u00e1s peque\u00f1o. Disfruta jugando con los 4 mini beb\u00e9s y los 4 beb\u00e9s que gatean, \u00edhay 8 para coleccionar! Dales de beber con sus biberones, presiona sus cabezas y&#8230; \u00edllorar\u00e1n l\u00e1grimas de verdad! Adem\u00e1s, con las l\u00e1grimas m\u00e1gicas revelar\u00e1s una imagen en una de sus mejillas. Las nuevas figuras de Playtime tienen m\u00e1s articulaciones y van vestidos con un adorable traje de silicona personalizado. 4 de los beb\u00e9s de la colecci\u00f3n \u00edgatean! Levanta sus piernas y emp\u00fajalos desde la parte trasera, \u00edtambi\u00e9n se pueden sentar! Juega con todas las nuevas figuras Playtime y sus accesorios para crear miles de historias. Cada paquete incluye m\u00e1s de 6 accesorios. \u00edAlgunos incluyen dos accesorios dorados sorpresa! Las mini mu\u00f1ecas miden 8,5 cm y los beb\u00e9s que gatean miden 6,9 cm de alto. Recomendado para ni\u00f1os y ni\u00f1as de 4 a 6 a\u00f1os<\/span><\/p>\n","protected":false},"excerpt":{"rendered":"<p>Bebes Llorones<\/p>\n","protected":false},"featured_media":571087,"comment_status":"open","ping_status":"closed","template":"","meta":{"_monsterinsights_skip_tracking":false,"_monsterinsights_sitenote_active":false,"_monsterinsights_sitenote_note":"","_monsterinsights_sitenote_category":0,"site-sidebar-layout":"default","site-content-layout":"","ast-site-content-layout":"default","site-content-style":"default","site-sidebar-style":"default","ast-global-header-display":"","ast-banner-title-visibility":"","ast-main-header-display":"","ast-hfb-above-header-display":"","ast-hfb-below-header-display":"","ast-hfb-mobile-header-display":"","site-post-title":"","ast-breadcrumbs-content":"","ast-featured-img":"","footer-sml-layout":"","ast-disable-related-posts":"","theme-transparent-header-meta":"","adv-header-id-meta":"","stick-header-meta":"","header-above-stick-meta":"","header-main-stick-meta":"","header-below-stick-meta":"","astra-migrate-meta-layouts":"default","ast-page-background-enabled":"default","ast-page-background-meta":{"desktop":{"background-color":"var(--ast-global-color-4)","background-image":"","background-repeat":"repeat","background-position":"center center","background-size":"auto","background-attachment":"scroll","background-type":"","background-media":"","overlay-type":"","overlay-color":"","overlay-opacity":"","overlay-gradient":""},"tablet":{"background-color":"","background-image":"","background-repeat":"repeat","background-position":"center center","background-size":"auto","background-attachment":"scroll","background-type":"","background-media":"","overlay-type":"","overlay-color":"","overlay-opacity":"","overlay-gradient":""},"mobile":{"background-color":"","background-image":"","background-repeat":"repeat","background-position":"center center","background-size":"auto","background-attachment":"scroll","background-type":"","background-media":"","overlay-type":"","overlay-color":"","overlay-opacity":"","overlay-gradient":""}},"ast-content-background-meta":{"desktop":{"background-color":"var(--ast-global-color-5)","background-image":"","background-repeat":"repeat","background-position":"center center","background-size":"auto","background-attachment":"scroll","background-type":"","background-media":"","overlay-type":"","overlay-color":"","overlay-opacity":"","overlay-gradient":""},"tablet":{"background-color":"var(--ast-global-color-5)","background-image":"","background-repeat":"repeat","background-position":"center center","background-size":"auto","background-attachment":"scroll","background-type":"","background-media":"","overlay-type":"","overlay-color":"","overlay-opacity":"","overlay-gradient":""},"mobile":{"background-color":"var(--ast-global-color-5)","background-image":"","background-repeat":"repeat","background-position":"center center","background-size":"auto","background-attachment":"scroll","background-type":"","background-media":"","overlay-type":"","overlay-color":"","overlay-opacity":"","overlay-gradient":""}}},"product_brand":[],"product_cat":[262],"product_tag":[32,369],"class_list":{"0":"post-571091","1":"product","2":"type-product","3":"status-publish","4":"has-post-thumbnail","6":"product_cat-bebes","7":"product_tag-3-anos","8":"product_tag-bebes-llorones","9":"desktop-align-left","10":"tablet-align-left","11":"mobile-align-left","13":"first","14":"instock","15":"taxable","16":"shipping-taxable","17":"purchasable","18":"product-type-simple"},"aioseo_notices":[],"jetpack_sharing_enabled":true,"jetpack_likes_enabled":true,"_links":{"self":[{"href":"https:\/\/sapoencantado.es\/index.php\/wp-json\/wp\/v2\/product\/571091","targetHints":{"allow":["GET"]}}],"collection":[{"href":"https:\/\/sapoencantado.es\/index.php\/wp-json\/wp\/v2\/product"}],"about":[{"href":"https:\/\/sapoencantado.es\/index.php\/wp-json\/wp\/v2\/types\/product"}],"replies":[{"embeddable":true,"href":"https:\/\/sapoencantado.es\/index.php\/wp-json\/wp\/v2\/comments?post=571091"}],"wp:featuredmedia":[{"embeddable":true,"href":"https:\/\/sapoencantado.es\/index.php\/wp-json\/wp\/v2\/media\/571087"}],"wp:attachment":[{"href":"https:\/\/sapoencantado.es\/index.php\/wp-json\/wp\/v2\/media?parent=571091"}],"wp:term":[{"taxonomy":"product_brand","embeddable":true,"href":"https:\/\/sapoencantado.es\/index.php\/wp-json\/wp\/v2\/product_brand?post=571091"},{"taxonomy":"product_cat","embeddable":true,"href":"https:\/\/sapoencantado.es\/index.php\/wp-json\/wp\/v2\/product_cat?post=571091"},{"taxonomy":"product_tag","embeddable":true,"href":"https:\/\/sapoencantado.es\/index.php\/wp-json\/wp\/v2\/product_tag?post=571091"}],"curies":[{"name":"wp","href":"https:\/\/api.w.org\/{rel}","templated":true}]}}