{"id":571140,"date":"2024-06-25T17:20:53","date_gmt":"2024-06-25T17:20:53","guid":{"rendered":"https:\/\/sapoencantado.es\/index.php\/producto\/perplexus-rebel\/"},"modified":"2025-12-24T10:49:03","modified_gmt":"2025-12-24T09:49:03","slug":"perplexus-rebel","status":"publish","type":"product","link":"https:\/\/sapoencantado.es\/index.php\/producto\/perplexus-rebel\/","title":{"rendered":"PERPLEXUS Rebel"},"content":{"rendered":"<p style=\"margin:0px0px10px;font-family:\"><font style=\"vertical-align: inherit\"><font style=\"vertical-align: inherit\">Mueve una pelota a trav\u00e9s de un colorido laberinto 3D contenido dentro de una esfera.<\/font><\/font><br \/>\n<font style=\"vertical-align: inherit\"><font style=\"vertical-align: inherit\">Si Perplexus te resulta un poco dif\u00edcil, prueba la versi\u00f3n Rebel. Dise\u00f1ada especialmente para ni\u00f1os y principiantes, esta esfera es tan emocionante como sus hermanas mayores de la gama Perplexus, pero es m\u00e1s f\u00e1cil de completar.<\/font><\/font><\/p>\n<p style=\"margin:0px0px10px;font-family:\"><font style=\"vertical-align: inherit\"><font style=\"vertical-align: inherit\">Con Perplexus Rebel, asume desaf\u00edos de habilidad y destreza al alcance de los principiantes: \u00a1el igl\u00fa, la escalera infernal y el tubo sinuoso!<\/font><\/font><\/p>\n","protected":false},"excerpt":{"rendered":"<p>PERPLEXUS Rebel<\/p>\n","protected":false},"featured_media":571138,"comment_status":"open","ping_status":"closed","template":"","meta":{"_monsterinsights_skip_tracking":false,"_monsterinsights_sitenote_active":false,"_monsterinsights_sitenote_note":"","_monsterinsights_sitenote_category":0,"site-sidebar-layout":"default","site-content-layout":"","ast-site-content-layout":"default","site-content-style":"default","site-sidebar-style":"default","ast-global-header-display":"","ast-banner-title-visibility":"","ast-main-header-display":"","ast-hfb-above-header-display":"","ast-hfb-below-header-display":"","ast-hfb-mobile-header-display":"","site-post-title":"","ast-breadcrumbs-content":"","ast-featured-img":"","footer-sml-layout":"","ast-disable-related-posts":"","theme-transparent-header-meta":"","adv-header-id-meta":"","stick-header-meta":"","header-above-stick-meta":"","header-main-stick-meta":"","header-below-stick-meta":"","astra-migrate-meta-layouts":"default","ast-page-background-enabled":"default","ast-page-background-meta":{"desktop":{"background-color":"var(--ast-global-color-4)","background-image":"","background-repeat":"repeat","background-position":"center center","background-size":"auto","background-attachment":"scroll","background-type":"","background-media":"","overlay-type":"","overlay-color":"","overlay-opacity":"","overlay-gradient":""},"tablet":{"background-color":"","background-image":"","background-repeat":"repeat","background-position":"center center","background-size":"auto","background-attachment":"scroll","background-type":"","background-media":"","overlay-type":"","overlay-color":"","overlay-opacity":"","overlay-gradient":""},"mobile":{"background-color":"","background-image":"","background-repeat":"repeat","background-position":"center center","background-size":"auto","background-attachment":"scroll","background-type":"","background-media":"","overlay-type":"","overlay-color":"","overlay-opacity":"","overlay-gradient":""}},"ast-content-background-meta":{"desktop":{"background-color":"var(--ast-global-color-5)","background-image":"","background-repeat":"repeat","background-position":"center center","background-size":"auto","background-attachment":"scroll","background-type":"","background-media":"","overlay-type":"","overlay-color":"","overlay-opacity":"","overlay-gradient":""},"tablet":{"background-color":"var(--ast-global-color-5)","background-image":"","background-repeat":"repeat","background-position":"center center","background-size":"auto","background-attachment":"scroll","background-type":"","background-media":"","overlay-type":"","overlay-color":"","overlay-opacity":"","overlay-gradient":""},"mobile":{"background-color":"var(--ast-global-color-5)","background-image":"","background-repeat":"repeat","background-position":"center center","background-size":"auto","background-attachment":"scroll","background-type":"","background-media":"","overlay-type":"","overlay-color":"","overlay-opacity":"","overlay-gradient":""}}},"product_brand":[],"product_cat":[251,256,338],"product_tag":[305,292,72,50],"class_list":{"0":"post-571140","1":"product","2":"type-product","3":"status-publish","4":"has-post-thumbnail","6":"product_cat-creativos","7":"product_cat-educativos","8":"product_cat-juego","9":"product_tag-creacion","10":"product_tag-creativo","11":"product_tag-educativos","12":"product_tag-juegos-de-mesa","13":"desktop-align-left","14":"tablet-align-left","15":"mobile-align-left","17":"first","18":"outofstock","19":"taxable","20":"shipping-taxable","21":"purchasable","22":"product-type-simple"},"aioseo_notices":[],"jetpack_sharing_enabled":true,"jetpack_likes_enabled":true,"_links":{"self":[{"href":"https:\/\/sapoencantado.es\/index.php\/wp-json\/wp\/v2\/product\/571140","targetHints":{"allow":["GET"]}}],"collection":[{"href":"https:\/\/sapoencantado.es\/index.php\/wp-json\/wp\/v2\/product"}],"about":[{"href":"https:\/\/sapoencantado.es\/index.php\/wp-json\/wp\/v2\/types\/product"}],"replies":[{"embeddable":true,"href":"https:\/\/sapoencantado.es\/index.php\/wp-json\/wp\/v2\/comments?post=571140"}],"wp:featuredmedia":[{"embeddable":true,"href":"https:\/\/sapoencantado.es\/index.php\/wp-json\/wp\/v2\/media\/571138"}],"wp:attachment":[{"href":"https:\/\/sapoencantado.es\/index.php\/wp-json\/wp\/v2\/media?parent=571140"}],"wp:term":[{"taxonomy":"product_brand","embeddable":true,"href":"https:\/\/sapoencantado.es\/index.php\/wp-json\/wp\/v2\/product_brand?post=571140"},{"taxonomy":"product_cat","embeddable":true,"href":"https:\/\/sapoencantado.es\/index.php\/wp-json\/wp\/v2\/product_cat?post=571140"},{"taxonomy":"product_tag","embeddable":true,"href":"https:\/\/sapoencantado.es\/index.php\/wp-json\/wp\/v2\/product_tag?post=571140"}],"curies":[{"name":"wp","href":"https:\/\/api.w.org\/{rel}","templated":true}]}}