{"id":571277,"date":"2024-07-01T10:37:11","date_gmt":"2024-07-01T10:37:11","guid":{"rendered":"https:\/\/sapoencantado.es\/index.php\/producto\/pj-masks-sky-pirate-battleship-preschool-toy-vehicle-playset-with-2-action-figures-for-kids-ages-3-and-up-multicolor-f36655l0\/"},"modified":"2026-01-09T19:46:32","modified_gmt":"2026-01-09T18:46:32","slug":"pj-masks-sky-pirate-battleship-preschool-toy-vehicle-playset-with-2-action-figures-for-kids-ages-3-and-up-multicolor-f36655l0","status":"publish","type":"product","link":"https:\/\/sapoencantado.es\/index.php\/producto\/pj-masks-sky-pirate-battleship-preschool-toy-vehicle-playset-with-2-action-figures-for-kids-ages-3-and-up-multicolor-f36655l0\/","title":{"rendered":"PJ Masks Sky Pirate Battleship Preschool Toy, Vehicle Playset with 2 Action Figures for Kids Ages 3 and Up Multicolor F36655L0"},"content":{"rendered":"<ul class=\"a-unordered-list a-vertical a-spacing-none\" style=\"margin:0px0px0px1.8rem;padding:0px;font-family:\">\n<li class=\"a-spacing-mini\" style=\"margin:0px\"><span class=\"a-list-item\">BARCO PIRATA PJ MASKS: Este playset PJ Masks ofrece mucha acci\u00f3n. Es un veh\u00edculo que rueda y est\u00e1 listo para la batalla con 2 modalidades de juego, 2 figuras, una tabla, una puerta trampa y dos lanzaproyectiles<\/span><\/li>\n<li class=\"a-spacing-mini\" style=\"margin:0px\"><span class=\"a-list-item\">CONVIERTE AL MODO BATALLA: Vuela en un cielo imaginario en el modo barco, y luego cambia al modo batalla presionando la cofa de vig\u00eda para que salgan los laterales del barco y los lanzaproyectiles<\/span><\/li>\n<li class=\"a-spacing-mini\" style=\"margin:0px\"><span class=\"a-list-item\">CARACTER\u00cdSTICAS DIVERTIDAS: La cubierta tiene una tabla extensible para atrapar a los malos. Abre las puertas del calabozo a los lados del barco para liberar a los cautivos. El barco tambi\u00e9n dispone de ruedas que giran para jugar con el juguete como un veh\u00edculo<\/span><\/li>\n<li class=\"a-spacing-mini\" style=\"margin:0px\"><span class=\"a-list-item\">FIGURAS DE ROBOT PIRATA Y CATBOY PIRATA: Te encantar\u00e1 interpretar \u00e9picas batallas con estas 2 figuras de acci\u00f3n de los PJ Masks, entre las que se incluye una figura especial de Catboy con un sombrero de pirata. Edad recomendada: A partir de 3 a\u00f1os<\/span><\/li>\n<li class=\"a-spacing-mini\" style=\"margin:0px\"><span class=\"a-list-item\">COMPATIBLES CON HERO ID: Las figuras funcionan con los juguetes PJ Masks equipados con Hero ID de Hasbro (se venden por separado; sujeto a disponibilidad), que identifica y reacciona a las figuras PJ Masks compatibles<\/span><\/li>\n<\/ul>\n","protected":false},"excerpt":{"rendered":"<p>Barco pirata Pjmacks<\/p>\n","protected":false},"featured_media":571273,"comment_status":"open","ping_status":"closed","template":"","meta":{"_monsterinsights_skip_tracking":false,"_monsterinsights_sitenote_active":false,"_monsterinsights_sitenote_note":"","_monsterinsights_sitenote_category":0,"site-sidebar-layout":"default","site-content-layout":"","ast-site-content-layout":"default","site-content-style":"default","site-sidebar-style":"default","ast-global-header-display":"","ast-banner-title-visibility":"","ast-main-header-display":"","ast-hfb-above-header-display":"","ast-hfb-below-header-display":"","ast-hfb-mobile-header-display":"","site-post-title":"","ast-breadcrumbs-content":"","ast-featured-img":"","footer-sml-layout":"","ast-disable-related-posts":"","theme-transparent-header-meta":"","adv-header-id-meta":"","stick-header-meta":"","header-above-stick-meta":"","header-main-stick-meta":"","header-below-stick-meta":"","astra-migrate-meta-layouts":"default","ast-page-background-enabled":"default","ast-page-background-meta":{"desktop":{"background-color":"var(--ast-global-color-4)","background-image":"","background-repeat":"repeat","background-position":"center center","background-size":"auto","background-attachment":"scroll","background-type":"","background-media":"","overlay-type":"","overlay-color":"","overlay-opacity":"","overlay-gradient":""},"tablet":{"background-color":"","background-image":"","background-repeat":"repeat","background-position":"center center","background-size":"auto","background-attachment":"scroll","background-type":"","background-media":"","overlay-type":"","overlay-color":"","overlay-opacity":"","overlay-gradient":""},"mobile":{"background-color":"","background-image":"","background-repeat":"repeat","background-position":"center center","background-size":"auto","background-attachment":"scroll","background-type":"","background-media":"","overlay-type":"","overlay-color":"","overlay-opacity":"","overlay-gradient":""}},"ast-content-background-meta":{"desktop":{"background-color":"var(--ast-global-color-5)","background-image":"","background-repeat":"repeat","background-position":"center center","background-size":"auto","background-attachment":"scroll","background-type":"","background-media":"","overlay-type":"","overlay-color":"","overlay-opacity":"","overlay-gradient":""},"tablet":{"background-color":"var(--ast-global-color-5)","background-image":"","background-repeat":"repeat","background-position":"center center","background-size":"auto","background-attachment":"scroll","background-type":"","background-media":"","overlay-type":"","overlay-color":"","overlay-opacity":"","overlay-gradient":""},"mobile":{"background-color":"var(--ast-global-color-5)","background-image":"","background-repeat":"repeat","background-position":"center center","background-size":"auto","background-attachment":"scroll","background-type":"","background-media":"","overlay-type":"","overlay-color":"","overlay-opacity":"","overlay-gradient":""}}},"product_brand":[],"product_cat":[238,15,240],"product_tag":[32,403,405,404],"class_list":{"0":"post-571277","1":"product","2":"type-product","3":"status-publish","4":"has-post-thumbnail","6":"product_cat-juguetes-de-accion","7":"product_cat-tus-juguetes-favoritos","8":"product_cat-superheroes","9":"product_tag-3-anos","10":"product_tag-barco","11":"product_tag-pirata","12":"product_tag-pjmacks","13":"desktop-align-left","14":"tablet-align-left","15":"mobile-align-left","17":"first","18":"instock","19":"taxable","20":"shipping-taxable","21":"purchasable","22":"product-type-simple"},"aioseo_notices":[],"jetpack_sharing_enabled":true,"jetpack_likes_enabled":true,"_links":{"self":[{"href":"https:\/\/sapoencantado.es\/index.php\/wp-json\/wp\/v2\/product\/571277","targetHints":{"allow":["GET"]}}],"collection":[{"href":"https:\/\/sapoencantado.es\/index.php\/wp-json\/wp\/v2\/product"}],"about":[{"href":"https:\/\/sapoencantado.es\/index.php\/wp-json\/wp\/v2\/types\/product"}],"replies":[{"embeddable":true,"href":"https:\/\/sapoencantado.es\/index.php\/wp-json\/wp\/v2\/comments?post=571277"}],"wp:featuredmedia":[{"embeddable":true,"href":"https:\/\/sapoencantado.es\/index.php\/wp-json\/wp\/v2\/media\/571273"}],"wp:attachment":[{"href":"https:\/\/sapoencantado.es\/index.php\/wp-json\/wp\/v2\/media?parent=571277"}],"wp:term":[{"taxonomy":"product_brand","embeddable":true,"href":"https:\/\/sapoencantado.es\/index.php\/wp-json\/wp\/v2\/product_brand?post=571277"},{"taxonomy":"product_cat","embeddable":true,"href":"https:\/\/sapoencantado.es\/index.php\/wp-json\/wp\/v2\/product_cat?post=571277"},{"taxonomy":"product_tag","embeddable":true,"href":"https:\/\/sapoencantado.es\/index.php\/wp-json\/wp\/v2\/product_tag?post=571277"}],"curies":[{"name":"wp","href":"https:\/\/api.w.org\/{rel}","templated":true}]}}