{"id":571281,"date":"2024-07-01T10:45:18","date_gmt":"2024-07-01T10:45:18","guid":{"rendered":"https:\/\/sapoencantado.es\/index.php\/producto\/pj-masks-hero-vs-villain-4-pack\/"},"modified":"2025-12-10T07:57:33","modified_gmt":"2025-12-10T06:57:33","slug":"pj-masks-hero-vs-villain-4-pack","status":"publish","type":"product","link":"https:\/\/sapoencantado.es\/index.php\/producto\/pj-masks-hero-vs-villain-4-pack\/","title":{"rendered":"PJ Masks &#8211; Hero vs Villain 4 Pack ("},"content":{"rendered":"<p><span style=\"font-family:\">El juego de figuras de acci\u00f3n PJ Masks Misi\u00f3n de vuelo no es de este mundo! Los ni\u00f1os pueden dar rienda suelta a su imaginaci\u00f3n con las figuras de Catboy, Eulette y Gecko en un atuendo espacial especial. El juego de misiones de vuelo tambi\u00e9n incluye una figura de acci\u00f3n Luna Girl y su tabla de luna como accesorio, por lo que las ni\u00f1as y ni\u00f1os a partir de 3 a\u00f1os pueden hacer que los pijamas se compiten contra su archienemigo nocturno. Las figuras son compatibles con los juegos PJ Masks de Hasbro, equipados con el identificador Hero (cada uno se vende por separado, sujeto a disponibilidad) y reconocer las figuras y reaccionar con luces y ruidos. Este juego de figuras PJ Masks env\u00eda la imaginaci\u00f3n de los ni\u00f1os una vez a la luna y otra vez y proporciona un entusiasmo similar a la meta como regalo para los fan\u00e1ticos de la serie. Hasbro y todos los t\u00e9rminos relacionados son marcas comerciales de Hasbro.<\/span><\/p>\n","protected":false},"excerpt":{"rendered":"<p>Pjmask Pack 4 figuras H\u00e9roes y Villanos<\/p>\n","protected":false},"featured_media":571278,"comment_status":"open","ping_status":"closed","template":"","meta":{"_monsterinsights_skip_tracking":false,"_monsterinsights_sitenote_active":false,"_monsterinsights_sitenote_note":"","_monsterinsights_sitenote_category":0,"site-sidebar-layout":"default","site-content-layout":"","ast-site-content-layout":"default","site-content-style":"default","site-sidebar-style":"default","ast-global-header-display":"","ast-banner-title-visibility":"","ast-main-header-display":"","ast-hfb-above-header-display":"","ast-hfb-below-header-display":"","ast-hfb-mobile-header-display":"","site-post-title":"","ast-breadcrumbs-content":"","ast-featured-img":"","footer-sml-layout":"","ast-disable-related-posts":"","theme-transparent-header-meta":"","adv-header-id-meta":"","stick-header-meta":"","header-above-stick-meta":"","header-main-stick-meta":"","header-below-stick-meta":"","astra-migrate-meta-layouts":"default","ast-page-background-enabled":"default","ast-page-background-meta":{"desktop":{"background-color":"var(--ast-global-color-4)","background-image":"","background-repeat":"repeat","background-position":"center center","background-size":"auto","background-attachment":"scroll","background-type":"","background-media":"","overlay-type":"","overlay-color":"","overlay-opacity":"","overlay-gradient":""},"tablet":{"background-color":"","background-image":"","background-repeat":"repeat","background-position":"center center","background-size":"auto","background-attachment":"scroll","background-type":"","background-media":"","overlay-type":"","overlay-color":"","overlay-opacity":"","overlay-gradient":""},"mobile":{"background-color":"","background-image":"","background-repeat":"repeat","background-position":"center center","background-size":"auto","background-attachment":"scroll","background-type":"","background-media":"","overlay-type":"","overlay-color":"","overlay-opacity":"","overlay-gradient":""}},"ast-content-background-meta":{"desktop":{"background-color":"var(--ast-global-color-5)","background-image":"","background-repeat":"repeat","background-position":"center center","background-size":"auto","background-attachment":"scroll","background-type":"","background-media":"","overlay-type":"","overlay-color":"","overlay-opacity":"","overlay-gradient":""},"tablet":{"background-color":"var(--ast-global-color-5)","background-image":"","background-repeat":"repeat","background-position":"center center","background-size":"auto","background-attachment":"scroll","background-type":"","background-media":"","overlay-type":"","overlay-color":"","overlay-opacity":"","overlay-gradient":""},"mobile":{"background-color":"var(--ast-global-color-5)","background-image":"","background-repeat":"repeat","background-position":"center center","background-size":"auto","background-attachment":"scroll","background-type":"","background-media":"","overlay-type":"","overlay-color":"","overlay-opacity":"","overlay-gradient":""}}},"product_brand":[],"product_cat":[238,15,240],"product_tag":[32,404,343],"class_list":{"0":"post-571281","1":"product","2":"type-product","3":"status-publish","4":"has-post-thumbnail","6":"product_cat-juguetes-de-accion","7":"product_cat-tus-juguetes-favoritos","8":"product_cat-superheroes","9":"product_tag-3-anos","10":"product_tag-pjmacks","11":"product_tag-superheroes","12":"desktop-align-left","13":"tablet-align-left","14":"mobile-align-left","16":"first","17":"instock","18":"taxable","19":"shipping-taxable","20":"purchasable","21":"product-type-simple"},"aioseo_notices":[],"jetpack_sharing_enabled":true,"jetpack_likes_enabled":true,"_links":{"self":[{"href":"https:\/\/sapoencantado.es\/index.php\/wp-json\/wp\/v2\/product\/571281","targetHints":{"allow":["GET"]}}],"collection":[{"href":"https:\/\/sapoencantado.es\/index.php\/wp-json\/wp\/v2\/product"}],"about":[{"href":"https:\/\/sapoencantado.es\/index.php\/wp-json\/wp\/v2\/types\/product"}],"replies":[{"embeddable":true,"href":"https:\/\/sapoencantado.es\/index.php\/wp-json\/wp\/v2\/comments?post=571281"}],"wp:featuredmedia":[{"embeddable":true,"href":"https:\/\/sapoencantado.es\/index.php\/wp-json\/wp\/v2\/media\/571278"}],"wp:attachment":[{"href":"https:\/\/sapoencantado.es\/index.php\/wp-json\/wp\/v2\/media?parent=571281"}],"wp:term":[{"taxonomy":"product_brand","embeddable":true,"href":"https:\/\/sapoencantado.es\/index.php\/wp-json\/wp\/v2\/product_brand?post=571281"},{"taxonomy":"product_cat","embeddable":true,"href":"https:\/\/sapoencantado.es\/index.php\/wp-json\/wp\/v2\/product_cat?post=571281"},{"taxonomy":"product_tag","embeddable":true,"href":"https:\/\/sapoencantado.es\/index.php\/wp-json\/wp\/v2\/product_tag?post=571281"}],"curies":[{"name":"wp","href":"https:\/\/api.w.org\/{rel}","templated":true}]}}