{"id":582555,"date":"2024-07-26T18:06:18","date_gmt":"2024-07-26T18:06:18","guid":{"rendered":"https:\/\/sapoencantado.es\/index.php\/producto\/barbie-pack-2-modas\/"},"modified":"2025-01-10T23:21:24","modified_gmt":"2025-01-10T22:21:24","slug":"barbie-pack-2-modas","status":"publish","type":"product","link":"https:\/\/sapoencantado.es\/index.php\/producto\/barbie-pack-2-modas\/","title":{"rendered":"Barbie Pack 2 Modas &#8211;"},"content":{"rendered":"<p style=\"margin:0px0px1em;padding:0px;border:0px;font-style:normal;font-weight:400;line-height:21px!important;font-family:\"><span style=\"margin:0px;padding:0px;border:0px;font-style:inherit;font-variant:inherit;font-weight:inherit;line-height:inherit;font-family:inherit;font-size:14.3px;vertical-align:baseline;box-shadow:none!important\">Lleva a la mu\u00f1eca Barbie a una fiesta en el jard\u00edn, una velada de primavera o un brunch y de compras en la ciudad con estos preciosos vestidos florales!<\/span><\/p>\n<p style=\"margin:0px0px1em;padding:0px;border:0px;font-style:normal;font-weight:400;line-height:21px!important;font-family:\"><span style=\"margin:0px;padding:0px;border:0px;font-style:inherit;font-variant:inherit;font-weight:inherit;line-height:inherit;font-family:inherit;font-size:14.3px;vertical-align:baseline\">Mu\u00f1eca no incluida.<\/span><\/p>\n<p style=\"margin:0px0px1em;padding:0px;border:0px;font-style:normal;font-weight:400;line-height:21px!important;font-family:\"><span style=\"margin:0px;padding:0px;border:0px;font-style:inherit;font-variant:inherit;font-weight:inherit;line-height:inherit;font-family:inherit;font-size:13px;vertical-align:baseline\"><span style=\"margin:0px;padding:0px;border:0px;font-style:inherit;font-variant:inherit;font-weight:inherit;line-height:inherit;font-family:inherit;font-size:14.3px;vertical-align:baseline\">El minivestido ajustado con estampado de rosas tiene mangas abullonadas transparentes con hombros descubiertos para darle un estilo exclusivo, mientras que el vestido midi con estampado tropical se abrocha elegantemente en el cuello con lazos negros tipo halter.<\/span><\/span><\/p>\n<p style=\"margin:0px0px1em;padding:0px;border:0px;font-style:normal;font-weight:400;line-height:21px!important;font-family:\">Los tacones de gatito morados y un bolso cruzado texturizado unen los looks elegantes con toques de colores divertidos.<\/p>\n<p style=\"margin:0px0px1em;padding:0px;border:0px;font-style:normal;font-weight:400;line-height:21px!important;font-family:\">Edad recomendada por el fabricante : + 3 a\u00f1os.<\/p>\n<p style=\"margin:0px0px1em;padding:0px;border:0px;font-style:normal;font-weight:400;line-height:21px!important;font-family:\">Advertencias: Utilizar bajo vigilancia de un adulto.<\/p>\n<p style=\"margin:0px0px1em;padding:0px;border:0px;font-style:normal;font-weight:400;line-height:21px!important;font-family:\">Puede contener piezas peque\u00f1as. No recomendado a menores de 3 a\u00f1os por riesgo de asfixia.<\/p>\n<p style=\"margin:0px0px1em;padding:0px;border:0px;font-style:normal;font-weight:400;line-height:21px!important;font-family:\">\u00a1ADVERTENCIAS! No recomendable para ni\u00f1os menores de 3 a\u00f1os, contiene piezas peque\u00f1as. Todos los elementos de sujeci\u00f3n y del empaquetado no son parte del juguete y deben ser retirados antes de darle el juguete al ni\u00f1o por su seguridad.<\/p>\n","protected":false},"excerpt":{"rendered":"<p>Barbie pack de 2 conjuntos de ropa<\/p>\n","protected":false},"featured_media":582553,"comment_status":"open","ping_status":"closed","template":"","meta":{"_monsterinsights_skip_tracking":false,"_monsterinsights_sitenote_active":false,"_monsterinsights_sitenote_note":"","_monsterinsights_sitenote_category":0,"site-sidebar-layout":"default","site-content-layout":"","ast-site-content-layout":"default","site-content-style":"default","site-sidebar-style":"default","ast-global-header-display":"","ast-banner-title-visibility":"","ast-main-header-display":"","ast-hfb-above-header-display":"","ast-hfb-below-header-display":"","ast-hfb-mobile-header-display":"","site-post-title":"","ast-breadcrumbs-content":"","ast-featured-img":"","footer-sml-layout":"","ast-disable-related-posts":"","theme-transparent-header-meta":"","adv-header-id-meta":"","stick-header-meta":"","header-above-stick-meta":"","header-main-stick-meta":"","header-below-stick-meta":"","astra-migrate-meta-layouts":"default","ast-page-background-enabled":"default","ast-page-background-meta":{"desktop":{"background-color":"var(--ast-global-color-4)","background-image":"","background-repeat":"repeat","background-position":"center center","background-size":"auto","background-attachment":"scroll","background-type":"","background-media":"","overlay-type":"","overlay-color":"","overlay-opacity":"","overlay-gradient":""},"tablet":{"background-color":"","background-image":"","background-repeat":"repeat","background-position":"center center","background-size":"auto","background-attachment":"scroll","background-type":"","background-media":"","overlay-type":"","overlay-color":"","overlay-opacity":"","overlay-gradient":""},"mobile":{"background-color":"","background-image":"","background-repeat":"repeat","background-position":"center center","background-size":"auto","background-attachment":"scroll","background-type":"","background-media":"","overlay-type":"","overlay-color":"","overlay-opacity":"","overlay-gradient":""}},"ast-content-background-meta":{"desktop":{"background-color":"var(--ast-global-color-5)","background-image":"","background-repeat":"repeat","background-position":"center center","background-size":"auto","background-attachment":"scroll","background-type":"","background-media":"","overlay-type":"","overlay-color":"","overlay-opacity":"","overlay-gradient":""},"tablet":{"background-color":"var(--ast-global-color-5)","background-image":"","background-repeat":"repeat","background-position":"center center","background-size":"auto","background-attachment":"scroll","background-type":"","background-media":"","overlay-type":"","overlay-color":"","overlay-opacity":"","overlay-gradient":""},"mobile":{"background-color":"var(--ast-global-color-5)","background-image":"","background-repeat":"repeat","background-position":"center center","background-size":"auto","background-attachment":"scroll","background-type":"","background-media":"","overlay-type":"","overlay-color":"","overlay-opacity":"","overlay-gradient":""}}},"product_brand":[],"product_cat":[15,266,372],"product_tag":[32,312,340],"class_list":{"0":"post-582555","1":"product","2":"type-product","3":"status-publish","4":"has-post-thumbnail","6":"product_cat-tus-juguetes-favoritos","7":"product_cat-munecas-fashion","8":"product_cat-trajes-munecas","9":"product_tag-3-anos","10":"product_tag-barbie","11":"product_tag-ropa","12":"desktop-align-left","13":"tablet-align-left","14":"mobile-align-left","16":"first","17":"instock","18":"taxable","19":"shipping-taxable","20":"purchasable","21":"product-type-simple"},"aioseo_notices":[],"jetpack_sharing_enabled":true,"jetpack_likes_enabled":true,"_links":{"self":[{"href":"https:\/\/sapoencantado.es\/index.php\/wp-json\/wp\/v2\/product\/582555","targetHints":{"allow":["GET"]}}],"collection":[{"href":"https:\/\/sapoencantado.es\/index.php\/wp-json\/wp\/v2\/product"}],"about":[{"href":"https:\/\/sapoencantado.es\/index.php\/wp-json\/wp\/v2\/types\/product"}],"replies":[{"embeddable":true,"href":"https:\/\/sapoencantado.es\/index.php\/wp-json\/wp\/v2\/comments?post=582555"}],"wp:featuredmedia":[{"embeddable":true,"href":"https:\/\/sapoencantado.es\/index.php\/wp-json\/wp\/v2\/media\/582553"}],"wp:attachment":[{"href":"https:\/\/sapoencantado.es\/index.php\/wp-json\/wp\/v2\/media?parent=582555"}],"wp:term":[{"taxonomy":"product_brand","embeddable":true,"href":"https:\/\/sapoencantado.es\/index.php\/wp-json\/wp\/v2\/product_brand?post=582555"},{"taxonomy":"product_cat","embeddable":true,"href":"https:\/\/sapoencantado.es\/index.php\/wp-json\/wp\/v2\/product_cat?post=582555"},{"taxonomy":"product_tag","embeddable":true,"href":"https:\/\/sapoencantado.es\/index.php\/wp-json\/wp\/v2\/product_tag?post=582555"}],"curies":[{"name":"wp","href":"https:\/\/api.w.org\/{rel}","templated":true}]}}