{"id":583082,"date":"2024-09-18T17:19:13","date_gmt":"2024-09-18T17:19:13","guid":{"rendered":"https:\/\/sapoencantado.es\/index.php\/producto\/muneca-barbie-extra-flores-hdj45-mattel\/"},"modified":"2025-02-18T13:21:55","modified_gmt":"2025-02-18T12:21:55","slug":"muneca-barbie-extra-flores-hdj45-mattel","status":"publish","type":"product","link":"https:\/\/sapoencantado.es\/index.php\/producto\/muneca-barbie-extra-flores-hdj45-mattel\/","title":{"rendered":"MU\u00d1ECA BARBIE EXTRA FLORES HDJ45 MATTEL"},"content":{"rendered":"<p><span>Las mu\u00f1ecas Barbie Extra se atreven con la \u00faltima moda y con los colores m\u00e1s vivos. \u00a1Y tienen las ideas muy claras! Cada mu\u00f1eca Barbie tiene su propio estilo exclusivo, muy alegre y ligeramente exagerado. Y sus mascotas (cada una de ellas con una diferente, pero todas adorables) tambi\u00e9n desprenden toneladas de personalidad. Con las mu\u00f1ecas Barbie Extra, las ni\u00f1as podr\u00e1n explorar la autoexpresi\u00f3n a trav\u00e9s de la moda y ofrecen una emocionante experiencia de juego de moda y estilo con mu\u00f1ecas articuladas. Podr\u00e1n divertirse con una moda repleta de brillos, ositos de gominola, emoticonos e incre\u00edbles peinados, aportando un toque EXTRA dondequiera que vayan. Se venden por separado y est\u00e1n sujetas a disponibilidad. Las mu\u00f1ecas no pueden tenerse en pie por s\u00ed solas. Los colores y la decoraci\u00f3n pueden variar.<\/span><\/p>\n","protected":false},"excerpt":{"rendered":"<p>Mu\u00f1eca Barbie Extra Flores<\/p>\n","protected":false},"featured_media":583077,"comment_status":"open","ping_status":"closed","template":"","meta":{"_monsterinsights_skip_tracking":false,"_monsterinsights_sitenote_active":false,"_monsterinsights_sitenote_note":"","_monsterinsights_sitenote_category":0,"site-sidebar-layout":"default","site-content-layout":"","ast-site-content-layout":"default","site-content-style":"default","site-sidebar-style":"default","ast-global-header-display":"","ast-banner-title-visibility":"","ast-main-header-display":"","ast-hfb-above-header-display":"","ast-hfb-below-header-display":"","ast-hfb-mobile-header-display":"","site-post-title":"","ast-breadcrumbs-content":"","ast-featured-img":"","footer-sml-layout":"","ast-disable-related-posts":"","theme-transparent-header-meta":"","adv-header-id-meta":"","stick-header-meta":"","header-above-stick-meta":"","header-main-stick-meta":"","header-below-stick-meta":"","astra-migrate-meta-layouts":"default","ast-page-background-enabled":"default","ast-page-background-meta":{"desktop":{"background-color":"var(--ast-global-color-4)","background-image":"","background-repeat":"repeat","background-position":"center center","background-size":"auto","background-attachment":"scroll","background-type":"","background-media":"","overlay-type":"","overlay-color":"","overlay-opacity":"","overlay-gradient":""},"tablet":{"background-color":"","background-image":"","background-repeat":"repeat","background-position":"center center","background-size":"auto","background-attachment":"scroll","background-type":"","background-media":"","overlay-type":"","overlay-color":"","overlay-opacity":"","overlay-gradient":""},"mobile":{"background-color":"","background-image":"","background-repeat":"repeat","background-position":"center center","background-size":"auto","background-attachment":"scroll","background-type":"","background-media":"","overlay-type":"","overlay-color":"","overlay-opacity":"","overlay-gradient":""}},"ast-content-background-meta":{"desktop":{"background-color":"var(--ast-global-color-5)","background-image":"","background-repeat":"repeat","background-position":"center center","background-size":"auto","background-attachment":"scroll","background-type":"","background-media":"","overlay-type":"","overlay-color":"","overlay-opacity":"","overlay-gradient":""},"tablet":{"background-color":"var(--ast-global-color-5)","background-image":"","background-repeat":"repeat","background-position":"center center","background-size":"auto","background-attachment":"scroll","background-type":"","background-media":"","overlay-type":"","overlay-color":"","overlay-opacity":"","overlay-gradient":""},"mobile":{"background-color":"var(--ast-global-color-5)","background-image":"","background-repeat":"repeat","background-position":"center center","background-size":"auto","background-attachment":"scroll","background-type":"","background-media":"","overlay-type":"","overlay-color":"","overlay-opacity":"","overlay-gradient":""}}},"product_brand":[],"product_cat":[15,266],"product_tag":[32,312,459],"class_list":{"0":"post-583082","1":"product","2":"type-product","3":"status-publish","4":"has-post-thumbnail","6":"product_cat-tus-juguetes-favoritos","7":"product_cat-munecas-fashion","8":"product_tag-3-anos","9":"product_tag-barbie","10":"product_tag-muneca","11":"desktop-align-left","12":"tablet-align-left","13":"mobile-align-left","15":"first","16":"instock","17":"taxable","18":"shipping-taxable","19":"purchasable","20":"product-type-simple"},"aioseo_notices":[],"jetpack_sharing_enabled":true,"jetpack_likes_enabled":true,"_links":{"self":[{"href":"https:\/\/sapoencantado.es\/index.php\/wp-json\/wp\/v2\/product\/583082","targetHints":{"allow":["GET"]}}],"collection":[{"href":"https:\/\/sapoencantado.es\/index.php\/wp-json\/wp\/v2\/product"}],"about":[{"href":"https:\/\/sapoencantado.es\/index.php\/wp-json\/wp\/v2\/types\/product"}],"replies":[{"embeddable":true,"href":"https:\/\/sapoencantado.es\/index.php\/wp-json\/wp\/v2\/comments?post=583082"}],"wp:featuredmedia":[{"embeddable":true,"href":"https:\/\/sapoencantado.es\/index.php\/wp-json\/wp\/v2\/media\/583077"}],"wp:attachment":[{"href":"https:\/\/sapoencantado.es\/index.php\/wp-json\/wp\/v2\/media?parent=583082"}],"wp:term":[{"taxonomy":"product_brand","embeddable":true,"href":"https:\/\/sapoencantado.es\/index.php\/wp-json\/wp\/v2\/product_brand?post=583082"},{"taxonomy":"product_cat","embeddable":true,"href":"https:\/\/sapoencantado.es\/index.php\/wp-json\/wp\/v2\/product_cat?post=583082"},{"taxonomy":"product_tag","embeddable":true,"href":"https:\/\/sapoencantado.es\/index.php\/wp-json\/wp\/v2\/product_tag?post=583082"}],"curies":[{"name":"wp","href":"https:\/\/api.w.org\/{rel}","templated":true}]}}