{"id":583084,"date":"2024-09-18T17:25:31","date_gmt":"2024-09-18T17:25:31","guid":{"rendered":"https:\/\/sapoencantado.es\/index.php\/producto\/cafeteria-de-barbie-gmw03-mattel\/"},"modified":"2025-11-21T13:04:59","modified_gmt":"2025-11-21T12:04:59","slug":"cafeteria-de-barbie-gmw03-mattel","status":"publish","type":"product","link":"https:\/\/sapoencantado.es\/index.php\/producto\/cafeteria-de-barbie-gmw03-mattel\/","title":{"rendered":"CAFETER\u00cdA DE BARBIE GMW03 MATTEL"},"content":{"rendered":"<p><span>Explora todo un mundo de diversi\u00f3n en la cafeter\u00eda con el conjunto de juego de Barbie Cafeter\u00eda! Si te gusta preparar caf\u00e9 y batidos, \u00a1te encantar\u00e1 la cafeter\u00eda! El conjunto de juego de Barbie Cafeter\u00eda incluye una mu\u00f1eca Barbie con una camiseta adorable a rayas blancas y negras, un delantal rosa y el pelo recogido en un mo\u00f1o. \u00a1Barbie est\u00e1 lista para atender a los clientes! La cafeter\u00eda cuenta con una pizarra de men\u00fa y una cafetera para preparar caf\u00e9, batidos y t\u00e9 (gira la rueda de la cafetera para elegir la bebida que quieras). Entre los accesorios adicionales se incluyen una jarra de leche, sirope de chocolate, tazas para el caf\u00e9, vasos para los batidos, una taza para el t\u00e9 y mucho m\u00e1s. Tambi\u00e9n incluye una secci\u00f3n de dulces con pasteles, una magdalena y galletas; una secci\u00f3n de art\u00edculos fr\u00edos con 2 botellas de agua, y una secci\u00f3n de tentempi\u00e9s que incluye una barrita energ\u00e9tica. Cuando el cliente haya decidido su pedido, Barbie puede apuntarlo en la caja registradora. El conjunto de juego de la cafeter\u00eda incluye m\u00e1s de 20 piezas para contar historias (algunas tienen una anilla con clip para que Barbie pueda agarrarlas). A las ni\u00f1as les encantar\u00e1n las infinitas posibilidades de expresarse creativamente y divertirse en la cafeter\u00eda. Es un regalo fant\u00e1stico para ni\u00f1as a partir de 3 a\u00f1os, especialmente para las que adoran preparar caf\u00e9, servir comida y aprender a cocinar. Las mu\u00f1ecas no pueden tenerse en pie por s\u00ed solas. Los colores y la decoraci\u00f3n del juguete pueden ser distintos de los mostrados.<\/span><\/p>\n","protected":false},"excerpt":{"rendered":"<p>Cafeteria de Barbie con accesorios<\/p>\n","protected":false},"featured_media":583083,"comment_status":"open","ping_status":"closed","template":"","meta":{"_monsterinsights_skip_tracking":false,"_monsterinsights_sitenote_active":false,"_monsterinsights_sitenote_note":"","_monsterinsights_sitenote_category":0,"site-sidebar-layout":"default","site-content-layout":"","ast-site-content-layout":"default","site-content-style":"default","site-sidebar-style":"default","ast-global-header-display":"","ast-banner-title-visibility":"","ast-main-header-display":"","ast-hfb-above-header-display":"","ast-hfb-below-header-display":"","ast-hfb-mobile-header-display":"","site-post-title":"","ast-breadcrumbs-content":"","ast-featured-img":"","footer-sml-layout":"","ast-disable-related-posts":"","theme-transparent-header-meta":"","adv-header-id-meta":"","stick-header-meta":"","header-above-stick-meta":"","header-main-stick-meta":"","header-below-stick-meta":"","astra-migrate-meta-layouts":"default","ast-page-background-enabled":"default","ast-page-background-meta":{"desktop":{"background-color":"var(--ast-global-color-4)","background-image":"","background-repeat":"repeat","background-position":"center center","background-size":"auto","background-attachment":"scroll","background-type":"","background-media":"","overlay-type":"","overlay-color":"","overlay-opacity":"","overlay-gradient":""},"tablet":{"background-color":"","background-image":"","background-repeat":"repeat","background-position":"center center","background-size":"auto","background-attachment":"scroll","background-type":"","background-media":"","overlay-type":"","overlay-color":"","overlay-opacity":"","overlay-gradient":""},"mobile":{"background-color":"","background-image":"","background-repeat":"repeat","background-position":"center center","background-size":"auto","background-attachment":"scroll","background-type":"","background-media":"","overlay-type":"","overlay-color":"","overlay-opacity":"","overlay-gradient":""}},"ast-content-background-meta":{"desktop":{"background-color":"var(--ast-global-color-5)","background-image":"","background-repeat":"repeat","background-position":"center center","background-size":"auto","background-attachment":"scroll","background-type":"","background-media":"","overlay-type":"","overlay-color":"","overlay-opacity":"","overlay-gradient":""},"tablet":{"background-color":"var(--ast-global-color-5)","background-image":"","background-repeat":"repeat","background-position":"center center","background-size":"auto","background-attachment":"scroll","background-type":"","background-media":"","overlay-type":"","overlay-color":"","overlay-opacity":"","overlay-gradient":""},"mobile":{"background-color":"var(--ast-global-color-5)","background-image":"","background-repeat":"repeat","background-position":"center center","background-size":"auto","background-attachment":"scroll","background-type":"","background-media":"","overlay-type":"","overlay-color":"","overlay-opacity":"","overlay-gradient":""}}},"product_brand":[],"product_cat":[15,266],"product_tag":[32,352,312,464],"class_list":{"0":"post-583084","1":"product","2":"type-product","3":"status-publish","4":"has-post-thumbnail","6":"product_cat-tus-juguetes-favoritos","7":"product_cat-munecas-fashion","8":"product_tag-3-anos","9":"product_tag-accesorios","10":"product_tag-barbie","11":"product_tag-cafeteria","12":"desktop-align-left","13":"tablet-align-left","14":"mobile-align-left","16":"first","17":"instock","18":"taxable","19":"shipping-taxable","20":"purchasable","21":"product-type-simple"},"aioseo_notices":[],"jetpack_sharing_enabled":true,"jetpack_likes_enabled":true,"_links":{"self":[{"href":"https:\/\/sapoencantado.es\/index.php\/wp-json\/wp\/v2\/product\/583084","targetHints":{"allow":["GET"]}}],"collection":[{"href":"https:\/\/sapoencantado.es\/index.php\/wp-json\/wp\/v2\/product"}],"about":[{"href":"https:\/\/sapoencantado.es\/index.php\/wp-json\/wp\/v2\/types\/product"}],"replies":[{"embeddable":true,"href":"https:\/\/sapoencantado.es\/index.php\/wp-json\/wp\/v2\/comments?post=583084"}],"wp:featuredmedia":[{"embeddable":true,"href":"https:\/\/sapoencantado.es\/index.php\/wp-json\/wp\/v2\/media\/583083"}],"wp:attachment":[{"href":"https:\/\/sapoencantado.es\/index.php\/wp-json\/wp\/v2\/media?parent=583084"}],"wp:term":[{"taxonomy":"product_brand","embeddable":true,"href":"https:\/\/sapoencantado.es\/index.php\/wp-json\/wp\/v2\/product_brand?post=583084"},{"taxonomy":"product_cat","embeddable":true,"href":"https:\/\/sapoencantado.es\/index.php\/wp-json\/wp\/v2\/product_cat?post=583084"},{"taxonomy":"product_tag","embeddable":true,"href":"https:\/\/sapoencantado.es\/index.php\/wp-json\/wp\/v2\/product_tag?post=583084"}],"curies":[{"name":"wp","href":"https:\/\/api.w.org\/{rel}","templated":true}]}}