{"id":583097,"date":"2024-09-18T17:38:15","date_gmt":"2024-09-18T17:38:15","guid":{"rendered":"https:\/\/sapoencantado.es\/index.php\/producto\/casa-barbie-malibu-fxg57-mattel\/"},"modified":"2024-09-18T17:38:15","modified_gmt":"2024-09-18T17:38:15","slug":"casa-barbie-malibu-fxg57-mattel","status":"publish","type":"product","link":"https:\/\/sapoencantado.es\/index.php\/producto\/casa-barbie-malibu-fxg57-mattel\/","title":{"rendered":"CASA BARBIE MALIBU FXG57 MATTEL"},"content":{"rendered":"<p><span>El conjunto de Casa Malib\u00fa de Barbie ya est\u00e1 preparado para recibirte con geniales transformaciones y un mont\u00f3n de piezas para contar historias. La casa de mu\u00f1ecas de Barbie se abre para descubrir un mont\u00f3n de espacios de juego y divertirse el doble. Los ni\u00f1os podr\u00e1n transformar la casa de dos plantas y 60cm en su propio hogar con m\u00e1s de 25 piezas para decorar las 6 habitaciones; los elementos transformables a\u00f1aden todav\u00eda m\u00e1s posibilidades al conjunto. El sal\u00f3n se transforma en un espacio de entretenimiento, la ducha se convierte en un tocador y el techo se abre en una litera para que las 4 hermanas de Barbie puedan dormir. Las funciones cl\u00e1sicas siguen ah\u00ed; el cuarto de ba\u00f1o tiene un v\u00e1ter, una ducha y un lavamanos; en la cocina hay un horno y un frigor\u00edfico que se abren; y una valla con una calcoman\u00eda de una barbacoa para jugar fuera de casa. Los muebles y accesorios del tama\u00f1o de la mu\u00f1eca incluyen accesorios cl\u00e1sicos con un estilo caracter\u00edstico, como un sof\u00e1 rosa o una mesa blanca para comer y piezas m\u00e1s peque\u00f1as que a\u00f1aden elementos divertidos, como una vajilla y un tablero de juego. Algunas piezas presentan un asa para que la mu\u00f1eca los pueda sostener (se venden por separado) o est\u00e1n dise\u00f1adas con funciones de encaje autom\u00e1tico para facilitar un juego activo y una limpieza r\u00e1pida. Pliega la casa para guardarla f\u00e1cilmente. \u00a1Narra historias en las que Barbie sale con sus hermanas, duermen juntas, hacen una barbacoa en el jard\u00edn trasero, celebran un cumplea\u00f1os y mucho m\u00e1s! Hay infinitas historias que narrar e ilimitadas maneras de explorar la Casa Malib\u00fa de Barbie, \u00a1porque cuando una ni\u00f1a juega con Barbie, imagina todo lo que puede llegar a ser! La Casa Malib\u00fa de Barbie incluye m\u00e1s de 25 accesorios, como muebles y art\u00edculos del hogar; mu\u00f1eca no incluida. Los colores y la decoraci\u00f3n pueden ser distintos de los mostrados.<\/span><\/p>\n","protected":false},"excerpt":{"rendered":"<p>Casa Barbie Malib\u00fa de Mattel<\/p>\n","protected":false},"featured_media":583092,"comment_status":"open","ping_status":"closed","template":"","meta":{"_monsterinsights_skip_tracking":false,"_monsterinsights_sitenote_active":false,"_monsterinsights_sitenote_note":"","_monsterinsights_sitenote_category":0,"site-sidebar-layout":"default","site-content-layout":"","ast-site-content-layout":"default","site-content-style":"default","site-sidebar-style":"default","ast-global-header-display":"","ast-banner-title-visibility":"","ast-main-header-display":"","ast-hfb-above-header-display":"","ast-hfb-below-header-display":"","ast-hfb-mobile-header-display":"","site-post-title":"","ast-breadcrumbs-content":"","ast-featured-img":"","footer-sml-layout":"","ast-disable-related-posts":"","theme-transparent-header-meta":"","adv-header-id-meta":"","stick-header-meta":"","header-above-stick-meta":"","header-main-stick-meta":"","header-below-stick-meta":"","astra-migrate-meta-layouts":"default","ast-page-background-enabled":"default","ast-page-background-meta":{"desktop":{"background-color":"var(--ast-global-color-4)","background-image":"","background-repeat":"repeat","background-position":"center center","background-size":"auto","background-attachment":"scroll","background-type":"","background-media":"","overlay-type":"","overlay-color":"","overlay-opacity":"","overlay-gradient":""},"tablet":{"background-color":"","background-image":"","background-repeat":"repeat","background-position":"center center","background-size":"auto","background-attachment":"scroll","background-type":"","background-media":"","overlay-type":"","overlay-color":"","overlay-opacity":"","overlay-gradient":""},"mobile":{"background-color":"","background-image":"","background-repeat":"repeat","background-position":"center center","background-size":"auto","background-attachment":"scroll","background-type":"","background-media":"","overlay-type":"","overlay-color":"","overlay-opacity":"","overlay-gradient":""}},"ast-content-background-meta":{"desktop":{"background-color":"var(--ast-global-color-5)","background-image":"","background-repeat":"repeat","background-position":"center center","background-size":"auto","background-attachment":"scroll","background-type":"","background-media":"","overlay-type":"","overlay-color":"","overlay-opacity":"","overlay-gradient":""},"tablet":{"background-color":"var(--ast-global-color-5)","background-image":"","background-repeat":"repeat","background-position":"center center","background-size":"auto","background-attachment":"scroll","background-type":"","background-media":"","overlay-type":"","overlay-color":"","overlay-opacity":"","overlay-gradient":""},"mobile":{"background-color":"var(--ast-global-color-5)","background-image":"","background-repeat":"repeat","background-position":"center center","background-size":"auto","background-attachment":"scroll","background-type":"","background-media":"","overlay-type":"","overlay-color":"","overlay-opacity":"","overlay-gradient":""}}},"product_brand":[],"product_cat":[15,266],"product_tag":[32,352,312,341,459],"class_list":{"0":"post-583097","1":"product","2":"type-product","3":"status-publish","4":"has-post-thumbnail","6":"product_cat-tus-juguetes-favoritos","7":"product_cat-munecas-fashion","8":"product_tag-3-anos","9":"product_tag-accesorios","10":"product_tag-barbie","11":"product_tag-casa","12":"product_tag-muneca","13":"desktop-align-left","14":"tablet-align-left","15":"mobile-align-left","17":"first","18":"instock","19":"taxable","20":"shipping-taxable","21":"purchasable","22":"product-type-simple"},"aioseo_notices":[],"jetpack_sharing_enabled":true,"jetpack_likes_enabled":true,"_links":{"self":[{"href":"https:\/\/sapoencantado.es\/index.php\/wp-json\/wp\/v2\/product\/583097","targetHints":{"allow":["GET"]}}],"collection":[{"href":"https:\/\/sapoencantado.es\/index.php\/wp-json\/wp\/v2\/product"}],"about":[{"href":"https:\/\/sapoencantado.es\/index.php\/wp-json\/wp\/v2\/types\/product"}],"replies":[{"embeddable":true,"href":"https:\/\/sapoencantado.es\/index.php\/wp-json\/wp\/v2\/comments?post=583097"}],"wp:featuredmedia":[{"embeddable":true,"href":"https:\/\/sapoencantado.es\/index.php\/wp-json\/wp\/v2\/media\/583092"}],"wp:attachment":[{"href":"https:\/\/sapoencantado.es\/index.php\/wp-json\/wp\/v2\/media?parent=583097"}],"wp:term":[{"taxonomy":"product_brand","embeddable":true,"href":"https:\/\/sapoencantado.es\/index.php\/wp-json\/wp\/v2\/product_brand?post=583097"},{"taxonomy":"product_cat","embeddable":true,"href":"https:\/\/sapoencantado.es\/index.php\/wp-json\/wp\/v2\/product_cat?post=583097"},{"taxonomy":"product_tag","embeddable":true,"href":"https:\/\/sapoencantado.es\/index.php\/wp-json\/wp\/v2\/product_tag?post=583097"}],"curies":[{"name":"wp","href":"https:\/\/api.w.org\/{rel}","templated":true}]}}