{"id":583103,"date":"2024-09-18T17:46:03","date_gmt":"2024-09-18T17:46:03","guid":{"rendered":"https:\/\/sapoencantado.es\/index.php\/producto\/disney-wish-asha-con-accesorios-hpx25-disney-wish\/"},"modified":"2025-01-10T23:27:53","modified_gmt":"2025-01-10T22:27:53","slug":"disney-wish-asha-con-accesorios","status":"publish","type":"product","link":"https:\/\/sapoencantado.es\/index.php\/producto\/disney-wish-asha-con-accesorios\/","title":{"rendered":"DISNEY WISH ASHA CON ACCESORIOS HPX25 DISNEY WISH"},"content":{"rendered":"<p>DISNEY WISH ASHA CON ACCESORIOS<\/p>\n<p>Inspirado en \u0093Wish\u0094, de Walt Disney Animation Studios, el Pack de aventuras de Asha del Reino de Rosas permite recrear escenas de esta memorable pel\u00edcula musical de dibujos animados. Asha, Valentino y Star cuentan con diferentes accesorios, como el libro, el bolso y el chal de Asha. \u00a1Valentino tambi\u00e9n puede sentarse y sacar la lengua! Gracias a los fant\u00e1sticos detalles de Asha, como su caracter\u00edstico atuendo intercambiable y su suave pelo trenzado, el Pack de aventuras les permitir\u00e1 dar rienda suelta a su imaginaci\u00f3n y disfrutar creando un sinf\u00edn de historias en el mundo de \u0093Wish\u0094.<\/p>\n","protected":false},"excerpt":{"rendered":"<p>Mu\u00f1eca Disney Wish Asha con Accesorios<\/p>\n","protected":false},"featured_media":583098,"comment_status":"open","ping_status":"closed","template":"","meta":{"_monsterinsights_skip_tracking":false,"_monsterinsights_sitenote_active":false,"_monsterinsights_sitenote_note":"","_monsterinsights_sitenote_category":0,"site-sidebar-layout":"default","site-content-layout":"","ast-site-content-layout":"default","site-content-style":"default","site-sidebar-style":"default","ast-global-header-display":"","ast-banner-title-visibility":"","ast-main-header-display":"","ast-hfb-above-header-display":"","ast-hfb-below-header-display":"","ast-hfb-mobile-header-display":"","site-post-title":"","ast-breadcrumbs-content":"","ast-featured-img":"","footer-sml-layout":"","ast-disable-related-posts":"","theme-transparent-header-meta":"default","adv-header-id-meta":"","stick-header-meta":"","header-above-stick-meta":"","header-main-stick-meta":"","header-below-stick-meta":"","astra-migrate-meta-layouts":"set","ast-page-background-enabled":"default","ast-page-background-meta":{"desktop":{"background-color":"var(--ast-global-color-4)","background-image":"","background-repeat":"repeat","background-position":"center center","background-size":"auto","background-attachment":"scroll","background-type":"","background-media":"","overlay-type":"","overlay-color":"","overlay-opacity":"","overlay-gradient":""},"tablet":{"background-color":"","background-image":"","background-repeat":"repeat","background-position":"center center","background-size":"auto","background-attachment":"scroll","background-type":"","background-media":"","overlay-type":"","overlay-color":"","overlay-opacity":"","overlay-gradient":""},"mobile":{"background-color":"","background-image":"","background-repeat":"repeat","background-position":"center center","background-size":"auto","background-attachment":"scroll","background-type":"","background-media":"","overlay-type":"","overlay-color":"","overlay-opacity":"","overlay-gradient":""}},"ast-content-background-meta":{"desktop":{"background-color":"var(--ast-global-color-5)","background-image":"","background-repeat":"repeat","background-position":"center center","background-size":"auto","background-attachment":"scroll","background-type":"","background-media":"","overlay-type":"","overlay-color":"","overlay-opacity":"","overlay-gradient":""},"tablet":{"background-color":"var(--ast-global-color-5)","background-image":"","background-repeat":"repeat","background-position":"center center","background-size":"auto","background-attachment":"scroll","background-type":"","background-media":"","overlay-type":"","overlay-color":"","overlay-opacity":"","overlay-gradient":""},"mobile":{"background-color":"var(--ast-global-color-5)","background-image":"","background-repeat":"repeat","background-position":"center center","background-size":"auto","background-attachment":"scroll","background-type":"","background-media":"","overlay-type":"","overlay-color":"","overlay-opacity":"","overlay-gradient":""}}},"product_brand":[],"product_cat":[15,266],"product_tag":[32,429,467,342],"class_list":{"0":"post-583103","1":"product","2":"type-product","3":"status-publish","4":"has-post-thumbnail","6":"product_cat-tus-juguetes-favoritos","7":"product_cat-munecas-fashion","8":"product_tag-3-anos","9":"product_tag-disney","10":"product_tag-mattel","11":"product_tag-munecas","12":"desktop-align-left","13":"tablet-align-left","14":"mobile-align-left","16":"first","17":"instock","18":"taxable","19":"shipping-taxable","20":"purchasable","21":"product-type-simple"},"aioseo_notices":[],"jetpack_sharing_enabled":true,"jetpack_likes_enabled":true,"_links":{"self":[{"href":"https:\/\/sapoencantado.es\/index.php\/wp-json\/wp\/v2\/product\/583103","targetHints":{"allow":["GET"]}}],"collection":[{"href":"https:\/\/sapoencantado.es\/index.php\/wp-json\/wp\/v2\/product"}],"about":[{"href":"https:\/\/sapoencantado.es\/index.php\/wp-json\/wp\/v2\/types\/product"}],"replies":[{"embeddable":true,"href":"https:\/\/sapoencantado.es\/index.php\/wp-json\/wp\/v2\/comments?post=583103"}],"wp:featuredmedia":[{"embeddable":true,"href":"https:\/\/sapoencantado.es\/index.php\/wp-json\/wp\/v2\/media\/583098"}],"wp:attachment":[{"href":"https:\/\/sapoencantado.es\/index.php\/wp-json\/wp\/v2\/media?parent=583103"}],"wp:term":[{"taxonomy":"product_brand","embeddable":true,"href":"https:\/\/sapoencantado.es\/index.php\/wp-json\/wp\/v2\/product_brand?post=583103"},{"taxonomy":"product_cat","embeddable":true,"href":"https:\/\/sapoencantado.es\/index.php\/wp-json\/wp\/v2\/product_cat?post=583103"},{"taxonomy":"product_tag","embeddable":true,"href":"https:\/\/sapoencantado.es\/index.php\/wp-json\/wp\/v2\/product_tag?post=583103"}],"curies":[{"name":"wp","href":"https:\/\/api.w.org\/{rel}","templated":true}]}}