{"id":583148,"date":"2024-09-19T17:23:45","date_gmt":"2024-09-19T17:23:45","guid":{"rendered":"https:\/\/sapoencantado.es\/index.php\/producto\/muneca-city-dessa-dalmatian-y-familia-hkn14-enchantimals\/"},"modified":"2025-11-21T13:25:20","modified_gmt":"2025-11-21T12:25:20","slug":"muneca-city-dessa-dalmatian-y-familia-hkn14-enchantimals","status":"publish","type":"product","link":"https:\/\/sapoencantado.es\/index.php\/producto\/muneca-city-dessa-dalmatian-y-familia-hkn14-enchantimals\/","title":{"rendered":"MU\u00d1ECA CITY DESSA DALMATIAN Y FAMILIA HKN14 ENCHANTIMALS"},"content":{"rendered":"<p>Descubre a las Enchantimals, un adorable grupo de personajes que comparten un v\u00ednculo especial con sus mascotas, \u00a1que son sus mejores amigas! Siempre van juntas y, \u00a1hasta se parecen! Cada uno de estos surtidos familiares de Enchantimals incluye una mu\u00f1eca (15,2cm) y 3 o 4 amigos animales. Para que puedas juguetear con la moda, estas mu\u00f1ecas llevan faldas, zapatos y accesorios intercambiables. Sus mejores amigos, los animalitos, son muy adorables, cada uno con su propia personalidad. A los m\u00e1s peque\u00f1os les encantar\u00e1 jugar con esta familia tan especial de Enchantimals. Y ahora, con m\u00e1s personajes, \u00a1la diversi\u00f3n se multiplica! Colecci\u00f3nalas todas para ampliar tu mundo de Enchantimals. Se venden por separado y est\u00e1n sujetos a disponibilidad. Los colores y la decoraci\u00f3n pueden variar.<\/p>\n","protected":false},"excerpt":{"rendered":"<p>Mu\u00f1ecas Enchantimals con accesorios<\/p>\n","protected":false},"featured_media":583145,"comment_status":"open","ping_status":"closed","template":"","meta":{"_monsterinsights_skip_tracking":false,"_monsterinsights_sitenote_active":false,"_monsterinsights_sitenote_note":"","_monsterinsights_sitenote_category":0,"site-sidebar-layout":"default","site-content-layout":"","ast-site-content-layout":"default","site-content-style":"default","site-sidebar-style":"default","ast-global-header-display":"","ast-banner-title-visibility":"","ast-main-header-display":"","ast-hfb-above-header-display":"","ast-hfb-below-header-display":"","ast-hfb-mobile-header-display":"","site-post-title":"","ast-breadcrumbs-content":"","ast-featured-img":"","footer-sml-layout":"","ast-disable-related-posts":"","theme-transparent-header-meta":"","adv-header-id-meta":"","stick-header-meta":"","header-above-stick-meta":"","header-main-stick-meta":"","header-below-stick-meta":"","astra-migrate-meta-layouts":"default","ast-page-background-enabled":"default","ast-page-background-meta":{"desktop":{"background-color":"var(--ast-global-color-4)","background-image":"","background-repeat":"repeat","background-position":"center center","background-size":"auto","background-attachment":"scroll","background-type":"","background-media":"","overlay-type":"","overlay-color":"","overlay-opacity":"","overlay-gradient":""},"tablet":{"background-color":"","background-image":"","background-repeat":"repeat","background-position":"center center","background-size":"auto","background-attachment":"scroll","background-type":"","background-media":"","overlay-type":"","overlay-color":"","overlay-opacity":"","overlay-gradient":""},"mobile":{"background-color":"","background-image":"","background-repeat":"repeat","background-position":"center center","background-size":"auto","background-attachment":"scroll","background-type":"","background-media":"","overlay-type":"","overlay-color":"","overlay-opacity":"","overlay-gradient":""}},"ast-content-background-meta":{"desktop":{"background-color":"var(--ast-global-color-5)","background-image":"","background-repeat":"repeat","background-position":"center center","background-size":"auto","background-attachment":"scroll","background-type":"","background-media":"","overlay-type":"","overlay-color":"","overlay-opacity":"","overlay-gradient":""},"tablet":{"background-color":"var(--ast-global-color-5)","background-image":"","background-repeat":"repeat","background-position":"center center","background-size":"auto","background-attachment":"scroll","background-type":"","background-media":"","overlay-type":"","overlay-color":"","overlay-opacity":"","overlay-gradient":""},"mobile":{"background-color":"var(--ast-global-color-5)","background-image":"","background-repeat":"repeat","background-position":"center center","background-size":"auto","background-attachment":"scroll","background-type":"","background-media":"","overlay-type":"","overlay-color":"","overlay-opacity":"","overlay-gradient":""}}},"product_brand":[],"product_cat":[15,267],"product_tag":[32,352,473,342],"class_list":{"0":"post-583148","1":"product","2":"type-product","3":"status-publish","4":"has-post-thumbnail","6":"product_cat-tus-juguetes-favoritos","7":"product_cat-munecas-mini","8":"product_tag-3-anos","9":"product_tag-accesorios","10":"product_tag-enchantimals","11":"product_tag-munecas","12":"desktop-align-left","13":"tablet-align-left","14":"mobile-align-left","16":"first","17":"instock","18":"sale","19":"taxable","20":"shipping-taxable","21":"purchasable","22":"product-type-simple"},"aioseo_notices":[],"jetpack_sharing_enabled":true,"jetpack_likes_enabled":true,"_links":{"self":[{"href":"https:\/\/sapoencantado.es\/index.php\/wp-json\/wp\/v2\/product\/583148","targetHints":{"allow":["GET"]}}],"collection":[{"href":"https:\/\/sapoencantado.es\/index.php\/wp-json\/wp\/v2\/product"}],"about":[{"href":"https:\/\/sapoencantado.es\/index.php\/wp-json\/wp\/v2\/types\/product"}],"replies":[{"embeddable":true,"href":"https:\/\/sapoencantado.es\/index.php\/wp-json\/wp\/v2\/comments?post=583148"}],"wp:featuredmedia":[{"embeddable":true,"href":"https:\/\/sapoencantado.es\/index.php\/wp-json\/wp\/v2\/media\/583145"}],"wp:attachment":[{"href":"https:\/\/sapoencantado.es\/index.php\/wp-json\/wp\/v2\/media?parent=583148"}],"wp:term":[{"taxonomy":"product_brand","embeddable":true,"href":"https:\/\/sapoencantado.es\/index.php\/wp-json\/wp\/v2\/product_brand?post=583148"},{"taxonomy":"product_cat","embeddable":true,"href":"https:\/\/sapoencantado.es\/index.php\/wp-json\/wp\/v2\/product_cat?post=583148"},{"taxonomy":"product_tag","embeddable":true,"href":"https:\/\/sapoencantado.es\/index.php\/wp-json\/wp\/v2\/product_tag?post=583148"}],"curies":[{"name":"wp","href":"https:\/\/api.w.org\/{rel}","templated":true}]}}