{"id":583168,"date":"2024-09-19T18:36:03","date_gmt":"2024-09-19T18:36:03","guid":{"rendered":"https:\/\/sapoencantado.es\/index.php\/producto\/muneca-enchantimals-danessa-deer-con-casa-ciervo-gyj18\/"},"modified":"2024-11-15T19:11:26","modified_gmt":"2024-11-15T18:11:26","slug":"muneca-enchantimals-danessa-deer-con-casa-ciervo-gyj18","status":"publish","type":"product","link":"https:\/\/sapoencantado.es\/index.php\/producto\/muneca-enchantimals-danessa-deer-con-casa-ciervo-gyj18\/","title":{"rendered":"MU\u00d1ECA ENCHANTIMALS DANESSA DEER CON CASA CIERVO GYJ18"},"content":{"rendered":"<p>Bienvenida al carruaje real de Enchantimals! Con 4 \u00e1reas de juego, m\u00e1s de 15 piezas y una altura de 53 cm, este conjunto ofrece interminables horas de diversi\u00f3n. \u00a1A Danessa Deer y a Sprint les encanta disfrutar de momentos acogedores en su casa! Tomad algo en la cocina al aire libre, acurrucaos en el sof\u00e1 de la sala de estar, arreglaos juntos en el ba\u00f1o o so\u00f1ad con los angelitos en el dormitorio de arriba. \u00a1Invita a otros amigos de Enchantimals a casa para aumentar la diversi\u00f3n! (Se venden por separado) \u00a1Las m\u00e1s peque\u00f1as podr\u00e1n revivir la amistad tan especial que une a las mu\u00f1ecas de Danessa Deer y Sprint de Enchantimals en su hogar dulce hogar! Los colores y la decoraci\u00f3n pueden ser distintos de los mostrados.<\/p>\n","protected":false},"excerpt":{"rendered":"<p>MU\u00d1ECA ENCHANTIMALS DANESSA DEER CON CASA CIERVO GYJ18<\/p>\n","protected":false},"featured_media":583165,"comment_status":"open","ping_status":"closed","template":"","meta":{"_monsterinsights_skip_tracking":false,"_monsterinsights_sitenote_active":false,"_monsterinsights_sitenote_note":"","_monsterinsights_sitenote_category":0,"site-sidebar-layout":"default","site-content-layout":"","ast-site-content-layout":"default","site-content-style":"default","site-sidebar-style":"default","ast-global-header-display":"","ast-banner-title-visibility":"","ast-main-header-display":"","ast-hfb-above-header-display":"","ast-hfb-below-header-display":"","ast-hfb-mobile-header-display":"","site-post-title":"","ast-breadcrumbs-content":"","ast-featured-img":"","footer-sml-layout":"","ast-disable-related-posts":"","theme-transparent-header-meta":"","adv-header-id-meta":"","stick-header-meta":"","header-above-stick-meta":"","header-main-stick-meta":"","header-below-stick-meta":"","astra-migrate-meta-layouts":"default","ast-page-background-enabled":"default","ast-page-background-meta":{"desktop":{"background-color":"var(--ast-global-color-4)","background-image":"","background-repeat":"repeat","background-position":"center center","background-size":"auto","background-attachment":"scroll","background-type":"","background-media":"","overlay-type":"","overlay-color":"","overlay-opacity":"","overlay-gradient":""},"tablet":{"background-color":"","background-image":"","background-repeat":"repeat","background-position":"center center","background-size":"auto","background-attachment":"scroll","background-type":"","background-media":"","overlay-type":"","overlay-color":"","overlay-opacity":"","overlay-gradient":""},"mobile":{"background-color":"","background-image":"","background-repeat":"repeat","background-position":"center center","background-size":"auto","background-attachment":"scroll","background-type":"","background-media":"","overlay-type":"","overlay-color":"","overlay-opacity":"","overlay-gradient":""}},"ast-content-background-meta":{"desktop":{"background-color":"var(--ast-global-color-5)","background-image":"","background-repeat":"repeat","background-position":"center center","background-size":"auto","background-attachment":"scroll","background-type":"","background-media":"","overlay-type":"","overlay-color":"","overlay-opacity":"","overlay-gradient":""},"tablet":{"background-color":"var(--ast-global-color-5)","background-image":"","background-repeat":"repeat","background-position":"center center","background-size":"auto","background-attachment":"scroll","background-type":"","background-media":"","overlay-type":"","overlay-color":"","overlay-opacity":"","overlay-gradient":""},"mobile":{"background-color":"var(--ast-global-color-5)","background-image":"","background-repeat":"repeat","background-position":"center center","background-size":"auto","background-attachment":"scroll","background-type":"","background-media":"","overlay-type":"","overlay-color":"","overlay-opacity":"","overlay-gradient":""}}},"product_brand":[],"product_cat":[265,15],"product_tag":[32,341,473,467,342],"class_list":{"0":"post-583168","1":"product","2":"type-product","3":"status-publish","4":"has-post-thumbnail","6":"product_cat-casas-de-munecas","7":"product_cat-tus-juguetes-favoritos","8":"product_tag-3-anos","9":"product_tag-casa","10":"product_tag-enchantimals","11":"product_tag-mattel","12":"product_tag-munecas","13":"desktop-align-left","14":"tablet-align-left","15":"mobile-align-left","17":"first","18":"instock","19":"sale","20":"taxable","21":"shipping-taxable","22":"purchasable","23":"product-type-simple"},"aioseo_notices":[],"jetpack_sharing_enabled":true,"jetpack_likes_enabled":true,"_links":{"self":[{"href":"https:\/\/sapoencantado.es\/index.php\/wp-json\/wp\/v2\/product\/583168","targetHints":{"allow":["GET"]}}],"collection":[{"href":"https:\/\/sapoencantado.es\/index.php\/wp-json\/wp\/v2\/product"}],"about":[{"href":"https:\/\/sapoencantado.es\/index.php\/wp-json\/wp\/v2\/types\/product"}],"replies":[{"embeddable":true,"href":"https:\/\/sapoencantado.es\/index.php\/wp-json\/wp\/v2\/comments?post=583168"}],"wp:featuredmedia":[{"embeddable":true,"href":"https:\/\/sapoencantado.es\/index.php\/wp-json\/wp\/v2\/media\/583165"}],"wp:attachment":[{"href":"https:\/\/sapoencantado.es\/index.php\/wp-json\/wp\/v2\/media?parent=583168"}],"wp:term":[{"taxonomy":"product_brand","embeddable":true,"href":"https:\/\/sapoencantado.es\/index.php\/wp-json\/wp\/v2\/product_brand?post=583168"},{"taxonomy":"product_cat","embeddable":true,"href":"https:\/\/sapoencantado.es\/index.php\/wp-json\/wp\/v2\/product_cat?post=583168"},{"taxonomy":"product_tag","embeddable":true,"href":"https:\/\/sapoencantado.es\/index.php\/wp-json\/wp\/v2\/product_tag?post=583168"}],"curies":[{"name":"wp","href":"https:\/\/api.w.org\/{rel}","templated":true}]}}