{"id":583378,"date":"2024-10-04T17:02:42","date_gmt":"2024-10-04T17:02:42","guid":{"rendered":"https:\/\/sapoencantado.es\/index.php\/producto\/jurassic-world-dinosauriovarios-modelos\/"},"modified":"2025-03-18T18:46:05","modified_gmt":"2025-03-18T17:46:05","slug":"jurassic-world-dinosauriovarios-modelos","status":"publish","type":"product","link":"https:\/\/sapoencantado.es\/index.php\/producto\/jurassic-world-dinosauriovarios-modelos\/","title":{"rendered":"Jurassic World Dinosaurio Varios Modelos"},"content":{"rendered":"<p>Jurassic World Dinosaurio <\/p>\n<p>\u00a1La colecci\u00f3n Legacy de Jurassic World rinde homenaje a las escenas, las historias y los personajes cl\u00e1sicos de la saga que ha cosechado un gran \u00e9xito de taquilla! Esta colecci\u00f3n especial de figuras de dinosaurios articuladas incluye algunos dinosaurios emblem\u00e1ticos y otros exclusivos. Adem\u00e1s, cada figura de dinosaurio cuenta con un movimiento de ATAQUE diferente y espec\u00edfico de la especie, desde embestidas hasta zarpazos y mucho m\u00e1s. El dise\u00f1o, las texturas y los colores realistas tambi\u00e9n son distintivos de estas figuras de acci\u00f3n listas para la batalla. \u00a1Haz que estos dinosaurios COBREN VIDA con un juego digital adicional de Realidad Aumentada (RA)! \u00a1Atr\u00e9vete a ver lo REAL que puede llegar a ser jugar con dinosaurios! Solo tienes que escanear el c\u00f3digo de ADN oculto con cualquier dispositivo inteligente para desbloquear las experiencias de RA en la aplicaci\u00f3n gratuita Jurassic World Facts.<\/p>\n<p>Dispositivo inteligente no incluido.<br \/>\nLas figuras se venden por separado y est\u00e1n sujetas a disponibilidad.<br \/>\nLos colores y la decoraci\u00f3n pueden variar.<\/p>\n<p>ADVERTENCIA:<br \/>\nNo conviene para ni\u00f1os menores de 36 meses. Piezas peque\u00f1as.<\/p>\n","protected":false},"excerpt":{"rendered":"<p>Dinosaurios surtidos Legacy Jurasic<\/p>\n","protected":false},"featured_media":583372,"comment_status":"open","ping_status":"closed","template":"","meta":{"_monsterinsights_skip_tracking":false,"_monsterinsights_sitenote_active":false,"_monsterinsights_sitenote_note":"","_monsterinsights_sitenote_category":0,"site-sidebar-layout":"default","site-content-layout":"","ast-site-content-layout":"default","site-content-style":"default","site-sidebar-style":"default","ast-global-header-display":"","ast-banner-title-visibility":"","ast-main-header-display":"","ast-hfb-above-header-display":"","ast-hfb-below-header-display":"","ast-hfb-mobile-header-display":"","site-post-title":"","ast-breadcrumbs-content":"","ast-featured-img":"","footer-sml-layout":"","ast-disable-related-posts":"","theme-transparent-header-meta":"default","adv-header-id-meta":"","stick-header-meta":"","header-above-stick-meta":"","header-main-stick-meta":"","header-below-stick-meta":"","astra-migrate-meta-layouts":"set","ast-page-background-enabled":"default","ast-page-background-meta":{"desktop":{"background-color":"var(--ast-global-color-4)","background-image":"","background-repeat":"repeat","background-position":"center center","background-size":"auto","background-attachment":"scroll","background-type":"","background-media":"","overlay-type":"","overlay-color":"","overlay-opacity":"","overlay-gradient":""},"tablet":{"background-color":"","background-image":"","background-repeat":"repeat","background-position":"center center","background-size":"auto","background-attachment":"scroll","background-type":"","background-media":"","overlay-type":"","overlay-color":"","overlay-opacity":"","overlay-gradient":""},"mobile":{"background-color":"","background-image":"","background-repeat":"repeat","background-position":"center center","background-size":"auto","background-attachment":"scroll","background-type":"","background-media":"","overlay-type":"","overlay-color":"","overlay-opacity":"","overlay-gradient":""}},"ast-content-background-meta":{"desktop":{"background-color":"var(--ast-global-color-5)","background-image":"","background-repeat":"repeat","background-position":"center center","background-size":"auto","background-attachment":"scroll","background-type":"","background-media":"","overlay-type":"","overlay-color":"","overlay-opacity":"","overlay-gradient":""},"tablet":{"background-color":"var(--ast-global-color-5)","background-image":"","background-repeat":"repeat","background-position":"center center","background-size":"auto","background-attachment":"scroll","background-type":"","background-media":"","overlay-type":"","overlay-color":"","overlay-opacity":"","overlay-gradient":""},"mobile":{"background-color":"var(--ast-global-color-5)","background-image":"","background-repeat":"repeat","background-position":"center center","background-size":"auto","background-attachment":"scroll","background-type":"","background-media":"","overlay-type":"","overlay-color":"","overlay-opacity":"","overlay-gradient":""}}},"product_brand":[],"product_cat":[248,249,15],"product_tag":[32,291],"class_list":{"0":"post-583378","1":"product","2":"type-product","3":"status-publish","4":"has-post-thumbnail","6":"product_cat-animales","7":"product_cat-dinosaurios","8":"product_cat-tus-juguetes-favoritos","9":"product_tag-3-anos","10":"product_tag-dinosaurio","11":"desktop-align-left","12":"tablet-align-left","13":"mobile-align-left","15":"first","16":"instock","17":"sale","18":"taxable","19":"shipping-taxable","20":"purchasable","21":"product-type-simple"},"aioseo_notices":[],"jetpack_sharing_enabled":true,"jetpack_likes_enabled":true,"_links":{"self":[{"href":"https:\/\/sapoencantado.es\/index.php\/wp-json\/wp\/v2\/product\/583378","targetHints":{"allow":["GET"]}}],"collection":[{"href":"https:\/\/sapoencantado.es\/index.php\/wp-json\/wp\/v2\/product"}],"about":[{"href":"https:\/\/sapoencantado.es\/index.php\/wp-json\/wp\/v2\/types\/product"}],"replies":[{"embeddable":true,"href":"https:\/\/sapoencantado.es\/index.php\/wp-json\/wp\/v2\/comments?post=583378"}],"wp:featuredmedia":[{"embeddable":true,"href":"https:\/\/sapoencantado.es\/index.php\/wp-json\/wp\/v2\/media\/583372"}],"wp:attachment":[{"href":"https:\/\/sapoencantado.es\/index.php\/wp-json\/wp\/v2\/media?parent=583378"}],"wp:term":[{"taxonomy":"product_brand","embeddable":true,"href":"https:\/\/sapoencantado.es\/index.php\/wp-json\/wp\/v2\/product_brand?post=583378"},{"taxonomy":"product_cat","embeddable":true,"href":"https:\/\/sapoencantado.es\/index.php\/wp-json\/wp\/v2\/product_cat?post=583378"},{"taxonomy":"product_tag","embeddable":true,"href":"https:\/\/sapoencantado.es\/index.php\/wp-json\/wp\/v2\/product_tag?post=583378"}],"curies":[{"name":"wp","href":"https:\/\/api.w.org\/{rel}","templated":true}]}}