{"id":583613,"date":"2024-10-28T19:15:24","date_gmt":"2024-10-28T19:15:24","guid":{"rendered":"https:\/\/sapoencantado.es\/index.php\/producto\/juego-monopoly-viaja-por-el-mundo-de-hasbro\/"},"modified":"2025-12-23T18:16:51","modified_gmt":"2025-12-23T17:16:51","slug":"juego-monopoly-viaja-por-el-mundo-de-hasbro","status":"publish","type":"product","link":"https:\/\/sapoencantado.es\/index.php\/producto\/juego-monopoly-viaja-por-el-mundo-de-hasbro\/","title":{"rendered":"Monopoly Viaja por el mundo de Hasbro"},"content":{"rendered":"<p>Monopoly Viaja por el mundo<\/p>\n<p>Monopoly en el que visitar\u00e1s diferentes destinos mientras realizas tus objetivos de viaje.<\/p>\n<p>Incluye tablero de borrado en seco, 4 peones con cu\u00f1os autoentintados, 22 cartas de destino, 10 cartas de suerte, 10 cartas de diario de viaje, 2 dados, dinero en billetes de cart\u00f3n e instrucciones.<\/p>\n<p>\u00bfSer\u00e1s el primero en visitar lugares y sellar el tablero?<\/p>\n<p>Cu\u00e1ntas m\u00e1s veces viajes, m\u00e1s cambiar\u00e1 el rumbo de la partida.<\/p>\n<p>\u00bfPreparado para viajar?<\/p>\n<p>Edad recomendada: +8 a\u00f1os.<\/p>\n<p>Advertencias de Seguridad: PELIGRO DE ASFIXIA: contiene piezas peque\u00f1as que podr\u00edan provocar asfixia en caso de ser ingeridas por el ni\u00f1o\/a. No recomendable para menores de 3 a\u00f1os.<\/p>\n","protected":false},"excerpt":{"rendered":"<p>Juego Monopoly Viaja por el mundo Hasbro<\/p>\n","protected":false},"featured_media":583608,"comment_status":"open","ping_status":"closed","template":"","meta":{"_monsterinsights_skip_tracking":false,"_monsterinsights_sitenote_active":false,"_monsterinsights_sitenote_note":"","_monsterinsights_sitenote_category":0,"site-sidebar-layout":"default","site-content-layout":"","ast-site-content-layout":"default","site-content-style":"default","site-sidebar-style":"default","ast-global-header-display":"","ast-banner-title-visibility":"","ast-main-header-display":"","ast-hfb-above-header-display":"","ast-hfb-below-header-display":"","ast-hfb-mobile-header-display":"","site-post-title":"","ast-breadcrumbs-content":"","ast-featured-img":"","footer-sml-layout":"","ast-disable-related-posts":"","theme-transparent-header-meta":"default","adv-header-id-meta":"","stick-header-meta":"","header-above-stick-meta":"","header-main-stick-meta":"","header-below-stick-meta":"","astra-migrate-meta-layouts":"set","ast-page-background-enabled":"default","ast-page-background-meta":{"desktop":{"background-color":"var(--ast-global-color-4)","background-image":"","background-repeat":"repeat","background-position":"center center","background-size":"auto","background-attachment":"scroll","background-type":"","background-media":"","overlay-type":"","overlay-color":"","overlay-opacity":"","overlay-gradient":""},"tablet":{"background-color":"","background-image":"","background-repeat":"repeat","background-position":"center center","background-size":"auto","background-attachment":"scroll","background-type":"","background-media":"","overlay-type":"","overlay-color":"","overlay-opacity":"","overlay-gradient":""},"mobile":{"background-color":"","background-image":"","background-repeat":"repeat","background-position":"center center","background-size":"auto","background-attachment":"scroll","background-type":"","background-media":"","overlay-type":"","overlay-color":"","overlay-opacity":"","overlay-gradient":""}},"ast-content-background-meta":{"desktop":{"background-color":"var(--ast-global-color-5)","background-image":"","background-repeat":"repeat","background-position":"center center","background-size":"auto","background-attachment":"scroll","background-type":"","background-media":"","overlay-type":"","overlay-color":"","overlay-opacity":"","overlay-gradient":""},"tablet":{"background-color":"var(--ast-global-color-5)","background-image":"","background-repeat":"repeat","background-position":"center center","background-size":"auto","background-attachment":"scroll","background-type":"","background-media":"","overlay-type":"","overlay-color":"","overlay-opacity":"","overlay-gradient":""},"mobile":{"background-color":"var(--ast-global-color-5)","background-image":"","background-repeat":"repeat","background-position":"center center","background-size":"auto","background-attachment":"scroll","background-type":"","background-media":"","overlay-type":"","overlay-color":"","overlay-opacity":"","overlay-gradient":""}}},"product_brand":[],"product_cat":[259,15],"product_tag":[51,407,50],"class_list":{"0":"post-583613","1":"product","2":"type-product","3":"status-publish","4":"has-post-thumbnail","6":"product_cat-juegos-de-mesa","7":"product_cat-tus-juguetes-favoritos","8":"product_tag-8-anos","9":"product_tag-hasbro","10":"product_tag-juegos-de-mesa","11":"desktop-align-left","12":"tablet-align-left","13":"mobile-align-left","15":"first","16":"outofstock","17":"sale","18":"taxable","19":"shipping-taxable","20":"purchasable","21":"product-type-simple"},"aioseo_notices":[],"jetpack_sharing_enabled":true,"jetpack_likes_enabled":true,"_links":{"self":[{"href":"https:\/\/sapoencantado.es\/index.php\/wp-json\/wp\/v2\/product\/583613","targetHints":{"allow":["GET"]}}],"collection":[{"href":"https:\/\/sapoencantado.es\/index.php\/wp-json\/wp\/v2\/product"}],"about":[{"href":"https:\/\/sapoencantado.es\/index.php\/wp-json\/wp\/v2\/types\/product"}],"replies":[{"embeddable":true,"href":"https:\/\/sapoencantado.es\/index.php\/wp-json\/wp\/v2\/comments?post=583613"}],"wp:featuredmedia":[{"embeddable":true,"href":"https:\/\/sapoencantado.es\/index.php\/wp-json\/wp\/v2\/media\/583608"}],"wp:attachment":[{"href":"https:\/\/sapoencantado.es\/index.php\/wp-json\/wp\/v2\/media?parent=583613"}],"wp:term":[{"taxonomy":"product_brand","embeddable":true,"href":"https:\/\/sapoencantado.es\/index.php\/wp-json\/wp\/v2\/product_brand?post=583613"},{"taxonomy":"product_cat","embeddable":true,"href":"https:\/\/sapoencantado.es\/index.php\/wp-json\/wp\/v2\/product_cat?post=583613"},{"taxonomy":"product_tag","embeddable":true,"href":"https:\/\/sapoencantado.es\/index.php\/wp-json\/wp\/v2\/product_tag?post=583613"}],"curies":[{"name":"wp","href":"https:\/\/api.w.org\/{rel}","templated":true}]}}