{"id":583634,"date":"2024-10-29T17:23:29","date_gmt":"2024-10-29T17:23:29","guid":{"rendered":"https:\/\/sapoencantado.es\/index.php\/producto\/juegos-spin-master-hedbanz-lightspeed-6-anos\/"},"modified":"2024-11-10T12:03:05","modified_gmt":"2024-11-10T12:03:05","slug":"juegos-spin-master-hedbanz-lightspeed-6-anos","status":"publish","type":"product","link":"https:\/\/sapoencantado.es\/index.php\/producto\/juegos-spin-master-hedbanz-lightspeed-6-anos\/","title":{"rendered":"Hedbanz Lightspeed"},"content":{"rendered":"<p>Hedbanz Lightspeed<\/p>\n<p>\u00a1Prep\u00e1rate para una emocionante noche de juegos en familia con Hedbanz Lightspeed! Este divertido juego de adivinanzas para ni\u00f1os y familias te llevar\u00e1 a una nueva dimensi\u00f3n de diversi\u00f3n con sus luces vibrantes y sonidos emocionantes. Con reglas que cambian en un instante y retos que pondr\u00e1n a prueba tus habilidades de razonamiento, Hedbanz Lightspeed se convertir\u00e1 en tu juego de mesa favorito.<\/p>\n<p>&nbsp;<\/p>\n<p><a href=\"https:\/\/sapoencantado.es\/index.php\/categoria-producto\/juegos-de-mesa\/\">Otros juegos de mesa<\/a><\/p>\n","protected":false},"excerpt":{"rendered":"<p>Juego de mesa Herbanz Lightspeed<\/p>\n","protected":false},"featured_media":583630,"comment_status":"open","ping_status":"closed","template":"","meta":{"_monsterinsights_skip_tracking":false,"_monsterinsights_sitenote_active":false,"_monsterinsights_sitenote_note":"","_monsterinsights_sitenote_category":0,"site-sidebar-layout":"default","site-content-layout":"","ast-site-content-layout":"default","site-content-style":"default","site-sidebar-style":"default","ast-global-header-display":"","ast-banner-title-visibility":"","ast-main-header-display":"","ast-hfb-above-header-display":"","ast-hfb-below-header-display":"","ast-hfb-mobile-header-display":"","site-post-title":"","ast-breadcrumbs-content":"","ast-featured-img":"","footer-sml-layout":"","ast-disable-related-posts":"","theme-transparent-header-meta":"default","adv-header-id-meta":"","stick-header-meta":"","header-above-stick-meta":"","header-main-stick-meta":"","header-below-stick-meta":"","astra-migrate-meta-layouts":"set","ast-page-background-enabled":"default","ast-page-background-meta":{"desktop":{"background-color":"var(--ast-global-color-4)","background-image":"","background-repeat":"repeat","background-position":"center center","background-size":"auto","background-attachment":"scroll","background-type":"","background-media":"","overlay-type":"","overlay-color":"","overlay-opacity":"","overlay-gradient":""},"tablet":{"background-color":"","background-image":"","background-repeat":"repeat","background-position":"center center","background-size":"auto","background-attachment":"scroll","background-type":"","background-media":"","overlay-type":"","overlay-color":"","overlay-opacity":"","overlay-gradient":""},"mobile":{"background-color":"","background-image":"","background-repeat":"repeat","background-position":"center center","background-size":"auto","background-attachment":"scroll","background-type":"","background-media":"","overlay-type":"","overlay-color":"","overlay-opacity":"","overlay-gradient":""}},"ast-content-background-meta":{"desktop":{"background-color":"var(--ast-global-color-5)","background-image":"","background-repeat":"repeat","background-position":"center center","background-size":"auto","background-attachment":"scroll","background-type":"","background-media":"","overlay-type":"","overlay-color":"","overlay-opacity":"","overlay-gradient":""},"tablet":{"background-color":"var(--ast-global-color-5)","background-image":"","background-repeat":"repeat","background-position":"center center","background-size":"auto","background-attachment":"scroll","background-type":"","background-media":"","overlay-type":"","overlay-color":"","overlay-opacity":"","overlay-gradient":""},"mobile":{"background-color":"var(--ast-global-color-5)","background-image":"","background-repeat":"repeat","background-position":"center center","background-size":"auto","background-attachment":"scroll","background-type":"","background-media":"","overlay-type":"","overlay-color":"","overlay-opacity":"","overlay-gradient":""}}},"product_brand":[],"product_cat":[259,15],"product_tag":[76,50,378],"class_list":{"0":"post-583634","1":"product","2":"type-product","3":"status-publish","4":"has-post-thumbnail","6":"product_cat-juegos-de-mesa","7":"product_cat-tus-juguetes-favoritos","8":"product_tag-7-anos","9":"product_tag-juegos-de-mesa","10":"product_tag-spin-master","11":"desktop-align-left","12":"tablet-align-left","13":"mobile-align-left","15":"first","16":"instock","17":"taxable","18":"shipping-taxable","19":"purchasable","20":"product-type-simple"},"aioseo_notices":[],"jetpack_sharing_enabled":true,"jetpack_likes_enabled":true,"_links":{"self":[{"href":"https:\/\/sapoencantado.es\/index.php\/wp-json\/wp\/v2\/product\/583634","targetHints":{"allow":["GET"]}}],"collection":[{"href":"https:\/\/sapoencantado.es\/index.php\/wp-json\/wp\/v2\/product"}],"about":[{"href":"https:\/\/sapoencantado.es\/index.php\/wp-json\/wp\/v2\/types\/product"}],"replies":[{"embeddable":true,"href":"https:\/\/sapoencantado.es\/index.php\/wp-json\/wp\/v2\/comments?post=583634"}],"wp:featuredmedia":[{"embeddable":true,"href":"https:\/\/sapoencantado.es\/index.php\/wp-json\/wp\/v2\/media\/583630"}],"wp:attachment":[{"href":"https:\/\/sapoencantado.es\/index.php\/wp-json\/wp\/v2\/media?parent=583634"}],"wp:term":[{"taxonomy":"product_brand","embeddable":true,"href":"https:\/\/sapoencantado.es\/index.php\/wp-json\/wp\/v2\/product_brand?post=583634"},{"taxonomy":"product_cat","embeddable":true,"href":"https:\/\/sapoencantado.es\/index.php\/wp-json\/wp\/v2\/product_cat?post=583634"},{"taxonomy":"product_tag","embeddable":true,"href":"https:\/\/sapoencantado.es\/index.php\/wp-json\/wp\/v2\/product_tag?post=583634"}],"curies":[{"name":"wp","href":"https:\/\/api.w.org\/{rel}","templated":true}]}}