{"id":583644,"date":"2024-10-29T18:03:55","date_gmt":"2024-10-29T18:03:55","guid":{"rendered":"https:\/\/sapoencantado.es\/index.php\/producto\/funko-pop-la-sirenita-pack\/"},"modified":"2024-10-30T20:06:25","modified_gmt":"2024-10-30T20:06:25","slug":"funko-pop-la-sirenita-pack","status":"publish","type":"product","link":"https:\/\/sapoencantado.es\/index.php\/producto\/funko-pop-la-sirenita-pack\/","title":{"rendered":"Funko Pop La Sirenita Pack"},"content":{"rendered":"<p><strong>Funko Pop La Sirenita Pack<\/strong><\/p>\n<p>El pack de Funko Pop La Sirenita es la incorporaci\u00f3n perfecta para cualquier coleccionista y fan\u00e1tico de Disney. Este conjunto exclusivo incluye cuatro figuras ic\u00f3nicas: Ariel, el Pr\u00edncipe Eric, Scuttle y Ursula, cada una con detalles exquisitos que capturan la esencia de estos personajes entra\u00f1ables. La presentaci\u00f3n en conjunto ofrece una experiencia completa, recreando el m\u00e1gico mundo submarino en tu hogar. Las figuras est\u00e1n fabricadas con materiales de alta calidad, asegurando durabilidad y una apariencia impecable, ideal para exhibir en cualquier espacio. Cada personaje viene con caracter\u00edsticas \u00fanicas que reflejan su personalidad y dise\u00f1o original. Adem\u00e1s de ser un art\u00edculo de colecci\u00f3n, este pack tambi\u00e9n es un excelente regalo para los amantes de La Sirenita, proporcionando horas de diversi\u00f3n y nostalgia. La inclusi\u00f3n de personajes tanto heroicos como villanos a\u00f1ade un equilibrio perfecto, permitiendo recrear las escenas favoritas de la pel\u00edcula. No dejes pasar la oportunidad de poseer este exclusivo set de Funko Pop. Es un tesoro indispensable para cualquier aficionado de Disney, que no solo embellece tu colecci\u00f3n, sino que tambi\u00e9n evoca los recuerdos y la magia de la cl\u00e1sica historia de La Sirenita.<\/p>\n","protected":false},"excerpt":{"rendered":"<p>Funko Pop La Sirenita pack de 4<\/p>\n","protected":false},"featured_media":583641,"comment_status":"open","ping_status":"closed","template":"","meta":{"_monsterinsights_skip_tracking":false,"_monsterinsights_sitenote_active":false,"_monsterinsights_sitenote_note":"","_monsterinsights_sitenote_category":0,"site-sidebar-layout":"default","site-content-layout":"","ast-site-content-layout":"default","site-content-style":"default","site-sidebar-style":"default","ast-global-header-display":"","ast-banner-title-visibility":"","ast-main-header-display":"","ast-hfb-above-header-display":"","ast-hfb-below-header-display":"","ast-hfb-mobile-header-display":"","site-post-title":"","ast-breadcrumbs-content":"","ast-featured-img":"","footer-sml-layout":"","ast-disable-related-posts":"","theme-transparent-header-meta":"default","adv-header-id-meta":"","stick-header-meta":"","header-above-stick-meta":"","header-main-stick-meta":"","header-below-stick-meta":"","astra-migrate-meta-layouts":"set","ast-page-background-enabled":"default","ast-page-background-meta":{"desktop":{"background-color":"var(--ast-global-color-4)","background-image":"","background-repeat":"repeat","background-position":"center center","background-size":"auto","background-attachment":"scroll","background-type":"","background-media":"","overlay-type":"","overlay-color":"","overlay-opacity":"","overlay-gradient":""},"tablet":{"background-color":"","background-image":"","background-repeat":"repeat","background-position":"center center","background-size":"auto","background-attachment":"scroll","background-type":"","background-media":"","overlay-type":"","overlay-color":"","overlay-opacity":"","overlay-gradient":""},"mobile":{"background-color":"","background-image":"","background-repeat":"repeat","background-position":"center center","background-size":"auto","background-attachment":"scroll","background-type":"","background-media":"","overlay-type":"","overlay-color":"","overlay-opacity":"","overlay-gradient":""}},"ast-content-background-meta":{"desktop":{"background-color":"var(--ast-global-color-5)","background-image":"","background-repeat":"repeat","background-position":"center center","background-size":"auto","background-attachment":"scroll","background-type":"","background-media":"","overlay-type":"","overlay-color":"","overlay-opacity":"","overlay-gradient":""},"tablet":{"background-color":"var(--ast-global-color-5)","background-image":"","background-repeat":"repeat","background-position":"center center","background-size":"auto","background-attachment":"scroll","background-type":"","background-media":"","overlay-type":"","overlay-color":"","overlay-opacity":"","overlay-gradient":""},"mobile":{"background-color":"var(--ast-global-color-5)","background-image":"","background-repeat":"repeat","background-position":"center center","background-size":"auto","background-attachment":"scroll","background-type":"","background-media":"","overlay-type":"","overlay-color":"","overlay-opacity":"","overlay-gradient":""}}},"product_brand":[],"product_cat":[258,15],"product_tag":[32,429,486,375,401],"class_list":{"0":"post-583644","1":"product","2":"type-product","3":"status-publish","4":"has-post-thumbnail","6":"product_cat-funko-pop","7":"product_cat-tus-juguetes-favoritos","8":"product_tag-3-anos","9":"product_tag-disney","10":"product_tag-funko-pop","11":"product_tag-princesas","12":"product_tag-sirena","13":"desktop-align-left","14":"tablet-align-left","15":"mobile-align-left","17":"first","18":"instock","19":"taxable","20":"shipping-taxable","21":"purchasable","22":"product-type-simple"},"aioseo_notices":[],"jetpack_sharing_enabled":true,"jetpack_likes_enabled":true,"_links":{"self":[{"href":"https:\/\/sapoencantado.es\/index.php\/wp-json\/wp\/v2\/product\/583644","targetHints":{"allow":["GET"]}}],"collection":[{"href":"https:\/\/sapoencantado.es\/index.php\/wp-json\/wp\/v2\/product"}],"about":[{"href":"https:\/\/sapoencantado.es\/index.php\/wp-json\/wp\/v2\/types\/product"}],"replies":[{"embeddable":true,"href":"https:\/\/sapoencantado.es\/index.php\/wp-json\/wp\/v2\/comments?post=583644"}],"wp:featuredmedia":[{"embeddable":true,"href":"https:\/\/sapoencantado.es\/index.php\/wp-json\/wp\/v2\/media\/583641"}],"wp:attachment":[{"href":"https:\/\/sapoencantado.es\/index.php\/wp-json\/wp\/v2\/media?parent=583644"}],"wp:term":[{"taxonomy":"product_brand","embeddable":true,"href":"https:\/\/sapoencantado.es\/index.php\/wp-json\/wp\/v2\/product_brand?post=583644"},{"taxonomy":"product_cat","embeddable":true,"href":"https:\/\/sapoencantado.es\/index.php\/wp-json\/wp\/v2\/product_cat?post=583644"},{"taxonomy":"product_tag","embeddable":true,"href":"https:\/\/sapoencantado.es\/index.php\/wp-json\/wp\/v2\/product_tag?post=583644"}],"curies":[{"name":"wp","href":"https:\/\/api.w.org\/{rel}","templated":true}]}}