{"id":583949,"date":"2024-11-12T17:07:57","date_gmt":"2024-11-12T16:07:57","guid":{"rendered":"https:\/\/sapoencantado.es\/?post_type=product&#038;p=583949"},"modified":"2025-02-17T11:59:50","modified_gmt":"2025-02-17T10:59:50","slug":"aquaman-double-strike","status":"publish","type":"product","link":"https:\/\/sapoencantado.es\/index.php\/producto\/aquaman-double-strike\/","title":{"rendered":"Aquaman Double Strike"},"content":{"rendered":"<p>Aquaman Double Strike<\/p>\n<p>DOUBLE STRIKE AQUAMAN: La figura de acci\u00f3n Double Strike Aquaman de 30 cm presenta un dise\u00f1o exclusivo de Stealth Suit con estilo cinematogr\u00e1fico aut\u00e9ntico, brindando una apariencia \u00fanica y poderosa al ic\u00f3nico superh\u00e9roe.<br \/>\nLUCES Y SONIDOS INTERACTIVOS: Experimenta el mundo de Aquaman con luces y sonidos interactivos que dan vida a tus aventuras, con efectos de sonido din\u00e1micos y frases de la pel\u00edcula Aquaman.<br \/>\nBASTONES ILUMINADOS OSCILANTES: Defiende el reino con los bastones de Aquaman que se balancean y se iluminan cuando mueves la pesta\u00f1a en la espalda de la figura, a\u00f1adiendo una chispa extra a tus batallas y expediciones submarinas.<br \/>\n11 PUNTOS DE ARTICULACI\u00d3N: Con 11 puntos de articulaci\u00f3n, crea innumerables poses llenas de acci\u00f3n y aprecia el estilo cinematogr\u00e1fico aut\u00e9ntico y la escultura detallada inspirada en AQUAMAN Y EL REINO PERDIDO.<\/p>\n","protected":false},"excerpt":{"rendered":"<p>Aquaman Double Strike DOUBLE STRIKE AQUAMAN: La figura de acci\u00f3n Double Strike Aquaman de 30 cm presenta un dise\u00f1o exclusivo de Stealth Suit con estilo cinematogr\u00e1fico aut\u00e9ntico, brindando una apariencia \u00fanica y poderosa al ic\u00f3nico superh\u00e9roe. LUCES Y SONIDOS INTERACTIVOS: Experimenta el mundo de Aquaman con luces y sonidos interactivos que dan vida a tus [&hellip;]<\/p>\n","protected":false},"featured_media":583950,"comment_status":"open","ping_status":"closed","template":"","meta":{"_monsterinsights_skip_tracking":false,"_monsterinsights_sitenote_active":false,"_monsterinsights_sitenote_note":"","_monsterinsights_sitenote_category":0,"site-sidebar-layout":"default","site-content-layout":"","ast-site-content-layout":"default","site-content-style":"default","site-sidebar-style":"default","ast-global-header-display":"","ast-banner-title-visibility":"","ast-main-header-display":"","ast-hfb-above-header-display":"","ast-hfb-below-header-display":"","ast-hfb-mobile-header-display":"","site-post-title":"","ast-breadcrumbs-content":"","ast-featured-img":"","footer-sml-layout":"","ast-disable-related-posts":"","theme-transparent-header-meta":"default","adv-header-id-meta":"","stick-header-meta":"","header-above-stick-meta":"","header-main-stick-meta":"","header-below-stick-meta":"","astra-migrate-meta-layouts":"set","ast-page-background-enabled":"default","ast-page-background-meta":{"desktop":{"background-color":"var(--ast-global-color-4)","background-image":"","background-repeat":"repeat","background-position":"center center","background-size":"auto","background-attachment":"scroll","background-type":"","background-media":"","overlay-type":"","overlay-color":"","overlay-opacity":"","overlay-gradient":""},"tablet":{"background-color":"","background-image":"","background-repeat":"repeat","background-position":"center center","background-size":"auto","background-attachment":"scroll","background-type":"","background-media":"","overlay-type":"","overlay-color":"","overlay-opacity":"","overlay-gradient":""},"mobile":{"background-color":"","background-image":"","background-repeat":"repeat","background-position":"center center","background-size":"auto","background-attachment":"scroll","background-type":"","background-media":"","overlay-type":"","overlay-color":"","overlay-opacity":"","overlay-gradient":""}},"ast-content-background-meta":{"desktop":{"background-color":"var(--ast-global-color-5)","background-image":"","background-repeat":"repeat","background-position":"center center","background-size":"auto","background-attachment":"scroll","background-type":"","background-media":"","overlay-type":"","overlay-color":"","overlay-opacity":"","overlay-gradient":""},"tablet":{"background-color":"var(--ast-global-color-5)","background-image":"","background-repeat":"repeat","background-position":"center center","background-size":"auto","background-attachment":"scroll","background-type":"","background-media":"","overlay-type":"","overlay-color":"","overlay-opacity":"","overlay-gradient":""},"mobile":{"background-color":"var(--ast-global-color-5)","background-image":"","background-repeat":"repeat","background-position":"center center","background-size":"auto","background-attachment":"scroll","background-type":"","background-media":"","overlay-type":"","overlay-color":"","overlay-opacity":"","overlay-gradient":""}}},"product_brand":[],"product_cat":[238,15,240],"product_tag":[],"class_list":{"0":"post-583949","1":"product","2":"type-product","3":"status-publish","4":"has-post-thumbnail","6":"product_cat-juguetes-de-accion","7":"product_cat-tus-juguetes-favoritos","8":"product_cat-superheroes","9":"desktop-align-left","10":"tablet-align-left","11":"mobile-align-left","13":"first","14":"instock","15":"sale","16":"taxable","17":"shipping-taxable","18":"purchasable","19":"product-type-simple"},"aioseo_notices":[],"jetpack_sharing_enabled":true,"jetpack_likes_enabled":true,"_links":{"self":[{"href":"https:\/\/sapoencantado.es\/index.php\/wp-json\/wp\/v2\/product\/583949","targetHints":{"allow":["GET"]}}],"collection":[{"href":"https:\/\/sapoencantado.es\/index.php\/wp-json\/wp\/v2\/product"}],"about":[{"href":"https:\/\/sapoencantado.es\/index.php\/wp-json\/wp\/v2\/types\/product"}],"replies":[{"embeddable":true,"href":"https:\/\/sapoencantado.es\/index.php\/wp-json\/wp\/v2\/comments?post=583949"}],"wp:featuredmedia":[{"embeddable":true,"href":"https:\/\/sapoencantado.es\/index.php\/wp-json\/wp\/v2\/media\/583950"}],"wp:attachment":[{"href":"https:\/\/sapoencantado.es\/index.php\/wp-json\/wp\/v2\/media?parent=583949"}],"wp:term":[{"taxonomy":"product_brand","embeddable":true,"href":"https:\/\/sapoencantado.es\/index.php\/wp-json\/wp\/v2\/product_brand?post=583949"},{"taxonomy":"product_cat","embeddable":true,"href":"https:\/\/sapoencantado.es\/index.php\/wp-json\/wp\/v2\/product_cat?post=583949"},{"taxonomy":"product_tag","embeddable":true,"href":"https:\/\/sapoencantado.es\/index.php\/wp-json\/wp\/v2\/product_tag?post=583949"}],"curies":[{"name":"wp","href":"https:\/\/api.w.org\/{rel}","templated":true}]}}