{"id":584197,"date":"2024-12-03T17:11:37","date_gmt":"2024-12-03T16:11:37","guid":{"rendered":"https:\/\/sapoencantado.es\/index.php\/producto\/camara-de-fotos-hd-disney-stitch\/"},"modified":"2025-12-28T16:55:58","modified_gmt":"2025-12-28T15:55:58","slug":"camara-de-fotos-hd-disney-stitch","status":"publish","type":"product","link":"https:\/\/sapoencantado.es\/index.php\/producto\/camara-de-fotos-hd-disney-stitch\/","title":{"rendered":"Camara de fotos HD Disney Stitch"},"content":{"rendered":"<p>C\u00e1mara de fotos HD Disney Stitch<\/p>\n<p>Con esta adorable c\u00e1mara digital, tus hijos pueden capturar tanto fotograf\u00edas como videos! Gracias a su pantalla LCD de 2 pulgadas y 15 diferentes marcos, pueden editar sus im\u00e1genes a su gusto y disfrutar de la diversi\u00f3n de varias maneras. La c\u00e1mara ofrece un modo de reproducci\u00f3n de archivos de audio favoritos o un modo de grabaci\u00f3n para registrar cualquier m\u00fasica y sonidos. Con el modo de juego, los ni\u00f1os tienen acceso a 5 juegos directamente en la c\u00e1mara para divertirse en cualquier lugar! El video tiene una resoluci\u00f3n de 1920&#215;1080 o 1280&#215;720 en formato AVI, los archivos de audio est\u00e1n en formato WAV y las fotograf\u00edas en formato JPG. Adem\u00e1s, el dispositivo cuenta con un flash incorporado.<\/p>\n<p>La bater\u00eda recargable incorporada se puede cargar con el cable incluido. El paquete incluye una tarjeta SD de 8 GB y la capacidad total del dispositivo es de 32 GB (la tarjeta de 32 GB no est\u00e1 incluida).<\/p>\n","protected":false},"excerpt":{"rendered":"<p>C\u00e1mara de fotos HD Disney Stitch Con esta adorable c\u00e1mara digital, tus hijos pueden capturar tanto fotograf\u00edas como videos! Gracias a su pantalla LCD de 2 pulgadas y 15 diferentes marcos, pueden editar sus im\u00e1genes a su gusto y disfrutar de la diversi\u00f3n de varias maneras. La c\u00e1mara ofrece un modo de reproducci\u00f3n de archivos [&hellip;]<\/p>\n","protected":false},"featured_media":584195,"comment_status":"open","ping_status":"closed","template":"","meta":{"_monsterinsights_skip_tracking":false,"_monsterinsights_sitenote_active":false,"_monsterinsights_sitenote_note":"","_monsterinsights_sitenote_category":0,"site-sidebar-layout":"default","site-content-layout":"","ast-site-content-layout":"default","site-content-style":"default","site-sidebar-style":"default","ast-global-header-display":"","ast-banner-title-visibility":"","ast-main-header-display":"","ast-hfb-above-header-display":"","ast-hfb-below-header-display":"","ast-hfb-mobile-header-display":"","site-post-title":"","ast-breadcrumbs-content":"","ast-featured-img":"","footer-sml-layout":"","ast-disable-related-posts":"","theme-transparent-header-meta":"default","adv-header-id-meta":"","stick-header-meta":"","header-above-stick-meta":"","header-main-stick-meta":"","header-below-stick-meta":"","astra-migrate-meta-layouts":"set","ast-page-background-enabled":"default","ast-page-background-meta":{"desktop":{"background-color":"var(--ast-global-color-4)","background-image":"","background-repeat":"repeat","background-position":"center center","background-size":"auto","background-attachment":"scroll","background-type":"","background-media":"","overlay-type":"","overlay-color":"","overlay-opacity":"","overlay-gradient":""},"tablet":{"background-color":"","background-image":"","background-repeat":"repeat","background-position":"center center","background-size":"auto","background-attachment":"scroll","background-type":"","background-media":"","overlay-type":"","overlay-color":"","overlay-opacity":"","overlay-gradient":""},"mobile":{"background-color":"","background-image":"","background-repeat":"repeat","background-position":"center center","background-size":"auto","background-attachment":"scroll","background-type":"","background-media":"","overlay-type":"","overlay-color":"","overlay-opacity":"","overlay-gradient":""}},"ast-content-background-meta":{"desktop":{"background-color":"var(--ast-global-color-5)","background-image":"","background-repeat":"repeat","background-position":"center center","background-size":"auto","background-attachment":"scroll","background-type":"","background-media":"","overlay-type":"","overlay-color":"","overlay-opacity":"","overlay-gradient":""},"tablet":{"background-color":"var(--ast-global-color-5)","background-image":"","background-repeat":"repeat","background-position":"center center","background-size":"auto","background-attachment":"scroll","background-type":"","background-media":"","overlay-type":"","overlay-color":"","overlay-opacity":"","overlay-gradient":""},"mobile":{"background-color":"var(--ast-global-color-5)","background-image":"","background-repeat":"repeat","background-position":"center center","background-size":"auto","background-attachment":"scroll","background-type":"","background-media":"","overlay-type":"","overlay-color":"","overlay-opacity":"","overlay-gradient":""}}},"product_brand":[],"product_cat":[15,268,275],"product_tag":[],"class_list":{"0":"post-584197","1":"product","2":"type-product","3":"status-publish","4":"has-post-thumbnail","6":"product_cat-tus-juguetes-favoritos","7":"product_cat-ofertas","8":"product_cat-regalos","9":"desktop-align-left","10":"tablet-align-left","11":"mobile-align-left","13":"first","14":"outofstock","15":"taxable","16":"shipping-taxable","17":"purchasable","18":"product-type-simple"},"aioseo_notices":[],"jetpack_sharing_enabled":true,"jetpack_likes_enabled":true,"_links":{"self":[{"href":"https:\/\/sapoencantado.es\/index.php\/wp-json\/wp\/v2\/product\/584197","targetHints":{"allow":["GET"]}}],"collection":[{"href":"https:\/\/sapoencantado.es\/index.php\/wp-json\/wp\/v2\/product"}],"about":[{"href":"https:\/\/sapoencantado.es\/index.php\/wp-json\/wp\/v2\/types\/product"}],"replies":[{"embeddable":true,"href":"https:\/\/sapoencantado.es\/index.php\/wp-json\/wp\/v2\/comments?post=584197"}],"wp:featuredmedia":[{"embeddable":true,"href":"https:\/\/sapoencantado.es\/index.php\/wp-json\/wp\/v2\/media\/584195"}],"wp:attachment":[{"href":"https:\/\/sapoencantado.es\/index.php\/wp-json\/wp\/v2\/media?parent=584197"}],"wp:term":[{"taxonomy":"product_brand","embeddable":true,"href":"https:\/\/sapoencantado.es\/index.php\/wp-json\/wp\/v2\/product_brand?post=584197"},{"taxonomy":"product_cat","embeddable":true,"href":"https:\/\/sapoencantado.es\/index.php\/wp-json\/wp\/v2\/product_cat?post=584197"},{"taxonomy":"product_tag","embeddable":true,"href":"https:\/\/sapoencantado.es\/index.php\/wp-json\/wp\/v2\/product_tag?post=584197"}],"curies":[{"name":"wp","href":"https:\/\/api.w.org\/{rel}","templated":true}]}}