{"id":584206,"date":"2024-12-04T11:23:42","date_gmt":"2024-12-04T10:23:42","guid":{"rendered":"https:\/\/sapoencantado.es\/index.php\/producto\/super-rocket-lanzar-un-cohete-science4you-80003470\/"},"modified":"2025-12-10T08:02:36","modified_gmt":"2025-12-10T07:02:36","slug":"super-rocket-lanzar-un-cohete-science4you-80003470","status":"publish","type":"product","link":"https:\/\/sapoencantado.es\/index.php\/producto\/super-rocket-lanzar-un-cohete-science4you-80003470\/","title":{"rendered":"Super Rocket &#8211; Lanzar Un Cohete Science4you 80003470"},"content":{"rendered":"<p>Super Rocket &#8211; Lanzar Un Cohete Science4you 80003470<\/p>\n<p>Convi\u00e9rtete en un ingeniero aeroespacial y lanza un asombroso cohete cient\u00edfico de hasta 20 metros al espacio. Puedes lanzar tu cohete con una reacci\u00f3n qu\u00edmica o con fuerza mec\u00e1nica, \u00a1ambas incre\u00edblemente potentes!. Descubre con los 13 experimentos y actividades disponibles en este juguete educativo, c\u00f3mo dise\u00f1ar y crear la forma de tu cohete con divertidos prototipos y cohetes inflables. Descubre todo sobre la propulsi\u00f3n y fabrica combustible para cohetes. Monta un fant\u00e1stico veh\u00edculo espacial y un m\u00f3dulo de aterrizaje. \u00a1Todo para preparar el lanzamiento de su poderoso cohete al espacio!<\/p>\n","protected":false},"excerpt":{"rendered":"<p>Super Rocket &#8211; Lanzar Un Cohete Science4you 80003470<\/p>\n","protected":false},"featured_media":584205,"comment_status":"open","ping_status":"closed","template":"","meta":{"_monsterinsights_skip_tracking":false,"_monsterinsights_sitenote_active":false,"_monsterinsights_sitenote_note":"","_monsterinsights_sitenote_category":0,"site-sidebar-layout":"default","site-content-layout":"","ast-site-content-layout":"default","site-content-style":"default","site-sidebar-style":"default","ast-global-header-display":"","ast-banner-title-visibility":"","ast-main-header-display":"","ast-hfb-above-header-display":"","ast-hfb-below-header-display":"","ast-hfb-mobile-header-display":"","site-post-title":"","ast-breadcrumbs-content":"","ast-featured-img":"","footer-sml-layout":"","ast-disable-related-posts":"","theme-transparent-header-meta":"","adv-header-id-meta":"","stick-header-meta":"","header-above-stick-meta":"","header-main-stick-meta":"","header-below-stick-meta":"","astra-migrate-meta-layouts":"default","ast-page-background-enabled":"default","ast-page-background-meta":{"desktop":{"background-color":"var(--ast-global-color-4)","background-image":"","background-repeat":"repeat","background-position":"center center","background-size":"auto","background-attachment":"scroll","background-type":"","background-media":"","overlay-type":"","overlay-color":"","overlay-opacity":"","overlay-gradient":""},"tablet":{"background-color":"","background-image":"","background-repeat":"repeat","background-position":"center center","background-size":"auto","background-attachment":"scroll","background-type":"","background-media":"","overlay-type":"","overlay-color":"","overlay-opacity":"","overlay-gradient":""},"mobile":{"background-color":"","background-image":"","background-repeat":"repeat","background-position":"center center","background-size":"auto","background-attachment":"scroll","background-type":"","background-media":"","overlay-type":"","overlay-color":"","overlay-opacity":"","overlay-gradient":""}},"ast-content-background-meta":{"desktop":{"background-color":"var(--ast-global-color-5)","background-image":"","background-repeat":"repeat","background-position":"center center","background-size":"auto","background-attachment":"scroll","background-type":"","background-media":"","overlay-type":"","overlay-color":"","overlay-opacity":"","overlay-gradient":""},"tablet":{"background-color":"var(--ast-global-color-5)","background-image":"","background-repeat":"repeat","background-position":"center center","background-size":"auto","background-attachment":"scroll","background-type":"","background-media":"","overlay-type":"","overlay-color":"","overlay-opacity":"","overlay-gradient":""},"mobile":{"background-color":"var(--ast-global-color-5)","background-image":"","background-repeat":"repeat","background-position":"center center","background-size":"auto","background-attachment":"scroll","background-type":"","background-media":"","overlay-type":"","overlay-color":"","overlay-opacity":"","overlay-gradient":""}}},"product_brand":[],"product_cat":[238,15],"product_tag":[51,517,516],"class_list":{"0":"post-584206","1":"product","2":"type-product","3":"status-publish","4":"has-post-thumbnail","6":"product_cat-juguetes-de-accion","7":"product_cat-tus-juguetes-favoritos","8":"product_tag-8-anos","9":"product_tag-ciencia","10":"product_tag-cohete","11":"desktop-align-left","12":"tablet-align-left","13":"mobile-align-left","15":"first","16":"instock","17":"sale","18":"taxable","19":"shipping-taxable","20":"purchasable","21":"product-type-simple"},"aioseo_notices":[],"jetpack_sharing_enabled":true,"jetpack_likes_enabled":true,"_links":{"self":[{"href":"https:\/\/sapoencantado.es\/index.php\/wp-json\/wp\/v2\/product\/584206","targetHints":{"allow":["GET"]}}],"collection":[{"href":"https:\/\/sapoencantado.es\/index.php\/wp-json\/wp\/v2\/product"}],"about":[{"href":"https:\/\/sapoencantado.es\/index.php\/wp-json\/wp\/v2\/types\/product"}],"replies":[{"embeddable":true,"href":"https:\/\/sapoencantado.es\/index.php\/wp-json\/wp\/v2\/comments?post=584206"}],"wp:featuredmedia":[{"embeddable":true,"href":"https:\/\/sapoencantado.es\/index.php\/wp-json\/wp\/v2\/media\/584205"}],"wp:attachment":[{"href":"https:\/\/sapoencantado.es\/index.php\/wp-json\/wp\/v2\/media?parent=584206"}],"wp:term":[{"taxonomy":"product_brand","embeddable":true,"href":"https:\/\/sapoencantado.es\/index.php\/wp-json\/wp\/v2\/product_brand?post=584206"},{"taxonomy":"product_cat","embeddable":true,"href":"https:\/\/sapoencantado.es\/index.php\/wp-json\/wp\/v2\/product_cat?post=584206"},{"taxonomy":"product_tag","embeddable":true,"href":"https:\/\/sapoencantado.es\/index.php\/wp-json\/wp\/v2\/product_tag?post=584206"}],"curies":[{"name":"wp","href":"https:\/\/api.w.org\/{rel}","templated":true}]}}