{"id":585056,"date":"2025-01-14T10:59:14","date_gmt":"2025-01-14T09:59:14","guid":{"rendered":"https:\/\/sapoencantado.es\/index.php\/producto\/playmobil-stuntshow-70549-monster-truck-horned-para-ninos-de-4-a-10-anos\/"},"modified":"2026-01-09T19:47:32","modified_gmt":"2026-01-09T18:47:32","slug":"playmobil-stuntshow-70549-monster-truck-horned-para-ninos-de-4-a-10-anos","status":"publish","type":"product","link":"https:\/\/sapoencantado.es\/index.php\/producto\/playmobil-stuntshow-70549-monster-truck-horned-para-ninos-de-4-a-10-anos\/","title":{"rendered":"PLAYMOBIL Stuntshow 70549 Monster Truck Horned, Para ni\u00f1os de 4 a 10 a\u00f1os"},"content":{"rendered":"<p>PLAYMOBIL Stuntshow 70549 Monster Truck Horned, Para ni\u00f1os de 4 a 10 a\u00f1os<\/p>\n<p>Pura acci\u00f3n y emoci\u00f3n en el gran espect\u00e1culo de acrobacias de PLAYMOBIL<br \/>\nPLAYMOBIL Stuntshow Monster Truck Horned<br \/>\nLos motores rugen, los neum\u00e1ticos chirr\u00edan y la adrenalina sube desmesuradamente: Bienvenido al espectacular show de acrobacias de PLAYMOBIL con audaces dobles, potentes veh\u00edculos y atrevidas acrobacias. El Monster Truck Horned de PLAYMOBIL \u00a1ya est\u00e1 esperando en la acci\u00f3n! Con su aspecto de toro mega-cool, los cuernos adjuntos y la cabeza de toro en la parrilla del radiador, impresiona enormemente al p\u00fablico impaciente. Y empieza el espect\u00e1culo: El doble, por supuesto equipado con casco y guantes de acrobacia, dirige su cami\u00f3n en direcci\u00f3n a la colina de arena que quiere conquistar con las cuatro ruedas<\/p>\n","protected":false},"excerpt":{"rendered":"<p>PLAYMOBIL Stuntshow 70549 Monster Truck Horned, Para ni\u00f1os de 4 a 10 a\u00f1os<\/p>\n","protected":false},"featured_media":585050,"comment_status":"open","ping_status":"closed","template":"","meta":{"_monsterinsights_skip_tracking":false,"_monsterinsights_sitenote_active":false,"_monsterinsights_sitenote_note":"","_monsterinsights_sitenote_category":0,"site-sidebar-layout":"default","site-content-layout":"","ast-site-content-layout":"default","site-content-style":"default","site-sidebar-style":"default","ast-global-header-display":"","ast-banner-title-visibility":"","ast-main-header-display":"","ast-hfb-above-header-display":"","ast-hfb-below-header-display":"","ast-hfb-mobile-header-display":"","site-post-title":"","ast-breadcrumbs-content":"","ast-featured-img":"","footer-sml-layout":"","ast-disable-related-posts":"","theme-transparent-header-meta":"","adv-header-id-meta":"","stick-header-meta":"","header-above-stick-meta":"","header-main-stick-meta":"","header-below-stick-meta":"","astra-migrate-meta-layouts":"default","ast-page-background-enabled":"default","ast-page-background-meta":{"desktop":{"background-color":"var(--ast-global-color-4)","background-image":"","background-repeat":"repeat","background-position":"center center","background-size":"auto","background-attachment":"scroll","background-type":"","background-media":"","overlay-type":"","overlay-color":"","overlay-opacity":"","overlay-gradient":""},"tablet":{"background-color":"","background-image":"","background-repeat":"repeat","background-position":"center center","background-size":"auto","background-attachment":"scroll","background-type":"","background-media":"","overlay-type":"","overlay-color":"","overlay-opacity":"","overlay-gradient":""},"mobile":{"background-color":"","background-image":"","background-repeat":"repeat","background-position":"center center","background-size":"auto","background-attachment":"scroll","background-type":"","background-media":"","overlay-type":"","overlay-color":"","overlay-opacity":"","overlay-gradient":""}},"ast-content-background-meta":{"desktop":{"background-color":"var(--ast-global-color-5)","background-image":"","background-repeat":"repeat","background-position":"center center","background-size":"auto","background-attachment":"scroll","background-type":"","background-media":"","overlay-type":"","overlay-color":"","overlay-opacity":"","overlay-gradient":""},"tablet":{"background-color":"var(--ast-global-color-5)","background-image":"","background-repeat":"repeat","background-position":"center center","background-size":"auto","background-attachment":"scroll","background-type":"","background-media":"","overlay-type":"","overlay-color":"","overlay-opacity":"","overlay-gradient":""},"mobile":{"background-color":"var(--ast-global-color-5)","background-image":"","background-repeat":"repeat","background-position":"center center","background-size":"auto","background-attachment":"scroll","background-type":"","background-media":"","overlay-type":"","overlay-color":"","overlay-opacity":"","overlay-gradient":""}}},"product_brand":[],"product_cat":[15,268,272],"product_tag":[78,367,487],"class_list":{"0":"post-585056","1":"product","2":"type-product","3":"status-publish","4":"has-post-thumbnail","6":"product_cat-tus-juguetes-favoritos","7":"product_cat-ofertas","8":"product_cat-playmobil","9":"product_tag-4-anos","10":"product_tag-coche","11":"product_tag-playmobil","12":"desktop-align-left","13":"tablet-align-left","14":"mobile-align-left","16":"first","17":"instock","18":"sale","19":"taxable","20":"shipping-taxable","21":"purchasable","22":"product-type-simple"},"aioseo_notices":[],"jetpack_sharing_enabled":true,"jetpack_likes_enabled":true,"_links":{"self":[{"href":"https:\/\/sapoencantado.es\/index.php\/wp-json\/wp\/v2\/product\/585056","targetHints":{"allow":["GET"]}}],"collection":[{"href":"https:\/\/sapoencantado.es\/index.php\/wp-json\/wp\/v2\/product"}],"about":[{"href":"https:\/\/sapoencantado.es\/index.php\/wp-json\/wp\/v2\/types\/product"}],"replies":[{"embeddable":true,"href":"https:\/\/sapoencantado.es\/index.php\/wp-json\/wp\/v2\/comments?post=585056"}],"wp:featuredmedia":[{"embeddable":true,"href":"https:\/\/sapoencantado.es\/index.php\/wp-json\/wp\/v2\/media\/585050"}],"wp:attachment":[{"href":"https:\/\/sapoencantado.es\/index.php\/wp-json\/wp\/v2\/media?parent=585056"}],"wp:term":[{"taxonomy":"product_brand","embeddable":true,"href":"https:\/\/sapoencantado.es\/index.php\/wp-json\/wp\/v2\/product_brand?post=585056"},{"taxonomy":"product_cat","embeddable":true,"href":"https:\/\/sapoencantado.es\/index.php\/wp-json\/wp\/v2\/product_cat?post=585056"},{"taxonomy":"product_tag","embeddable":true,"href":"https:\/\/sapoencantado.es\/index.php\/wp-json\/wp\/v2\/product_tag?post=585056"}],"curies":[{"name":"wp","href":"https:\/\/api.w.org\/{rel}","templated":true}]}}