{"id":585064,"date":"2025-01-14T11:06:25","date_gmt":"2025-01-14T10:06:25","guid":{"rendered":"https:\/\/sapoencantado.es\/index.php\/producto\/playmobil-stuntshow-70550-monster-truck-shark-para-ninos-de-4-a-10-anos\/"},"modified":"2025-01-14T11:06:25","modified_gmt":"2025-01-14T10:06:25","slug":"playmobil-stuntshow-70550-monster-truck-shark-para-ninos-de-4-a-10-anos","status":"publish","type":"product","link":"https:\/\/sapoencantado.es\/index.php\/producto\/playmobil-stuntshow-70550-monster-truck-shark-para-ninos-de-4-a-10-anos\/","title":{"rendered":"PLAYMOBIL Stuntshow 70550 Monster Truck Shark, para ni\u00f1os de 4 a 10 a\u00f1os"},"content":{"rendered":"<p>PLAYMOBIL Stuntshow 70550 Monster Truck Shark, para ni\u00f1os de 4 a 10 a\u00f1os<\/p>\n<p>Emociones sin fin: el espect\u00e1culo de acrobacias PLAYMOBIL Monster Truck Shark con el coche de desguace, el doble de acci\u00f3n y los accesorios monstruosos para recrear acrobacias<br \/>\nCami\u00f3n con aleta, mordida de tibur\u00f3n como rejilla del radiador y mucho m\u00e1s, Ejes de suspensi\u00f3n total, Techo desmontable, Espacio para 4 figuras, Obst\u00e1culo con topes de deslizamiento y mucho m\u00e1s<br \/>\nJuego de figuras para ni\u00f1os a partir de 4 a\u00f1os: \u00f3ptimo para el tama\u00f1o de sus manos y bordes redondeados agradables al tacto<br \/>\nPara jugar a diario: Incluye instrucciones para montarlo con ayuda de los padres, gran calidad y dise\u00f1o robusto, Limpieza de las piezas (sin pegatinas) con agua corriente y sin qu\u00edmicos<br \/>\nContenido: 1x PLAYMOBIL Stuntshow Monster Truck Shark, Set de 45 piezas con instrucciones: 1 coche, 1 coche de desguace, 1 figura, 42 accesorios, Material: pl\u00e1stico, veh\u00edculo LxDxH: 32&#215;16,5&#215;18 cm, Peso: 588 g, 70550<\/p>\n","protected":false},"excerpt":{"rendered":"<p>PLAYMOBIL Stuntshow 70550 Monster Truck Shark, para ni\u00f1os de 4 a 10 a\u00f1os<\/p>\n","protected":false},"featured_media":585057,"comment_status":"open","ping_status":"closed","template":"","meta":{"_monsterinsights_skip_tracking":false,"_monsterinsights_sitenote_active":false,"_monsterinsights_sitenote_note":"","_monsterinsights_sitenote_category":0,"site-sidebar-layout":"default","site-content-layout":"","ast-site-content-layout":"default","site-content-style":"default","site-sidebar-style":"default","ast-global-header-display":"","ast-banner-title-visibility":"","ast-main-header-display":"","ast-hfb-above-header-display":"","ast-hfb-below-header-display":"","ast-hfb-mobile-header-display":"","site-post-title":"","ast-breadcrumbs-content":"","ast-featured-img":"","footer-sml-layout":"","ast-disable-related-posts":"","theme-transparent-header-meta":"","adv-header-id-meta":"","stick-header-meta":"","header-above-stick-meta":"","header-main-stick-meta":"","header-below-stick-meta":"","astra-migrate-meta-layouts":"default","ast-page-background-enabled":"default","ast-page-background-meta":{"desktop":{"background-color":"var(--ast-global-color-4)","background-image":"","background-repeat":"repeat","background-position":"center center","background-size":"auto","background-attachment":"scroll","background-type":"","background-media":"","overlay-type":"","overlay-color":"","overlay-opacity":"","overlay-gradient":""},"tablet":{"background-color":"","background-image":"","background-repeat":"repeat","background-position":"center center","background-size":"auto","background-attachment":"scroll","background-type":"","background-media":"","overlay-type":"","overlay-color":"","overlay-opacity":"","overlay-gradient":""},"mobile":{"background-color":"","background-image":"","background-repeat":"repeat","background-position":"center center","background-size":"auto","background-attachment":"scroll","background-type":"","background-media":"","overlay-type":"","overlay-color":"","overlay-opacity":"","overlay-gradient":""}},"ast-content-background-meta":{"desktop":{"background-color":"var(--ast-global-color-5)","background-image":"","background-repeat":"repeat","background-position":"center center","background-size":"auto","background-attachment":"scroll","background-type":"","background-media":"","overlay-type":"","overlay-color":"","overlay-opacity":"","overlay-gradient":""},"tablet":{"background-color":"var(--ast-global-color-5)","background-image":"","background-repeat":"repeat","background-position":"center center","background-size":"auto","background-attachment":"scroll","background-type":"","background-media":"","overlay-type":"","overlay-color":"","overlay-opacity":"","overlay-gradient":""},"mobile":{"background-color":"var(--ast-global-color-5)","background-image":"","background-repeat":"repeat","background-position":"center center","background-size":"auto","background-attachment":"scroll","background-type":"","background-media":"","overlay-type":"","overlay-color":"","overlay-opacity":"","overlay-gradient":""}}},"product_brand":[],"product_cat":[15,268,272],"product_tag":[78,367,487],"class_list":{"0":"post-585064","1":"product","2":"type-product","3":"status-publish","4":"has-post-thumbnail","6":"product_cat-tus-juguetes-favoritos","7":"product_cat-ofertas","8":"product_cat-playmobil","9":"product_tag-4-anos","10":"product_tag-coche","11":"product_tag-playmobil","12":"desktop-align-left","13":"tablet-align-left","14":"mobile-align-left","16":"first","17":"instock","18":"sale","19":"taxable","20":"shipping-taxable","21":"purchasable","22":"product-type-simple"},"aioseo_notices":[],"jetpack_sharing_enabled":true,"jetpack_likes_enabled":true,"_links":{"self":[{"href":"https:\/\/sapoencantado.es\/index.php\/wp-json\/wp\/v2\/product\/585064","targetHints":{"allow":["GET"]}}],"collection":[{"href":"https:\/\/sapoencantado.es\/index.php\/wp-json\/wp\/v2\/product"}],"about":[{"href":"https:\/\/sapoencantado.es\/index.php\/wp-json\/wp\/v2\/types\/product"}],"replies":[{"embeddable":true,"href":"https:\/\/sapoencantado.es\/index.php\/wp-json\/wp\/v2\/comments?post=585064"}],"wp:featuredmedia":[{"embeddable":true,"href":"https:\/\/sapoencantado.es\/index.php\/wp-json\/wp\/v2\/media\/585057"}],"wp:attachment":[{"href":"https:\/\/sapoencantado.es\/index.php\/wp-json\/wp\/v2\/media?parent=585064"}],"wp:term":[{"taxonomy":"product_brand","embeddable":true,"href":"https:\/\/sapoencantado.es\/index.php\/wp-json\/wp\/v2\/product_brand?post=585064"},{"taxonomy":"product_cat","embeddable":true,"href":"https:\/\/sapoencantado.es\/index.php\/wp-json\/wp\/v2\/product_cat?post=585064"},{"taxonomy":"product_tag","embeddable":true,"href":"https:\/\/sapoencantado.es\/index.php\/wp-json\/wp\/v2\/product_tag?post=585064"}],"curies":[{"name":"wp","href":"https:\/\/api.w.org\/{rel}","templated":true}]}}