{"id":585093,"date":"2025-01-14T12:31:38","date_gmt":"2025-01-14T11:31:38","guid":{"rendered":"https:\/\/sapoencantado.es\/index.php\/producto\/playmobil-city-action-rescate-maritimo-4428-a-partir-de-4-anos\/"},"modified":"2025-01-14T12:31:38","modified_gmt":"2025-01-14T11:31:38","slug":"playmobil-city-action-rescate-maritimo-4428-a-partir-de-4-anos","status":"publish","type":"product","link":"https:\/\/sapoencantado.es\/index.php\/producto\/playmobil-city-action-rescate-maritimo-4428-a-partir-de-4-anos\/","title":{"rendered":"Playmobil City Action, Rescate mar\u00edtimo 4428, a partir de 4 a\u00f1os"},"content":{"rendered":"<p>Playmobil City Action, Rescate mar\u00edtimo 4428, a partir de 4 a\u00f1os<\/p>\n<p>MarcaPLAYMOBIL<br \/>\nForma de veh\u00edculo de jugueteHelic\u00f3ptero<br \/>\nMaterialPl\u00e1stico<br \/>\nColorMulticolor<br \/>\nRango de edad (descripci\u00f3n)4 A\u00f1os<br \/>\nTemaBarco<br \/>\nJuguete para ni\u00f1os a partir de 4 a\u00f1os: \u00f3ptimo para el tama\u00f1o de sus ma\u00f1os y bordes redondeados agradables al tacto<br \/>\nPara jugar a diario: incluye instrucciones para montarlo con ayuda de los padres, calidad y dise\u00f1o robusto; limpieza de las piezas (sin pegatinas ni componentes electr\u00f3nicos) con agua corriente y sin qu\u00edmicos<br \/>\nDe Playmobil<\/p>\n","protected":false},"excerpt":{"rendered":"<p>Playmobil City Action, Rescate mar\u00edtimo 4428, a partir de 4 a\u00f1os<\/p>\n","protected":false},"featured_media":585090,"comment_status":"open","ping_status":"closed","template":"","meta":{"_monsterinsights_skip_tracking":false,"_monsterinsights_sitenote_active":false,"_monsterinsights_sitenote_note":"","_monsterinsights_sitenote_category":0,"site-sidebar-layout":"default","site-content-layout":"","ast-site-content-layout":"default","site-content-style":"default","site-sidebar-style":"default","ast-global-header-display":"","ast-banner-title-visibility":"","ast-main-header-display":"","ast-hfb-above-header-display":"","ast-hfb-below-header-display":"","ast-hfb-mobile-header-display":"","site-post-title":"","ast-breadcrumbs-content":"","ast-featured-img":"","footer-sml-layout":"","ast-disable-related-posts":"","theme-transparent-header-meta":"","adv-header-id-meta":"","stick-header-meta":"","header-above-stick-meta":"","header-main-stick-meta":"","header-below-stick-meta":"","astra-migrate-meta-layouts":"default","ast-page-background-enabled":"default","ast-page-background-meta":{"desktop":{"background-color":"var(--ast-global-color-4)","background-image":"","background-repeat":"repeat","background-position":"center center","background-size":"auto","background-attachment":"scroll","background-type":"","background-media":"","overlay-type":"","overlay-color":"","overlay-opacity":"","overlay-gradient":""},"tablet":{"background-color":"","background-image":"","background-repeat":"repeat","background-position":"center center","background-size":"auto","background-attachment":"scroll","background-type":"","background-media":"","overlay-type":"","overlay-color":"","overlay-opacity":"","overlay-gradient":""},"mobile":{"background-color":"","background-image":"","background-repeat":"repeat","background-position":"center center","background-size":"auto","background-attachment":"scroll","background-type":"","background-media":"","overlay-type":"","overlay-color":"","overlay-opacity":"","overlay-gradient":""}},"ast-content-background-meta":{"desktop":{"background-color":"var(--ast-global-color-5)","background-image":"","background-repeat":"repeat","background-position":"center center","background-size":"auto","background-attachment":"scroll","background-type":"","background-media":"","overlay-type":"","overlay-color":"","overlay-opacity":"","overlay-gradient":""},"tablet":{"background-color":"var(--ast-global-color-5)","background-image":"","background-repeat":"repeat","background-position":"center center","background-size":"auto","background-attachment":"scroll","background-type":"","background-media":"","overlay-type":"","overlay-color":"","overlay-opacity":"","overlay-gradient":""},"mobile":{"background-color":"var(--ast-global-color-5)","background-image":"","background-repeat":"repeat","background-position":"center center","background-size":"auto","background-attachment":"scroll","background-type":"","background-media":"","overlay-type":"","overlay-color":"","overlay-opacity":"","overlay-gradient":""}}},"product_brand":[],"product_cat":[15,272],"product_tag":[78,403,487],"class_list":{"0":"post-585093","1":"product","2":"type-product","3":"status-publish","4":"has-post-thumbnail","6":"product_cat-tus-juguetes-favoritos","7":"product_cat-playmobil","8":"product_tag-4-anos","9":"product_tag-barco","10":"product_tag-playmobil","11":"desktop-align-left","12":"tablet-align-left","13":"mobile-align-left","15":"first","16":"instock","17":"taxable","18":"shipping-taxable","19":"purchasable","20":"product-type-simple"},"aioseo_notices":[],"jetpack_sharing_enabled":true,"jetpack_likes_enabled":true,"_links":{"self":[{"href":"https:\/\/sapoencantado.es\/index.php\/wp-json\/wp\/v2\/product\/585093","targetHints":{"allow":["GET"]}}],"collection":[{"href":"https:\/\/sapoencantado.es\/index.php\/wp-json\/wp\/v2\/product"}],"about":[{"href":"https:\/\/sapoencantado.es\/index.php\/wp-json\/wp\/v2\/types\/product"}],"replies":[{"embeddable":true,"href":"https:\/\/sapoencantado.es\/index.php\/wp-json\/wp\/v2\/comments?post=585093"}],"wp:featuredmedia":[{"embeddable":true,"href":"https:\/\/sapoencantado.es\/index.php\/wp-json\/wp\/v2\/media\/585090"}],"wp:attachment":[{"href":"https:\/\/sapoencantado.es\/index.php\/wp-json\/wp\/v2\/media?parent=585093"}],"wp:term":[{"taxonomy":"product_brand","embeddable":true,"href":"https:\/\/sapoencantado.es\/index.php\/wp-json\/wp\/v2\/product_brand?post=585093"},{"taxonomy":"product_cat","embeddable":true,"href":"https:\/\/sapoencantado.es\/index.php\/wp-json\/wp\/v2\/product_cat?post=585093"},{"taxonomy":"product_tag","embeddable":true,"href":"https:\/\/sapoencantado.es\/index.php\/wp-json\/wp\/v2\/product_tag?post=585093"}],"curies":[{"name":"wp","href":"https:\/\/api.w.org\/{rel}","templated":true}]}}