{"id":585096,"date":"2025-01-14T13:13:52","date_gmt":"2025-01-14T12:13:52","guid":{"rendered":"https:\/\/sapoencantado.es\/index.php\/producto\/playmobil-novelmore-70903-violet-vale-carruaje-de-mercaderes-juguetes-para-ninos-a-partir-de-4-anos\/"},"modified":"2025-01-14T13:13:52","modified_gmt":"2025-01-14T12:13:52","slug":"playmobil-novelmore-70903-violet-vale-carruaje-de-mercaderes-juguetes-para-ninos-a-partir-de-4-anos","status":"publish","type":"product","link":"https:\/\/sapoencantado.es\/index.php\/producto\/playmobil-novelmore-70903-violet-vale-carruaje-de-mercaderes-juguetes-para-ninos-a-partir-de-4-anos\/","title":{"rendered":"PLAYMOBIL Novelmore 70903 Violet Vale Carruaje de Mercaderes, Juguetes para ni\u00f1os a Partir de 4 a\u00f1os"},"content":{"rendered":"<p>PLAYMOBIL Novelmore 70903 Violet Vale Carruaje de Mercaderes, Juguetes para ni\u00f1os a Partir de 4 a\u00f1os<\/p>\n<p>Fant\u00e1sticas aventuras en la habitaci\u00f3n de los ni\u00f1os con los Caballeros PLAYMOBIL de Novelmore<br \/>\nPLAYMOBIL Novelmore &#8211; Violet Vale Carruaje de Mercaderes<br \/>\nDespu\u00e9s de a\u00f1os de tranquilidad, paz y armon\u00eda, el viejo conflicto entre los bandidos de Burnham y los caballeros de Novelmore vuelve a estallar. Todos quieren Invincibus &#8211; la armadura m\u00e1gica. Pero no s\u00f3lo en los alrededores del gran castillo de Novelmore y en el paisaje volc\u00e1nico de los pir\u00f3manos se producen acaloradas batallas:<\/p>\n<p>En su carruaje, el Mago mercader Armathor viaja por los territorios de los Caballeros PLAYMOBIL y hace negocios con los habitantes de Novelmore. Pero no s\u00f3lo transporta las mercanc\u00edas comerciales habituales, sino tambi\u00e9n tres objetos valiosos: el hacha de fuego de los Bandidos de Burnham, el dibujo t\u00e9cnico de Dar\u00edo DaVanci y la cabeza m\u00e1gica del ej\u00e9rcito de esqueletos de las Arenas de Sal&#8217;ahari. Para proteger estos tesoros, su carruaje est\u00e1 equipado con ingeniosos escondites y un arma secreta&#8230;<\/p>\n<p>Con este juguete m\u00e1gico de Novelmore, no hay l\u00edmites para la imaginaci\u00f3n jugando con los caballeros de Novelmore y el castillo de PLAYMOBIL.<\/p>\n<p>Sus beneficios de un vistazo:<br \/>\nJuguete de caballero apto para ni\u00f1os a partir de 4 a\u00f1os<br \/>\nJuego de 98 piezas: 1 carruaje, 1 figura de caballero, 2 caballos, 94 accesorios<br \/>\nCaracter\u00edsticas: Techo extra\u00edble, ca\u00f1\u00f3n de techo retr\u00e1ctil y funcional y mucho m\u00e1s<br \/>\nCon instrucciones de montaje<br \/>\nAlta calidad (Made in Europe)<\/p>\n","protected":false},"excerpt":{"rendered":"<p>PLAYMOBIL Novelmore 70903 Violet Vale Carruaje de Mercaderes, Juguetes para ni\u00f1os a Partir de 4 a\u00f1os<\/p>\n","protected":false},"featured_media":585094,"comment_status":"open","ping_status":"closed","template":"","meta":{"_monsterinsights_skip_tracking":false,"_monsterinsights_sitenote_active":false,"_monsterinsights_sitenote_note":"","_monsterinsights_sitenote_category":0,"site-sidebar-layout":"default","site-content-layout":"","ast-site-content-layout":"default","site-content-style":"default","site-sidebar-style":"default","ast-global-header-display":"","ast-banner-title-visibility":"","ast-main-header-display":"","ast-hfb-above-header-display":"","ast-hfb-below-header-display":"","ast-hfb-mobile-header-display":"","site-post-title":"","ast-breadcrumbs-content":"","ast-featured-img":"","footer-sml-layout":"","ast-disable-related-posts":"","theme-transparent-header-meta":"","adv-header-id-meta":"","stick-header-meta":"","header-above-stick-meta":"","header-main-stick-meta":"","header-below-stick-meta":"","astra-migrate-meta-layouts":"default","ast-page-background-enabled":"default","ast-page-background-meta":{"desktop":{"background-color":"var(--ast-global-color-4)","background-image":"","background-repeat":"repeat","background-position":"center center","background-size":"auto","background-attachment":"scroll","background-type":"","background-media":"","overlay-type":"","overlay-color":"","overlay-opacity":"","overlay-gradient":""},"tablet":{"background-color":"","background-image":"","background-repeat":"repeat","background-position":"center center","background-size":"auto","background-attachment":"scroll","background-type":"","background-media":"","overlay-type":"","overlay-color":"","overlay-opacity":"","overlay-gradient":""},"mobile":{"background-color":"","background-image":"","background-repeat":"repeat","background-position":"center center","background-size":"auto","background-attachment":"scroll","background-type":"","background-media":"","overlay-type":"","overlay-color":"","overlay-opacity":"","overlay-gradient":""}},"ast-content-background-meta":{"desktop":{"background-color":"var(--ast-global-color-5)","background-image":"","background-repeat":"repeat","background-position":"center center","background-size":"auto","background-attachment":"scroll","background-type":"","background-media":"","overlay-type":"","overlay-color":"","overlay-opacity":"","overlay-gradient":""},"tablet":{"background-color":"var(--ast-global-color-5)","background-image":"","background-repeat":"repeat","background-position":"center center","background-size":"auto","background-attachment":"scroll","background-type":"","background-media":"","overlay-type":"","overlay-color":"","overlay-opacity":"","overlay-gradient":""},"mobile":{"background-color":"var(--ast-global-color-5)","background-image":"","background-repeat":"repeat","background-position":"center center","background-size":"auto","background-attachment":"scroll","background-type":"","background-media":"","overlay-type":"","overlay-color":"","overlay-opacity":"","overlay-gradient":""}}},"product_brand":[],"product_cat":[15,268,272],"product_tag":[78,487],"class_list":{"0":"post-585096","1":"product","2":"type-product","3":"status-publish","4":"has-post-thumbnail","6":"product_cat-tus-juguetes-favoritos","7":"product_cat-ofertas","8":"product_cat-playmobil","9":"product_tag-4-anos","10":"product_tag-playmobil","11":"desktop-align-left","12":"tablet-align-left","13":"mobile-align-left","15":"first","16":"instock","17":"sale","18":"taxable","19":"shipping-taxable","20":"purchasable","21":"product-type-simple"},"aioseo_notices":[],"jetpack_sharing_enabled":true,"jetpack_likes_enabled":true,"_links":{"self":[{"href":"https:\/\/sapoencantado.es\/index.php\/wp-json\/wp\/v2\/product\/585096","targetHints":{"allow":["GET"]}}],"collection":[{"href":"https:\/\/sapoencantado.es\/index.php\/wp-json\/wp\/v2\/product"}],"about":[{"href":"https:\/\/sapoencantado.es\/index.php\/wp-json\/wp\/v2\/types\/product"}],"replies":[{"embeddable":true,"href":"https:\/\/sapoencantado.es\/index.php\/wp-json\/wp\/v2\/comments?post=585096"}],"wp:featuredmedia":[{"embeddable":true,"href":"https:\/\/sapoencantado.es\/index.php\/wp-json\/wp\/v2\/media\/585094"}],"wp:attachment":[{"href":"https:\/\/sapoencantado.es\/index.php\/wp-json\/wp\/v2\/media?parent=585096"}],"wp:term":[{"taxonomy":"product_brand","embeddable":true,"href":"https:\/\/sapoencantado.es\/index.php\/wp-json\/wp\/v2\/product_brand?post=585096"},{"taxonomy":"product_cat","embeddable":true,"href":"https:\/\/sapoencantado.es\/index.php\/wp-json\/wp\/v2\/product_cat?post=585096"},{"taxonomy":"product_tag","embeddable":true,"href":"https:\/\/sapoencantado.es\/index.php\/wp-json\/wp\/v2\/product_tag?post=585096"}],"curies":[{"name":"wp","href":"https:\/\/api.w.org\/{rel}","templated":true}]}}