{"id":585151,"date":"2025-01-20T09:47:20","date_gmt":"2025-01-20T08:47:20","guid":{"rendered":"https:\/\/sapoencantado.es\/index.php\/producto\/playmobil-transporte-dinero-policia-juego-de-figuras-4-anos-71597\/"},"modified":"2025-12-28T17:06:19","modified_gmt":"2025-12-28T16:06:19","slug":"playmobil-transporte-dinero-policia-juego-de-figuras-4-anos-71597","status":"publish","type":"product","link":"https:\/\/sapoencantado.es\/index.php\/producto\/playmobil-transporte-dinero-policia-juego-de-figuras-4-anos-71597\/","title":{"rendered":"PLAYMOBIL Transporte dinero polic\u00eda, Juego de figuras +4 a\u00f1os &#8211; 71597"},"content":{"rendered":"<p>PLAYMOBIL Transporte dinero polic\u00eda, Juego de figuras +4 a\u00f1os &#8211; 71597<\/p>\n<p>Tipo:Personajes Edad recomendada:M\u00e1s de 4 a\u00f1os Licencia:PLAYMOBIL Garant\u00eda:36 Meses N\/A Pila:No Incluye pilas:No Bater\u00eda:No Incluye bater\u00eda:No Montaje Necesario:No Idioma:Multiidioma Luminoso:No Sonoro \/ Musical:Sin sonido<\/p>\n<p>DATOS GENERALES<br \/>\nValor Educativo<br \/>\nEstimulaci\u00f3n de la Imaginaci\u00f3n<br \/>\nIdioma<br \/>\nMultiidioma<br \/>\nLicencia<br \/>\nPLAYMOBIL<br \/>\nIncluye bater\u00eda<br \/>\nNo<br \/>\nPeso del producto con caja (kg)<br \/>\n0.904 kg<br \/>\nInformaci\u00f3n producto<br \/>\n&#8220;\u00a1\u00danete a la fiesta! \u00a1PLAYMOBIL cumple 50 a\u00f1os y es hora de celebrarlo! En 1974, un obrero de la construcci\u00f3n, un caballero y un nativo americano hicieron su debut, cautivando los corazones de los ni\u00f1os de todo el mundo. Durante 50 a\u00f1os, estas sonrientes figuras de juguete han inspirado a los ni\u00f1os a crear sus propias historias, asumir diversos papeles y embarcarse en un sinf\u00edn de aventuras en el reino de la imaginaci\u00f3n. Para celebrar la ocasi\u00f3n, reintroducimos el querido set Transportador de dinero. Durante el audaz atraco al gran transportador de dinero, un codicioso ladr\u00f3n intenta hacerse con el bot\u00edn y escapar en su veloz motocicleta. En este ingenioso escenario, uno de los acompa\u00f1antes del transportador puede transformarse en un astuto ladr\u00f3n con s\u00f3lo girar la cabeza. El techo del transportador es desmontable y sus puertas traseras se abren, \u00a1lo que aumenta la emoci\u00f3n!.&#8221;<br \/>\nIncluye pilas<br \/>\nNo<br \/>\nPeso (kg)<br \/>\n0.904 kg<br \/>\nModelo \/ Descripci\u00f3n<br \/>\nTransporte dinero polic\u00eda<br \/>\nGarant\u00eda<br \/>\n36 Meses<br \/>\nTipos de Juguetes<br \/>\nPersonajes y Accesorios<br \/>\nLuminoso<br \/>\nNo<br \/>\nMontaje Necesario<br \/>\nNo<br \/>\nSonoro \/ Musical<br \/>\nSin sonido<br \/>\nReglamento<br \/>\nAdvertencia \/ Indicaci\u00f3n<br \/>\nPiezas peque\u00f1as. Riesgo de asfixia. No para ni\u00f1os menores de 3 a\u00f1os.<br \/>\nDirecci\u00f3n del Fabricante\/Importador<br \/>\nGeobra Brandst\u00e4tter Stiftung &amp;Co KG. BrandSt\u00e4tterstr 2-10 90513 ZINDORF GERMANY<br \/>\nCorreo Electr\u00f3nico<br \/>\nclientes@playmobil.de<\/p>\n","protected":false},"excerpt":{"rendered":"<p>PLAYMOBIL Transporte dinero polic\u00eda, Juego de figuras +4 a\u00f1os &#8211; 71597<\/p>\n","protected":false},"featured_media":585146,"comment_status":"open","ping_status":"closed","template":"","meta":{"_monsterinsights_skip_tracking":false,"_monsterinsights_sitenote_active":false,"_monsterinsights_sitenote_note":"","_monsterinsights_sitenote_category":0,"site-sidebar-layout":"default","site-content-layout":"","ast-site-content-layout":"default","site-content-style":"default","site-sidebar-style":"default","ast-global-header-display":"","ast-banner-title-visibility":"","ast-main-header-display":"","ast-hfb-above-header-display":"","ast-hfb-below-header-display":"","ast-hfb-mobile-header-display":"","site-post-title":"","ast-breadcrumbs-content":"","ast-featured-img":"","footer-sml-layout":"","ast-disable-related-posts":"","theme-transparent-header-meta":"","adv-header-id-meta":"","stick-header-meta":"","header-above-stick-meta":"","header-main-stick-meta":"","header-below-stick-meta":"","astra-migrate-meta-layouts":"default","ast-page-background-enabled":"default","ast-page-background-meta":{"desktop":{"background-color":"var(--ast-global-color-4)","background-image":"","background-repeat":"repeat","background-position":"center center","background-size":"auto","background-attachment":"scroll","background-type":"","background-media":"","overlay-type":"","overlay-color":"","overlay-opacity":"","overlay-gradient":""},"tablet":{"background-color":"","background-image":"","background-repeat":"repeat","background-position":"center center","background-size":"auto","background-attachment":"scroll","background-type":"","background-media":"","overlay-type":"","overlay-color":"","overlay-opacity":"","overlay-gradient":""},"mobile":{"background-color":"","background-image":"","background-repeat":"repeat","background-position":"center center","background-size":"auto","background-attachment":"scroll","background-type":"","background-media":"","overlay-type":"","overlay-color":"","overlay-opacity":"","overlay-gradient":""}},"ast-content-background-meta":{"desktop":{"background-color":"var(--ast-global-color-5)","background-image":"","background-repeat":"repeat","background-position":"center center","background-size":"auto","background-attachment":"scroll","background-type":"","background-media":"","overlay-type":"","overlay-color":"","overlay-opacity":"","overlay-gradient":""},"tablet":{"background-color":"var(--ast-global-color-5)","background-image":"","background-repeat":"repeat","background-position":"center center","background-size":"auto","background-attachment":"scroll","background-type":"","background-media":"","overlay-type":"","overlay-color":"","overlay-opacity":"","overlay-gradient":""},"mobile":{"background-color":"var(--ast-global-color-5)","background-image":"","background-repeat":"repeat","background-position":"center center","background-size":"auto","background-attachment":"scroll","background-type":"","background-media":"","overlay-type":"","overlay-color":"","overlay-opacity":"","overlay-gradient":""}}},"product_brand":[],"product_cat":[15,272],"product_tag":[78,383,487],"class_list":{"0":"post-585151","1":"product","2":"type-product","3":"status-publish","4":"has-post-thumbnail","6":"product_cat-tus-juguetes-favoritos","7":"product_cat-playmobil","8":"product_tag-4-anos","9":"product_tag-accion","10":"product_tag-playmobil","11":"desktop-align-left","12":"tablet-align-left","13":"mobile-align-left","15":"first","16":"outofstock","17":"taxable","18":"shipping-taxable","19":"purchasable","20":"product-type-simple"},"aioseo_notices":[],"jetpack_sharing_enabled":true,"jetpack_likes_enabled":true,"_links":{"self":[{"href":"https:\/\/sapoencantado.es\/index.php\/wp-json\/wp\/v2\/product\/585151","targetHints":{"allow":["GET"]}}],"collection":[{"href":"https:\/\/sapoencantado.es\/index.php\/wp-json\/wp\/v2\/product"}],"about":[{"href":"https:\/\/sapoencantado.es\/index.php\/wp-json\/wp\/v2\/types\/product"}],"replies":[{"embeddable":true,"href":"https:\/\/sapoencantado.es\/index.php\/wp-json\/wp\/v2\/comments?post=585151"}],"wp:featuredmedia":[{"embeddable":true,"href":"https:\/\/sapoencantado.es\/index.php\/wp-json\/wp\/v2\/media\/585146"}],"wp:attachment":[{"href":"https:\/\/sapoencantado.es\/index.php\/wp-json\/wp\/v2\/media?parent=585151"}],"wp:term":[{"taxonomy":"product_brand","embeddable":true,"href":"https:\/\/sapoencantado.es\/index.php\/wp-json\/wp\/v2\/product_brand?post=585151"},{"taxonomy":"product_cat","embeddable":true,"href":"https:\/\/sapoencantado.es\/index.php\/wp-json\/wp\/v2\/product_cat?post=585151"},{"taxonomy":"product_tag","embeddable":true,"href":"https:\/\/sapoencantado.es\/index.php\/wp-json\/wp\/v2\/product_tag?post=585151"}],"curies":[{"name":"wp","href":"https:\/\/api.w.org\/{rel}","templated":true}]}}