{"id":585274,"date":"2025-02-01T12:12:18","date_gmt":"2025-02-01T11:12:18","guid":{"rendered":"https:\/\/sapoencantado.es\/index.php\/producto\/clementoni-perfumes-y-cosmeticos-juego-de-ciencia-8-anos-juguete-en-espanol-55424\/"},"modified":"2025-12-29T13:04:06","modified_gmt":"2025-12-29T12:04:06","slug":"clementoni-perfumes-y-cosmeticos-juego-de-ciencia-8-anos-juguete-en-espanol-55424","status":"publish","type":"product","link":"https:\/\/sapoencantado.es\/index.php\/producto\/clementoni-perfumes-y-cosmeticos-juego-de-ciencia-8-anos-juguete-en-espanol-55424\/","title":{"rendered":"Clementoni &#8211; Perfumes y cosm\u00e9ticos &#8211; Juego de Ciencia- 8 a\u00f1os, Juguete en espa\u00f1ol (55424)"},"content":{"rendered":"<h1 class=\"a-size-small a-color-secondary a-text-normal\" data-feature-name=\"title\" data-template-name=\"title\" style=\"padding:0px;margin:0px;font-weight:400!important;font-size:1.3rem!important;line-height:1.4!important;font-style:normal;text-transform:none;color:var(--__N4QdCheV6wPa,#565959)!important;font-family:\"><span class=\"a-size-small a-color-secondary\" id=\"title\" style=\"font-size:1.3rem!important;line-height:1.4!important;color:var(--__N4QdCheV6wPa,#565959)!important;padding-bottom:0px\">Clementoni &#8211; Perfumes y cosm\u00e9ticos &#8211; Juego de Ciencia- 8 a\u00f1os, Juguete en espa\u00f1ol (55424)<\/span><\/h1>\n<div class=\"celwidget\" id=\"productOverview_feature_div\" data-feature-name=\"productOverviewForNonBeauty_T1\" data-csa-c-type=\"widget\" data-csa-c-content-id=\"productOverviewForNonBeauty_T1\" data-csa-c-slot-id=\"productOverview_feature_div\" data-csa-c-asin=\"\" data-csa-c-is-in-initial-active-row=\"false\" data-cel-widget=\"productOverview_feature_div\" data-csa-c-id=\"6bou91-gngvov-wu2abc-u7h5mc\" style=\"font-family:\">\n<div class=\"a-section a-spacing-small\" id=\"productOverview_hoc_view_div\" style=\"margin-bottom:0px\">\n<div class=\"a-row po-brand\" style=\"width:382px\">\n<div class=\"a-column a-span5\" style=\"margin-right:19.0982px;float:left;min-height:0.1rem;overflow:visible;width:148.018px\"><span class=\"a-size-base a-color-base a-text-bold\" style=\"font-weight:700!important;font-size:1.5rem!important;line-height:1.35!important;color:var(--__N4QdCheV6mGo,#0f1111)!important\">Marca<\/span><\/p>\n<\/div>\n<div class=\"a-column a-span7 a-span-last\" style=\"margin-right:0px;float:right;min-height:0.1rem;overflow:visible;width:214.875px\"><span class=\"a-size-base a-color-base\" style=\"font-size:1.5rem!important;line-height:1.35!important;color:var(--__N4QdCheV6mGo,#0f1111)!important\">Clementoni<\/span>\n<\/div>\n<\/div>\n<div class=\"a-row a-spacing-top-base po-theme\" style=\"width:382px;margin-top:1.2rem!important\">\n<div class=\"a-column a-span5\" style=\"margin-right:19.0982px;float:left;min-height:0.1rem;overflow:visible;width:148.018px\"><span class=\"a-size-base a-color-base a-text-bold\" style=\"font-weight:700!important;font-size:1.5rem!important;line-height:1.35!important;color:var(--__N4QdCheV6mGo,#0f1111)!important\">Tema<\/span><\/p>\n<\/div>\n<div class=\"a-column a-span7 a-span-last\" style=\"margin-right:0px;float:right;min-height:0.1rem;overflow:visible;width:214.875px\"><span class=\"a-size-base a-color-base\" style=\"font-size:1.5rem!important;line-height:1.35!important;color:var(--__N4QdCheV6mGo,#0f1111)!important\">Geolog\u00eda<\/span>\n<\/div>\n<\/div>\n<div class=\"a-row a-spacing-top-base po-age_range_description\" style=\"width:382px;margin-top:1.2rem!important\">\n<div class=\"a-column a-span5\" style=\"margin-right:19.0982px;float:left;min-height:0.1rem;overflow:visible;width:148.018px\"><span class=\"a-size-base a-color-base a-text-bold\" style=\"font-weight:700!important;font-size:1.5rem!important;line-height:1.35!important;color:var(--__N4QdCheV6mGo,#0f1111)!important\">Rango de edad (descripci\u00f3n)<\/span><\/p>\n<\/div>\n<div class=\"a-column a-span7 a-span-last\" style=\"margin-right:0px;float:right;min-height:0.1rem;overflow:visible;width:214.875px\"><span class=\"a-size-base a-color-base\" style=\"font-size:1.5rem!important;line-height:1.35!important;color:var(--__N4QdCheV6mGo,#0f1111)!important\">Ni\u00f1o<\/span>\n<\/div>\n<\/div>\n<div class=\"a-row a-spacing-top-base po-material\" style=\"width:382px;margin-top:1.2rem!important\">\n<div class=\"a-column a-span5\" style=\"margin-right:19.0982px;float:left;min-height:0.1rem;overflow:visible;width:148.018px\"><span class=\"a-size-base a-color-base a-text-bold\" style=\"font-weight:700!important;font-size:1.5rem!important;line-height:1.35!important;color:var(--__N4QdCheV6mGo,#0f1111)!important\">Material<\/span><\/p>\n<\/div>\n<div class=\"a-column a-span7 a-span-last\" style=\"margin-right:0px;float:right;min-height:0.1rem;overflow:visible;width:214.875px\"><span class=\"a-size-base a-color-base\" style=\"font-size:1.5rem!important;line-height:1.35!important;color:var(--__N4QdCheV6mGo,#0f1111)!important\">Pl\u00e1stico, Cart\u00f3n<\/span>\n<\/div>\n<\/div>\n<div class=\"a-row a-spacing-top-base po-color\" style=\"width:382px;margin-top:1.2rem!important\">\n<div class=\"a-column a-span5\" style=\"margin-right:19.0982px;float:left;min-height:0.1rem;overflow:visible;width:148.018px\"><span class=\"a-size-base a-color-base a-text-bold\" style=\"font-weight:700!important;font-size:1.5rem!important;line-height:1.35!important;color:var(--__N4QdCheV6mGo,#0f1111)!important\">Color<\/span><\/p>\n<\/div>\n<div class=\"a-column a-span7 a-span-last\" style=\"margin-right:0px;float:right;min-height:0.1rem;overflow:visible;width:214.875px\"><span class=\"a-size-base a-color-base\" style=\"font-size:1.5rem!important;line-height:1.35!important;color:var(--__N4QdCheV6mGo,#0f1111)!important\">Multicolor<\/span>\n<\/div>\n<\/div>\n<div class=\"a-row a-spacing-top-base po-item_dimensions\" style=\"width:382px;margin-top:1.2rem!important\">\n<div class=\"a-column a-span5\" style=\"margin-right:19.0982px;float:left;min-height:0.1rem;overflow:visible;width:148.018px\"><span class=\"a-size-base a-color-base a-text-bold\" style=\"font-weight:700!important;font-size:1.5rem!important;line-height:1.35!important;color:var(--__N4QdCheV6mGo,#0f1111)!important\">Dimensiones del producto: largo x ancho x alto<\/span><\/p>\n<\/div>\n<div class=\"a-column a-span7 a-span-last\" style=\"margin-right:0px;float:right;min-height:0.1rem;overflow:visible;width:214.875px\"><span class=\"a-size-base a-color-base\" style=\"font-size:1.5rem!important;line-height:1.35!important;color:var(--__N4QdCheV6mGo,#0f1111)!important\">7 x 31,1 x 45,1 cent\u00edmetros<\/span>\n<\/div>\n<\/div>\n<\/div>\n<\/div>\n<div class=\"celwidget\" id=\"featureBulletsAndDescription_hoc_feature_div\" data-feature-name=\"featureBulletsAndDescription_hoc\" data-csa-c-type=\"widget\" data-csa-c-content-id=\"featureBulletsAndDescription_hoc\" data-csa-c-slot-id=\"featureBulletsAndDescription_hoc_feature_div\" data-csa-c-asin=\"\" data-csa-c-is-in-initial-active-row=\"false\" data-cel-widget=\"featureBulletsAndDescription_hoc_feature_div\" data-csa-c-id=\"5pe2n7-pgr2yi-3kkepk-c3lqmg\" style=\"font-family:\">\n<div class=\"a-section a-spacing-small a-spacing-top-medium\" id=\"featurebullets_secondary_view_div\" style=\"margin-bottom:0px;margin-top:1.6rem!important\">\n<div class=\"a-section a-spacing-small featureBulletsDiv\" id=\"feature-bullets\" style=\"margin-bottom:0px\">\n<ul class=\"a-unordered-list a-vertical a-spacing-none\" style=\"margin:0px0px0px1.8rem;color:var(--__N4QdCheV6mGo,#0f1111);padding:0px\">\n<li class=\"a-spacing-mini\" style=\"margin:0px\"><span class=\"a-list-item\" style=\"color:var(--__N4QdCheV6mGo,#0f1111)\">Un aut\u00e9ntico laboratorio de belleza para realizar creaciones personalizadas verdaderamente magn\u00edficas: perfumes, jabones, cremas y sales de ba\u00f1o aromatizadas<\/span><\/li>\n<li class=\"a-spacing-mini\" style=\"margin:0px\"><span class=\"a-list-item\" style=\"color:var(--__N4QdCheV6mGo,#0f1111)\">Este kit cient\u00edfico incluye esencias e ingredientes naturales para estimular la creatividad de los ni\u00f1os<\/span><\/li>\n<li class=\"a-spacing-mini\" style=\"margin:0px\"><span class=\"a-list-item\" style=\"color:var(--__N4QdCheV6mGo,#0f1111)\">Un juego cient\u00edfico para crear distintas reacciones y formular tus propios cosm\u00e9ticos<\/span><\/li>\n<li class=\"a-spacing-mini\" style=\"margin:0px\"><span class=\"a-list-item\" style=\"color:var(--__N4QdCheV6mGo,#0f1111)\">Descubre las bases de la ciencia cosm\u00e9tica gracias al completo manual ilustrado<\/span><\/li>\n<li class=\"a-spacing-mini\" style=\"margin:0px\"><span class=\"a-list-item\" style=\"color:var(--__N4QdCheV6mGo,#0f1111)\">Muchas actividades divertidas en un rico manual que gu\u00eda a los ni\u00f1os en el descubrimiento de la ciencia de los perfumes y la cosm\u00e9tica<\/span><\/li>\n<\/ul>\n<\/div>\n<\/div>\n<\/div>\n","protected":false},"excerpt":{"rendered":"<p>Clementoni &#8211; Perfumes y cosm\u00e9ticos &#8211; Juego de Ciencia- 8 a\u00f1os, Juguete en espa\u00f1ol (55424)<\/p>\n","protected":false},"featured_media":585270,"comment_status":"open","ping_status":"closed","template":"","meta":{"_monsterinsights_skip_tracking":false,"_monsterinsights_sitenote_active":false,"_monsterinsights_sitenote_note":"","_monsterinsights_sitenote_category":0,"site-sidebar-layout":"default","site-content-layout":"","ast-site-content-layout":"default","site-content-style":"default","site-sidebar-style":"default","ast-global-header-display":"","ast-banner-title-visibility":"","ast-main-header-display":"","ast-hfb-above-header-display":"","ast-hfb-below-header-display":"","ast-hfb-mobile-header-display":"","site-post-title":"","ast-breadcrumbs-content":"","ast-featured-img":"","footer-sml-layout":"","ast-disable-related-posts":"","theme-transparent-header-meta":"","adv-header-id-meta":"","stick-header-meta":"","header-above-stick-meta":"","header-main-stick-meta":"","header-below-stick-meta":"","astra-migrate-meta-layouts":"default","ast-page-background-enabled":"default","ast-page-background-meta":{"desktop":{"background-color":"var(--ast-global-color-4)","background-image":"","background-repeat":"repeat","background-position":"center center","background-size":"auto","background-attachment":"scroll","background-type":"","background-media":"","overlay-type":"","overlay-color":"","overlay-opacity":"","overlay-gradient":""},"tablet":{"background-color":"","background-image":"","background-repeat":"repeat","background-position":"center center","background-size":"auto","background-attachment":"scroll","background-type":"","background-media":"","overlay-type":"","overlay-color":"","overlay-opacity":"","overlay-gradient":""},"mobile":{"background-color":"","background-image":"","background-repeat":"repeat","background-position":"center center","background-size":"auto","background-attachment":"scroll","background-type":"","background-media":"","overlay-type":"","overlay-color":"","overlay-opacity":"","overlay-gradient":""}},"ast-content-background-meta":{"desktop":{"background-color":"var(--ast-global-color-5)","background-image":"","background-repeat":"repeat","background-position":"center center","background-size":"auto","background-attachment":"scroll","background-type":"","background-media":"","overlay-type":"","overlay-color":"","overlay-opacity":"","overlay-gradient":""},"tablet":{"background-color":"var(--ast-global-color-5)","background-image":"","background-repeat":"repeat","background-position":"center center","background-size":"auto","background-attachment":"scroll","background-type":"","background-media":"","overlay-type":"","overlay-color":"","overlay-opacity":"","overlay-gradient":""},"mobile":{"background-color":"var(--ast-global-color-5)","background-image":"","background-repeat":"repeat","background-position":"center center","background-size":"auto","background-attachment":"scroll","background-type":"","background-media":"","overlay-type":"","overlay-color":"","overlay-opacity":"","overlay-gradient":""}}},"product_brand":[],"product_cat":[251,15],"product_tag":[51,527,294,305],"class_list":{"0":"post-585274","1":"product","2":"type-product","3":"status-publish","4":"has-post-thumbnail","6":"product_cat-creativos","7":"product_cat-tus-juguetes-favoritos","8":"product_tag-8-anos","9":"product_tag-clementoni","10":"product_tag-cosmetica","11":"product_tag-creacion","12":"desktop-align-left","13":"tablet-align-left","14":"mobile-align-left","16":"first","17":"instock","18":"taxable","19":"shipping-taxable","20":"purchasable","21":"product-type-simple"},"aioseo_notices":[],"jetpack_sharing_enabled":true,"jetpack_likes_enabled":true,"_links":{"self":[{"href":"https:\/\/sapoencantado.es\/index.php\/wp-json\/wp\/v2\/product\/585274","targetHints":{"allow":["GET"]}}],"collection":[{"href":"https:\/\/sapoencantado.es\/index.php\/wp-json\/wp\/v2\/product"}],"about":[{"href":"https:\/\/sapoencantado.es\/index.php\/wp-json\/wp\/v2\/types\/product"}],"replies":[{"embeddable":true,"href":"https:\/\/sapoencantado.es\/index.php\/wp-json\/wp\/v2\/comments?post=585274"}],"wp:featuredmedia":[{"embeddable":true,"href":"https:\/\/sapoencantado.es\/index.php\/wp-json\/wp\/v2\/media\/585270"}],"wp:attachment":[{"href":"https:\/\/sapoencantado.es\/index.php\/wp-json\/wp\/v2\/media?parent=585274"}],"wp:term":[{"taxonomy":"product_brand","embeddable":true,"href":"https:\/\/sapoencantado.es\/index.php\/wp-json\/wp\/v2\/product_brand?post=585274"},{"taxonomy":"product_cat","embeddable":true,"href":"https:\/\/sapoencantado.es\/index.php\/wp-json\/wp\/v2\/product_cat?post=585274"},{"taxonomy":"product_tag","embeddable":true,"href":"https:\/\/sapoencantado.es\/index.php\/wp-json\/wp\/v2\/product_tag?post=585274"}],"curies":[{"name":"wp","href":"https:\/\/api.w.org\/{rel}","templated":true}]}}