{"id":585352,"date":"2025-02-03T20:28:49","date_gmt":"2025-02-03T19:28:49","guid":{"rendered":"https:\/\/sapoencantado.es\/index.php\/producto\/clementoni-18702-idea-surprise-box-nature-crafts-para-ninos-de-7-anos-5-creaciones-diferentes\/"},"modified":"2025-04-02T12:48:46","modified_gmt":"2025-04-02T11:48:46","slug":"clementoni-18702-idea-surprise-box-nature-crafts-para-ninos-de-7-anos-5-creaciones-diferentes","status":"publish","type":"product","link":"https:\/\/sapoencantado.es\/index.php\/producto\/clementoni-18702-idea-surprise-box-nature-crafts-para-ninos-de-7-anos-5-creaciones-diferentes\/","title":{"rendered":"Clementoni 18702 Idea-Surprise Box-Nature Crafts para ni\u00f1os de 7 a\u00f1os, 5 creaciones diferentes"},"content":{"rendered":"<p>Clementoni 18702 Idea-Surprise Box-Nature Crafts para ni\u00f1os de 7 a\u00f1os, 5 creaciones diferentes, kit de pintura para ni\u00f1os, pasta de modelado, juego creativo, multicolor, medio<\/p>\n<p>MarcaClementoni<br \/>\nRango de edad (descripci\u00f3n)Infantil<br \/>\nColorMulticolor<br \/>\nTemaNaturaleza<br \/>\nPersonaje en dibujos animadosWeihnachten<br \/>\nDimensiones del producto: largo x ancho x alto18 x 6 x 18 cent\u00edmetros<br \/>\nCaja sorpresa para ni\u00f1os: la naturaleza est\u00e1 en un kit original para divertirse dando rienda suelta a la creatividad<br \/>\nContenido del juego: todos los ingredientes para jugar con pasta de sal y hacer un fant\u00e1stico soporte para bol\u00edgrafos para decorar con elementos naturales, t\u00e9mpera y pincel. Tambi\u00e9n contiene contornos para decorar y ojos pegajosos para crear bonitos personajes.<br \/>\nEscultura infantil: gracias a los palos y cintas de madera, el ni\u00f1o puede divertirse creando las campanillas para decorar el dormitorio.<\/p>\n","protected":false},"excerpt":{"rendered":"<p>Clementoni 18702 Idea-Surprise Box-Nature Crafts para ni\u00f1os de 7 a\u00f1os, 5 creaciones diferentes<\/p>\n","protected":false},"featured_media":585345,"comment_status":"open","ping_status":"closed","template":"","meta":{"_monsterinsights_skip_tracking":false,"_monsterinsights_sitenote_active":false,"_monsterinsights_sitenote_note":"","_monsterinsights_sitenote_category":0,"site-sidebar-layout":"default","site-content-layout":"","ast-site-content-layout":"default","site-content-style":"default","site-sidebar-style":"default","ast-global-header-display":"","ast-banner-title-visibility":"","ast-main-header-display":"","ast-hfb-above-header-display":"","ast-hfb-below-header-display":"","ast-hfb-mobile-header-display":"","site-post-title":"","ast-breadcrumbs-content":"","ast-featured-img":"","footer-sml-layout":"","ast-disable-related-posts":"","theme-transparent-header-meta":"","adv-header-id-meta":"","stick-header-meta":"","header-above-stick-meta":"","header-main-stick-meta":"","header-below-stick-meta":"","astra-migrate-meta-layouts":"default","ast-page-background-enabled":"default","ast-page-background-meta":{"desktop":{"background-color":"var(--ast-global-color-4)","background-image":"","background-repeat":"repeat","background-position":"center center","background-size":"auto","background-attachment":"scroll","background-type":"","background-media":"","overlay-type":"","overlay-color":"","overlay-opacity":"","overlay-gradient":""},"tablet":{"background-color":"","background-image":"","background-repeat":"repeat","background-position":"center center","background-size":"auto","background-attachment":"scroll","background-type":"","background-media":"","overlay-type":"","overlay-color":"","overlay-opacity":"","overlay-gradient":""},"mobile":{"background-color":"","background-image":"","background-repeat":"repeat","background-position":"center center","background-size":"auto","background-attachment":"scroll","background-type":"","background-media":"","overlay-type":"","overlay-color":"","overlay-opacity":"","overlay-gradient":""}},"ast-content-background-meta":{"desktop":{"background-color":"var(--ast-global-color-5)","background-image":"","background-repeat":"repeat","background-position":"center center","background-size":"auto","background-attachment":"scroll","background-type":"","background-media":"","overlay-type":"","overlay-color":"","overlay-opacity":"","overlay-gradient":""},"tablet":{"background-color":"var(--ast-global-color-5)","background-image":"","background-repeat":"repeat","background-position":"center center","background-size":"auto","background-attachment":"scroll","background-type":"","background-media":"","overlay-type":"","overlay-color":"","overlay-opacity":"","overlay-gradient":""},"mobile":{"background-color":"var(--ast-global-color-5)","background-image":"","background-repeat":"repeat","background-position":"center center","background-size":"auto","background-attachment":"scroll","background-type":"","background-media":"","overlay-type":"","overlay-color":"","overlay-opacity":"","overlay-gradient":""}}},"product_brand":[],"product_cat":[251,15],"product_tag":[76,527,292],"class_list":{"0":"post-585352","1":"product","2":"type-product","3":"status-publish","4":"has-post-thumbnail","6":"product_cat-creativos","7":"product_cat-tus-juguetes-favoritos","8":"product_tag-7-anos","9":"product_tag-clementoni","10":"product_tag-creativo","11":"desktop-align-left","12":"tablet-align-left","13":"mobile-align-left","15":"first","16":"instock","17":"taxable","18":"shipping-taxable","19":"purchasable","20":"product-type-simple"},"aioseo_notices":[],"jetpack_sharing_enabled":true,"jetpack_likes_enabled":true,"_links":{"self":[{"href":"https:\/\/sapoencantado.es\/index.php\/wp-json\/wp\/v2\/product\/585352","targetHints":{"allow":["GET"]}}],"collection":[{"href":"https:\/\/sapoencantado.es\/index.php\/wp-json\/wp\/v2\/product"}],"about":[{"href":"https:\/\/sapoencantado.es\/index.php\/wp-json\/wp\/v2\/types\/product"}],"replies":[{"embeddable":true,"href":"https:\/\/sapoencantado.es\/index.php\/wp-json\/wp\/v2\/comments?post=585352"}],"wp:featuredmedia":[{"embeddable":true,"href":"https:\/\/sapoencantado.es\/index.php\/wp-json\/wp\/v2\/media\/585345"}],"wp:attachment":[{"href":"https:\/\/sapoencantado.es\/index.php\/wp-json\/wp\/v2\/media?parent=585352"}],"wp:term":[{"taxonomy":"product_brand","embeddable":true,"href":"https:\/\/sapoencantado.es\/index.php\/wp-json\/wp\/v2\/product_brand?post=585352"},{"taxonomy":"product_cat","embeddable":true,"href":"https:\/\/sapoencantado.es\/index.php\/wp-json\/wp\/v2\/product_cat?post=585352"},{"taxonomy":"product_tag","embeddable":true,"href":"https:\/\/sapoencantado.es\/index.php\/wp-json\/wp\/v2\/product_tag?post=585352"}],"curies":[{"name":"wp","href":"https:\/\/api.w.org\/{rel}","templated":true}]}}