{"id":585480,"date":"2025-02-18T10:52:03","date_gmt":"2025-02-18T09:52:03","guid":{"rendered":"https:\/\/sapoencantado.es\/index.php\/producto\/funko-pop-disney-ultimate-princesa-snow-white-disney-princesas\/"},"modified":"2025-02-18T10:52:03","modified_gmt":"2025-02-18T09:52:03","slug":"funko-pop-disney-ultimate-princesa-snow-white-disney-princesas","status":"publish","type":"product","link":"https:\/\/sapoencantado.es\/index.php\/producto\/funko-pop-disney-ultimate-princesa-snow-white-disney-princesas\/","title":{"rendered":"Funko POP! Disney: Ultimate Princesa &#8211; Snow White &#8211; Disney Princesas &#8211;"},"content":{"rendered":"<h1 class=\"a-size-small a-color-secondary a-text-normal\" data-feature-name=\"title\" data-template-name=\"title\" style=\"padding:0px;margin:0px;font-weight:400!important;font-size:1.3rem!important;line-height:1.4!important;font-style:normal;text-transform:none;color:var(--__N4QdCheV6wPa,#565959)!important;font-family:\"><span class=\"a-size-small a-color-secondary\" id=\"title\" style=\"font-size:1.3rem!important;line-height:1.4!important;color:var(--__N4QdCheV6wPa,#565959)!important;padding-bottom:0px\">Funko POP! Disney: Ultimate Princesa &#8211; Snow White &#8211; Disney Princesas &#8211;<\/span><\/h1>\n<p>TAMA\u00d1O IDEAL PARA COLECCIONAR &#8211; Con una altura aproximada de 9,5 cm, esta mini figurita de vinilo complementa otros art\u00edculos de colecci\u00f3n y encaja perfectamente en tu vitrina o en tu escritorio.<br \/>\nMATERIAL DE VINILO DE PRIMERA CALIDAD &#8211; Fabricado en vinilo duradero de alta calidad, este mu\u00f1eco coleccionable est\u00e1 hecho para durar y soportar el desgaste diario, garantizando un disfrute duradero tanto para los fans como para los coleccionistas.<br \/>\nREGALO PERFECTO PARA LOS FANS DE DISNEY PRINCESSES &#8211; Ideal para fiestas, cumplea\u00f1os u ocasiones especiales y como regalo esta exclusiva figurita es un complemento imprescindible en cualquier colecci\u00f3n de merchandising de Disney Princesses<br \/>\nAMPL\u00cdA TU COLECCI\u00d3N &#8211; A\u00f1ade esta pieza de exhibici\u00f3n de vinilo Snow White \u00fanica a tu creciente surtido de mu\u00f1ecos Funko Pop! y busca otros art\u00edculos coleccionables raros y exclusivos para tener un conjunto completo<br \/>\nMARCA L\u00cdDER EN CULTURA POP &#8211; Conf\u00eda en la experiencia de Funko, el principal creador de art\u00edculos de cultura pop que incluye figuras de vinilo, juguetes de acci\u00f3n, peluches, ropa, juegos de mesa y mucho m\u00e1s.<\/p>\n","protected":false},"excerpt":{"rendered":"<p>Funko POP! Disney: Ultimate Princesa &#8211; Snow White &#8211; Disney Princesas &#8211;<\/p>\n","protected":false},"featured_media":585478,"comment_status":"open","ping_status":"closed","template":"","meta":{"_monsterinsights_skip_tracking":false,"_monsterinsights_sitenote_active":false,"_monsterinsights_sitenote_note":"","_monsterinsights_sitenote_category":0,"site-sidebar-layout":"default","site-content-layout":"","ast-site-content-layout":"default","site-content-style":"default","site-sidebar-style":"default","ast-global-header-display":"","ast-banner-title-visibility":"","ast-main-header-display":"","ast-hfb-above-header-display":"","ast-hfb-below-header-display":"","ast-hfb-mobile-header-display":"","site-post-title":"","ast-breadcrumbs-content":"","ast-featured-img":"","footer-sml-layout":"","ast-disable-related-posts":"","theme-transparent-header-meta":"","adv-header-id-meta":"","stick-header-meta":"","header-above-stick-meta":"","header-main-stick-meta":"","header-below-stick-meta":"","astra-migrate-meta-layouts":"default","ast-page-background-enabled":"default","ast-page-background-meta":{"desktop":{"background-color":"var(--ast-global-color-4)","background-image":"","background-repeat":"repeat","background-position":"center center","background-size":"auto","background-attachment":"scroll","background-type":"","background-media":"","overlay-type":"","overlay-color":"","overlay-opacity":"","overlay-gradient":""},"tablet":{"background-color":"","background-image":"","background-repeat":"repeat","background-position":"center center","background-size":"auto","background-attachment":"scroll","background-type":"","background-media":"","overlay-type":"","overlay-color":"","overlay-opacity":"","overlay-gradient":""},"mobile":{"background-color":"","background-image":"","background-repeat":"repeat","background-position":"center center","background-size":"auto","background-attachment":"scroll","background-type":"","background-media":"","overlay-type":"","overlay-color":"","overlay-opacity":"","overlay-gradient":""}},"ast-content-background-meta":{"desktop":{"background-color":"var(--ast-global-color-5)","background-image":"","background-repeat":"repeat","background-position":"center center","background-size":"auto","background-attachment":"scroll","background-type":"","background-media":"","overlay-type":"","overlay-color":"","overlay-opacity":"","overlay-gradient":""},"tablet":{"background-color":"var(--ast-global-color-5)","background-image":"","background-repeat":"repeat","background-position":"center center","background-size":"auto","background-attachment":"scroll","background-type":"","background-media":"","overlay-type":"","overlay-color":"","overlay-opacity":"","overlay-gradient":""},"mobile":{"background-color":"var(--ast-global-color-5)","background-image":"","background-repeat":"repeat","background-position":"center center","background-size":"auto","background-attachment":"scroll","background-type":"","background-media":"","overlay-type":"","overlay-color":"","overlay-opacity":"","overlay-gradient":""}}},"product_brand":[],"product_cat":[258,15,268],"product_tag":[32,429,486,375],"class_list":{"0":"post-585480","1":"product","2":"type-product","3":"status-publish","4":"has-post-thumbnail","6":"product_cat-funko-pop","7":"product_cat-tus-juguetes-favoritos","8":"product_cat-ofertas","9":"product_tag-3-anos","10":"product_tag-disney","11":"product_tag-funko-pop","12":"product_tag-princesas","13":"desktop-align-left","14":"tablet-align-left","15":"mobile-align-left","17":"first","18":"instock","19":"sale","20":"taxable","21":"shipping-taxable","22":"purchasable","23":"product-type-simple"},"aioseo_notices":[],"jetpack_sharing_enabled":true,"jetpack_likes_enabled":true,"_links":{"self":[{"href":"https:\/\/sapoencantado.es\/index.php\/wp-json\/wp\/v2\/product\/585480","targetHints":{"allow":["GET"]}}],"collection":[{"href":"https:\/\/sapoencantado.es\/index.php\/wp-json\/wp\/v2\/product"}],"about":[{"href":"https:\/\/sapoencantado.es\/index.php\/wp-json\/wp\/v2\/types\/product"}],"replies":[{"embeddable":true,"href":"https:\/\/sapoencantado.es\/index.php\/wp-json\/wp\/v2\/comments?post=585480"}],"wp:featuredmedia":[{"embeddable":true,"href":"https:\/\/sapoencantado.es\/index.php\/wp-json\/wp\/v2\/media\/585478"}],"wp:attachment":[{"href":"https:\/\/sapoencantado.es\/index.php\/wp-json\/wp\/v2\/media?parent=585480"}],"wp:term":[{"taxonomy":"product_brand","embeddable":true,"href":"https:\/\/sapoencantado.es\/index.php\/wp-json\/wp\/v2\/product_brand?post=585480"},{"taxonomy":"product_cat","embeddable":true,"href":"https:\/\/sapoencantado.es\/index.php\/wp-json\/wp\/v2\/product_cat?post=585480"},{"taxonomy":"product_tag","embeddable":true,"href":"https:\/\/sapoencantado.es\/index.php\/wp-json\/wp\/v2\/product_tag?post=585480"}],"curies":[{"name":"wp","href":"https:\/\/api.w.org\/{rel}","templated":true}]}}