{"id":585800,"date":"2025-04-04T10:44:19","date_gmt":"2025-04-04T09:44:19","guid":{"rendered":"https:\/\/sapoencantado.es\/index.php\/producto\/caldero-hechicero-pocion-magica-varios-modelos\/"},"modified":"2026-01-19T13:35:42","modified_gmt":"2026-01-19T12:35:42","slug":"caldero-hechicero-pocion-magica-varios-modelos","status":"publish","type":"product","link":"https:\/\/sapoencantado.es\/index.php\/producto\/caldero-hechicero-pocion-magica-varios-modelos\/","title":{"rendered":"Caldero Hechicero Poci\u00f3n M\u00e1gica Varios Modelos"},"content":{"rendered":"<p>Caldero Hechicero Poci\u00f3n M\u00e1gica Varios Modelos<\/p>\n<p>Tienes preguntas sin respuesta? \u00a1\u00a1La poci\u00f3n m\u00e1gica te las responder\u00e1!! Dentro del perfume m\u00e1gico encontrar\u00e1s todas las soluciones a tus dudas. \u00bfAmor? \u00bfSue\u00f1os? \u00bfSuerte? \u00bfFelicidad? \u00a1Elige tu poci\u00f3n m\u00e1gica y descubre tu destino!<\/p>\n<p>\u00a1ADVERTENCIA! PELIGRO DE ASFIXIA.<br \/>\nContiene piezas peque\u00f1as. No conveniente para ni\u00f1os menores de 36 meses. Utilizar el producto s\u00f3lo a partir de 6 a\u00f1os y bajo la supervisi\u00f3n constante de un adulto. Leer las instrucciones antes del primer uso. Compuesto no destinado a ser ingerido. &#8211; Mantener alejado de la cara y los ojos. Interrumpir su uso en caso de erupci\u00f3n cut\u00e1nea, enrojecimiento, picor o reacci\u00f3n al\u00e9rgica. Los residuos o el color pueden transferirse. Conserve este embalaje para su posterior referencia. Los colores y las im\u00e1genes impresas pueden diferir del contenido. -Retire todos los elementos de sujeci\u00f3n y pl\u00e1stico antes de entregar el producto a un ni\u00f1o.<\/p>\n<p>Marcado CE: S\u00ed.<br \/>\nFabricante: Bizak.<br \/>\nInformaci\u00f3n de contacto: sat@bizak.es<\/p>\n","protected":false},"excerpt":{"rendered":"<p>Caldero Hechicero Poci\u00f3n M\u00e1gica Varios Modelos<\/p>\n","protected":false},"featured_media":585791,"comment_status":"open","ping_status":"closed","template":"","meta":{"_monsterinsights_skip_tracking":false,"_monsterinsights_sitenote_active":false,"_monsterinsights_sitenote_note":"","_monsterinsights_sitenote_category":0,"site-sidebar-layout":"default","site-content-layout":"","ast-site-content-layout":"default","site-content-style":"default","site-sidebar-style":"default","ast-global-header-display":"","ast-banner-title-visibility":"","ast-main-header-display":"","ast-hfb-above-header-display":"","ast-hfb-below-header-display":"","ast-hfb-mobile-header-display":"","site-post-title":"","ast-breadcrumbs-content":"","ast-featured-img":"","footer-sml-layout":"","ast-disable-related-posts":"","theme-transparent-header-meta":"","adv-header-id-meta":"","stick-header-meta":"","header-above-stick-meta":"","header-main-stick-meta":"","header-below-stick-meta":"","astra-migrate-meta-layouts":"default","ast-page-background-enabled":"default","ast-page-background-meta":{"desktop":{"background-color":"var(--ast-global-color-4)","background-image":"","background-repeat":"repeat","background-position":"center center","background-size":"auto","background-attachment":"scroll","background-type":"","background-media":"","overlay-type":"","overlay-color":"","overlay-opacity":"","overlay-gradient":""},"tablet":{"background-color":"","background-image":"","background-repeat":"repeat","background-position":"center center","background-size":"auto","background-attachment":"scroll","background-type":"","background-media":"","overlay-type":"","overlay-color":"","overlay-opacity":"","overlay-gradient":""},"mobile":{"background-color":"","background-image":"","background-repeat":"repeat","background-position":"center center","background-size":"auto","background-attachment":"scroll","background-type":"","background-media":"","overlay-type":"","overlay-color":"","overlay-opacity":"","overlay-gradient":""}},"ast-content-background-meta":{"desktop":{"background-color":"var(--ast-global-color-5)","background-image":"","background-repeat":"repeat","background-position":"center center","background-size":"auto","background-attachment":"scroll","background-type":"","background-media":"","overlay-type":"","overlay-color":"","overlay-opacity":"","overlay-gradient":""},"tablet":{"background-color":"var(--ast-global-color-5)","background-image":"","background-repeat":"repeat","background-position":"center center","background-size":"auto","background-attachment":"scroll","background-type":"","background-media":"","overlay-type":"","overlay-color":"","overlay-opacity":"","overlay-gradient":""},"mobile":{"background-color":"var(--ast-global-color-5)","background-image":"","background-repeat":"repeat","background-position":"center center","background-size":"auto","background-attachment":"scroll","background-type":"","background-media":"","overlay-type":"","overlay-color":"","overlay-opacity":"","overlay-gradient":""}}},"product_brand":[],"product_cat":[15],"product_tag":[56,540],"class_list":{"0":"post-585800","1":"product","2":"type-product","3":"status-publish","4":"has-post-thumbnail","6":"product_cat-tus-juguetes-favoritos","7":"product_tag-6-anos","8":"product_tag-bizak","9":"desktop-align-left","10":"tablet-align-left","11":"mobile-align-left","13":"first","14":"outofstock","15":"taxable","16":"shipping-taxable","17":"purchasable","18":"product-type-simple"},"aioseo_notices":[],"jetpack_sharing_enabled":true,"jetpack_likes_enabled":true,"_links":{"self":[{"href":"https:\/\/sapoencantado.es\/index.php\/wp-json\/wp\/v2\/product\/585800","targetHints":{"allow":["GET"]}}],"collection":[{"href":"https:\/\/sapoencantado.es\/index.php\/wp-json\/wp\/v2\/product"}],"about":[{"href":"https:\/\/sapoencantado.es\/index.php\/wp-json\/wp\/v2\/types\/product"}],"replies":[{"embeddable":true,"href":"https:\/\/sapoencantado.es\/index.php\/wp-json\/wp\/v2\/comments?post=585800"}],"wp:featuredmedia":[{"embeddable":true,"href":"https:\/\/sapoencantado.es\/index.php\/wp-json\/wp\/v2\/media\/585791"}],"wp:attachment":[{"href":"https:\/\/sapoencantado.es\/index.php\/wp-json\/wp\/v2\/media?parent=585800"}],"wp:term":[{"taxonomy":"product_brand","embeddable":true,"href":"https:\/\/sapoencantado.es\/index.php\/wp-json\/wp\/v2\/product_brand?post=585800"},{"taxonomy":"product_cat","embeddable":true,"href":"https:\/\/sapoencantado.es\/index.php\/wp-json\/wp\/v2\/product_cat?post=585800"},{"taxonomy":"product_tag","embeddable":true,"href":"https:\/\/sapoencantado.es\/index.php\/wp-json\/wp\/v2\/product_tag?post=585800"}],"curies":[{"name":"wp","href":"https:\/\/api.w.org\/{rel}","templated":true}]}}