{"id":585812,"date":"2025-04-04T12:00:29","date_gmt":"2025-04-04T11:00:29","guid":{"rendered":"https:\/\/sapoencantado.es\/index.php\/producto\/set-5-figuras-bano-de-peppa-pig\/"},"modified":"2026-01-09T19:50:45","modified_gmt":"2026-01-09T18:50:45","slug":"set-5-figuras-bano-de-peppa-pig","status":"publish","type":"product","link":"https:\/\/sapoencantado.es\/index.php\/producto\/set-5-figuras-bano-de-peppa-pig\/","title":{"rendered":"Set 5 Figuras Ba\u00f1o De Peppa Pig"},"content":{"rendered":"<p>Set 5 Figuras Ba\u00f1o De Peppa Pig<\/p>\n<p>Set 5 figuras ba\u00f1o de Peppa Pig JUGUETES DE BA\u00d1O. Con la colecci\u00f3n de juguetes para la ba\u00f1era de Peppa Pig la hora del ba\u00f1o ser\u00e1 mucho m\u00e1s entretenida. Estos juguetes de la familia de Peppa har\u00e1n que los m\u00e1s peque\u00f1os pasen un rato de ba\u00f1o agradable. \u00a1Los peques estar\u00e1n deseando meterse en la ba\u00f1era! FIGURAS PEPPA PIG. Las figuras para el ba\u00f1o de Peppa Pig son adorables y divertidas, ideales para que los m\u00e1s peque\u00f1os disfruten de la hora del ba\u00f1o mientras se divierten con su personaje favorito. Estas figuras para el agua de Peppa Pig no solo proporcionan diversi\u00f3n, sino que tambi\u00e9n pueden ayudar a los ni\u00f1os a desarrollar habilidades motoras y cognitivas mientras juegan en el agua o fuera de ella. ALTA CALIDAD Y SEGURIDAD. Esta colecci\u00f3n de juguetes de Peppa Pig est\u00e1 fabricada pensando en la seguridad de los m\u00e1s peque\u00f1os. Todos los art\u00edculos pasan los controles de seguridad exigidos por ley. Juguete seguro y no t\u00f3xico. Materiales de primera calidad para garantizar su durabilidad. INCLUYE 5 figuras de la familia de cerditos mas conocida de la historia. Este set contiene a Mama Pig, Papa Pig , Abuelo Pig, George y Peppa Pig. DIMENSIONES. Las figuras tienen un tama\u00f1o entre 7 y 10 cm. Recomendadas para ni\u00f1os y ni\u00f1as a partir de 12 meses.<\/p>\n","protected":false},"excerpt":{"rendered":"<p>Set 5 Figuras Ba\u00f1o De Peppa Pig<\/p>\n","protected":false},"featured_media":585807,"comment_status":"open","ping_status":"closed","template":"","meta":{"_monsterinsights_skip_tracking":false,"_monsterinsights_sitenote_active":false,"_monsterinsights_sitenote_note":"","_monsterinsights_sitenote_category":0,"site-sidebar-layout":"default","site-content-layout":"","ast-site-content-layout":"default","site-content-style":"default","site-sidebar-style":"default","ast-global-header-display":"","ast-banner-title-visibility":"","ast-main-header-display":"","ast-hfb-above-header-display":"","ast-hfb-below-header-display":"","ast-hfb-mobile-header-display":"","site-post-title":"","ast-breadcrumbs-content":"","ast-featured-img":"","footer-sml-layout":"","ast-disable-related-posts":"","theme-transparent-header-meta":"","adv-header-id-meta":"","stick-header-meta":"","header-above-stick-meta":"","header-main-stick-meta":"","header-below-stick-meta":"","astra-migrate-meta-layouts":"default","ast-page-background-enabled":"default","ast-page-background-meta":{"desktop":{"background-color":"var(--ast-global-color-4)","background-image":"","background-repeat":"repeat","background-position":"center center","background-size":"auto","background-attachment":"scroll","background-type":"","background-media":"","overlay-type":"","overlay-color":"","overlay-opacity":"","overlay-gradient":""},"tablet":{"background-color":"","background-image":"","background-repeat":"repeat","background-position":"center center","background-size":"auto","background-attachment":"scroll","background-type":"","background-media":"","overlay-type":"","overlay-color":"","overlay-opacity":"","overlay-gradient":""},"mobile":{"background-color":"","background-image":"","background-repeat":"repeat","background-position":"center center","background-size":"auto","background-attachment":"scroll","background-type":"","background-media":"","overlay-type":"","overlay-color":"","overlay-opacity":"","overlay-gradient":""}},"ast-content-background-meta":{"desktop":{"background-color":"var(--ast-global-color-5)","background-image":"","background-repeat":"repeat","background-position":"center center","background-size":"auto","background-attachment":"scroll","background-type":"","background-media":"","overlay-type":"","overlay-color":"","overlay-opacity":"","overlay-gradient":""},"tablet":{"background-color":"var(--ast-global-color-5)","background-image":"","background-repeat":"repeat","background-position":"center center","background-size":"auto","background-attachment":"scroll","background-type":"","background-media":"","overlay-type":"","overlay-color":"","overlay-opacity":"","overlay-gradient":""},"mobile":{"background-color":"var(--ast-global-color-5)","background-image":"","background-repeat":"repeat","background-position":"center center","background-size":"auto","background-attachment":"scroll","background-type":"","background-media":"","overlay-type":"","overlay-color":"","overlay-opacity":"","overlay-gradient":""}}},"product_brand":[],"product_cat":[345,15],"product_tag":[452,528,543,28],"class_list":{"0":"post-585812","1":"product","2":"type-product","3":"status-publish","4":"has-post-thumbnail","6":"product_cat-agua","7":"product_cat-tus-juguetes-favoritos","8":"product_tag-12-meses","9":"product_tag-bano","10":"product_tag-deqube","11":"product_tag-peppa-pig","12":"desktop-align-left","13":"tablet-align-left","14":"mobile-align-left","16":"first","17":"outofstock","18":"taxable","19":"shipping-taxable","20":"purchasable","21":"product-type-simple"},"aioseo_notices":[],"jetpack_sharing_enabled":true,"jetpack_likes_enabled":true,"_links":{"self":[{"href":"https:\/\/sapoencantado.es\/index.php\/wp-json\/wp\/v2\/product\/585812","targetHints":{"allow":["GET"]}}],"collection":[{"href":"https:\/\/sapoencantado.es\/index.php\/wp-json\/wp\/v2\/product"}],"about":[{"href":"https:\/\/sapoencantado.es\/index.php\/wp-json\/wp\/v2\/types\/product"}],"replies":[{"embeddable":true,"href":"https:\/\/sapoencantado.es\/index.php\/wp-json\/wp\/v2\/comments?post=585812"}],"wp:featuredmedia":[{"embeddable":true,"href":"https:\/\/sapoencantado.es\/index.php\/wp-json\/wp\/v2\/media\/585807"}],"wp:attachment":[{"href":"https:\/\/sapoencantado.es\/index.php\/wp-json\/wp\/v2\/media?parent=585812"}],"wp:term":[{"taxonomy":"product_brand","embeddable":true,"href":"https:\/\/sapoencantado.es\/index.php\/wp-json\/wp\/v2\/product_brand?post=585812"},{"taxonomy":"product_cat","embeddable":true,"href":"https:\/\/sapoencantado.es\/index.php\/wp-json\/wp\/v2\/product_cat?post=585812"},{"taxonomy":"product_tag","embeddable":true,"href":"https:\/\/sapoencantado.es\/index.php\/wp-json\/wp\/v2\/product_tag?post=585812"}],"curies":[{"name":"wp","href":"https:\/\/api.w.org\/{rel}","templated":true}]}}