{"id":585846,"date":"2025-04-07T12:11:21","date_gmt":"2025-04-07T11:11:21","guid":{"rendered":"https:\/\/sapoencantado.es\/index.php\/producto\/cada-fantasma-race-car-app-rc-322-pzas\/"},"modified":"2025-09-02T10:40:41","modified_gmt":"2025-09-02T08:40:41","slug":"cada-fantasma-race-car-app-rc-322-pzas","status":"publish","type":"product","link":"https:\/\/sapoencantado.es\/index.php\/producto\/cada-fantasma-race-car-app-rc-322-pzas\/","title":{"rendered":"CADA: FANTASMA RACE CAR APP + RC 322 PZAS"},"content":{"rendered":"<p>CADA: FANTASMA RACE CAR APP + RC 322 PZAS<\/p>\n<p>Coche deportivo blanco con detalles verdes aerodin\u00e1micos. El veh\u00edculo puede ser controlado por el control remoto de 2.4GHZ y la aplicaci\u00f3n Bluetooth, disponible en versiones Android e IOS. Disfruta de tus turnos con los 4 modos de conducci\u00f3n que te ofrece la App de CADA (giroscopio, scratch de programaci\u00f3n, control desde tu m\u00f3vil o editar tu propia ruta).<br \/>\nDetalles del producto<br \/>\nPeso<br \/>\n0.56 kg<br \/>\nCaja estandar<br \/>\n6<br \/>\nAlto STD<br \/>\n23,5<br \/>\nAncho STD<br \/>\n31,0<br \/>\nFondo STD<br \/>\n38,5<br \/>\nPedidoSinStock<br \/>\nS<br \/>\nMarcaProveedor<br \/>\nDEQUBE<br \/>\nEdad<br \/>\n+6 a\u00f1os<br \/>\nUnidadesPalet<br \/>\n192<br \/>\nEspa\u00f1ol<br \/>\nS<br \/>\nIngles<br \/>\nS<br \/>\nFrances<br \/>\nS<br \/>\nAleman<br \/>\nS<br \/>\nPortugues<br \/>\nS<br \/>\nItaliano<br \/>\nS<br \/>\nAltoUnidad<br \/>\n21,0<br \/>\nAnchoUnidad<br \/>\n30,0<br \/>\nFondoUnidad<br \/>\n6,0<br \/>\nLicencia<br \/>\nCADA<br \/>\nSonido<br \/>\nN<br \/>\nLuz<br \/>\nN<br \/>\nMusica<br \/>\nN<br \/>\nImportacion<br \/>\nS<br \/>\nCatalogoImportacion<br \/>\nTachan<br \/>\nMarcas y Personajes<br \/>\nCADA<br \/>\nDEQUBE<br \/>\nPilasIncluidas<br \/>\nNoLlevaPilas<br \/>\nUltimaEntrada<br \/>\nCLASIFICACION VENTA<br \/>\nB<br \/>\nArancel<br \/>\n4,7<\/p>\n","protected":false},"excerpt":{"rendered":"<p>CADA: FANTASMA RACE CAR APP + RC 322 PZAS<\/p>\n","protected":false},"featured_media":585841,"comment_status":"open","ping_status":"closed","template":"","meta":{"_monsterinsights_skip_tracking":false,"_monsterinsights_sitenote_active":false,"_monsterinsights_sitenote_note":"","_monsterinsights_sitenote_category":0,"site-sidebar-layout":"default","site-content-layout":"","ast-site-content-layout":"default","site-content-style":"default","site-sidebar-style":"default","ast-global-header-display":"","ast-banner-title-visibility":"","ast-main-header-display":"","ast-hfb-above-header-display":"","ast-hfb-below-header-display":"","ast-hfb-mobile-header-display":"","site-post-title":"","ast-breadcrumbs-content":"","ast-featured-img":"","footer-sml-layout":"","ast-disable-related-posts":"","theme-transparent-header-meta":"","adv-header-id-meta":"","stick-header-meta":"","header-above-stick-meta":"","header-main-stick-meta":"","header-below-stick-meta":"","astra-migrate-meta-layouts":"default","ast-page-background-enabled":"default","ast-page-background-meta":{"desktop":{"background-color":"var(--ast-global-color-4)","background-image":"","background-repeat":"repeat","background-position":"center center","background-size":"auto","background-attachment":"scroll","background-type":"","background-media":"","overlay-type":"","overlay-color":"","overlay-opacity":"","overlay-gradient":""},"tablet":{"background-color":"","background-image":"","background-repeat":"repeat","background-position":"center center","background-size":"auto","background-attachment":"scroll","background-type":"","background-media":"","overlay-type":"","overlay-color":"","overlay-opacity":"","overlay-gradient":""},"mobile":{"background-color":"","background-image":"","background-repeat":"repeat","background-position":"center center","background-size":"auto","background-attachment":"scroll","background-type":"","background-media":"","overlay-type":"","overlay-color":"","overlay-opacity":"","overlay-gradient":""}},"ast-content-background-meta":{"desktop":{"background-color":"var(--ast-global-color-5)","background-image":"","background-repeat":"repeat","background-position":"center center","background-size":"auto","background-attachment":"scroll","background-type":"","background-media":"","overlay-type":"","overlay-color":"","overlay-opacity":"","overlay-gradient":""},"tablet":{"background-color":"var(--ast-global-color-5)","background-image":"","background-repeat":"repeat","background-position":"center center","background-size":"auto","background-attachment":"scroll","background-type":"","background-media":"","overlay-type":"","overlay-color":"","overlay-opacity":"","overlay-gradient":""},"mobile":{"background-color":"var(--ast-global-color-5)","background-image":"","background-repeat":"repeat","background-position":"center center","background-size":"auto","background-attachment":"scroll","background-type":"","background-media":"","overlay-type":"","overlay-color":"","overlay-opacity":"","overlay-gradient":""}}},"product_brand":[],"product_cat":[251,15],"product_tag":[56,367,305,543,381],"class_list":{"0":"post-585846","1":"product","2":"type-product","3":"status-publish","4":"has-post-thumbnail","6":"product_cat-creativos","7":"product_cat-tus-juguetes-favoritos","8":"product_tag-6-anos","9":"product_tag-coche","10":"product_tag-creacion","11":"product_tag-deqube","12":"product_tag-radio-control","13":"desktop-align-left","14":"tablet-align-left","15":"mobile-align-left","17":"first","18":"outofstock","19":"taxable","20":"shipping-taxable","21":"purchasable","22":"product-type-simple"},"aioseo_notices":[],"jetpack_sharing_enabled":true,"jetpack_likes_enabled":true,"_links":{"self":[{"href":"https:\/\/sapoencantado.es\/index.php\/wp-json\/wp\/v2\/product\/585846","targetHints":{"allow":["GET"]}}],"collection":[{"href":"https:\/\/sapoencantado.es\/index.php\/wp-json\/wp\/v2\/product"}],"about":[{"href":"https:\/\/sapoencantado.es\/index.php\/wp-json\/wp\/v2\/types\/product"}],"replies":[{"embeddable":true,"href":"https:\/\/sapoencantado.es\/index.php\/wp-json\/wp\/v2\/comments?post=585846"}],"wp:featuredmedia":[{"embeddable":true,"href":"https:\/\/sapoencantado.es\/index.php\/wp-json\/wp\/v2\/media\/585841"}],"wp:attachment":[{"href":"https:\/\/sapoencantado.es\/index.php\/wp-json\/wp\/v2\/media?parent=585846"}],"wp:term":[{"taxonomy":"product_brand","embeddable":true,"href":"https:\/\/sapoencantado.es\/index.php\/wp-json\/wp\/v2\/product_brand?post=585846"},{"taxonomy":"product_cat","embeddable":true,"href":"https:\/\/sapoencantado.es\/index.php\/wp-json\/wp\/v2\/product_cat?post=585846"},{"taxonomy":"product_tag","embeddable":true,"href":"https:\/\/sapoencantado.es\/index.php\/wp-json\/wp\/v2\/product_tag?post=585846"}],"curies":[{"name":"wp","href":"https:\/\/api.w.org\/{rel}","templated":true}]}}