{"id":585857,"date":"2025-04-07T12:21:58","date_gmt":"2025-04-07T11:21:58","guid":{"rendered":"https:\/\/sapoencantado.es\/index.php\/producto\/cada-124-citroen-2cv-298-pzas\/"},"modified":"2025-04-07T12:21:58","modified_gmt":"2025-04-07T11:21:58","slug":"cada-124-citroen-2cv-298-pzas","status":"publish","type":"product","link":"https:\/\/sapoencantado.es\/index.php\/producto\/cada-124-citroen-2cv-298-pzas\/","title":{"rendered":"CADA: 1:24 CITRO\u00cbN 2CV 298 PZAS"},"content":{"rendered":"<p>CADA: 1:24 CITRO\u00cbN 2CV 298 PZAS<\/p>\n<p>R\u00e9plica de un cl\u00e1sico con gran detalle a escala 1:24, muy f\u00e1cil de montar y un gran regalo que har\u00e1 las delicias de cualquier melanc\u00f3lico a primera vista. Apertura de puertas en maletero y cap\u00f3 delantero<br \/>\nDetalles del producto<br \/>\nPeso<br \/>\n0.37 kg<br \/>\nCaja estandar<br \/>\n6<br \/>\nAlto STD<br \/>\n30,0<br \/>\nAncho STD<br \/>\n27,6<br \/>\nFondo STD<br \/>\n22,8<br \/>\nSelecci\u00f3n art\u00edculo<br \/>\nPermanente<br \/>\nPedidoSinStock<br \/>\nN<br \/>\nMarcaProveedor<br \/>\nCaDa<br \/>\nEdad<br \/>\n+8 a\u00f1os<br \/>\nCatalogoNavidad<br \/>\nN<br \/>\nCatalogoVerano<br \/>\nVerano<br \/>\nHolandes<br \/>\nN<br \/>\nEspa\u00f1ol<br \/>\nS<br \/>\nIngles<br \/>\nS<br \/>\nFrances<br \/>\nS<br \/>\nAleman<br \/>\nS<br \/>\nPortugues<br \/>\nS<br \/>\nItaliano<br \/>\nS<br \/>\nAltoUnidad<br \/>\n14,2<br \/>\nAnchoUnidad<br \/>\n26,2<br \/>\nFondoUnidad<br \/>\n7,2<br \/>\nnPilas1<br \/>\n0<br \/>\nSonido<br \/>\nN<br \/>\nLuz<br \/>\nN<br \/>\nMusica<br \/>\nN<br \/>\nImportacion<br \/>\nS<br \/>\nCatalogoImportacion<br \/>\nTachan<br \/>\nMarcas y Personajes<br \/>\nCADA<br \/>\nPilasIncluidas<br \/>\nN<br \/>\nUltimaEntrada<br \/>\nCLASIFICACION VENTA<br \/>\nB<br \/>\nArancel<br \/>\n4,7<\/p>\n","protected":false},"excerpt":{"rendered":"<p>CADA: 1:24 CITRO\u00cbN 2CV 298 PZAS<\/p>\n","protected":false},"featured_media":585852,"comment_status":"open","ping_status":"closed","template":"","meta":{"_monsterinsights_skip_tracking":false,"_monsterinsights_sitenote_active":false,"_monsterinsights_sitenote_note":"","_monsterinsights_sitenote_category":0,"site-sidebar-layout":"default","site-content-layout":"","ast-site-content-layout":"default","site-content-style":"default","site-sidebar-style":"default","ast-global-header-display":"","ast-banner-title-visibility":"","ast-main-header-display":"","ast-hfb-above-header-display":"","ast-hfb-below-header-display":"","ast-hfb-mobile-header-display":"","site-post-title":"","ast-breadcrumbs-content":"","ast-featured-img":"","footer-sml-layout":"","ast-disable-related-posts":"","theme-transparent-header-meta":"","adv-header-id-meta":"","stick-header-meta":"","header-above-stick-meta":"","header-main-stick-meta":"","header-below-stick-meta":"","astra-migrate-meta-layouts":"default","ast-page-background-enabled":"default","ast-page-background-meta":{"desktop":{"background-color":"var(--ast-global-color-4)","background-image":"","background-repeat":"repeat","background-position":"center center","background-size":"auto","background-attachment":"scroll","background-type":"","background-media":"","overlay-type":"","overlay-color":"","overlay-opacity":"","overlay-gradient":""},"tablet":{"background-color":"","background-image":"","background-repeat":"repeat","background-position":"center center","background-size":"auto","background-attachment":"scroll","background-type":"","background-media":"","overlay-type":"","overlay-color":"","overlay-opacity":"","overlay-gradient":""},"mobile":{"background-color":"","background-image":"","background-repeat":"repeat","background-position":"center center","background-size":"auto","background-attachment":"scroll","background-type":"","background-media":"","overlay-type":"","overlay-color":"","overlay-opacity":"","overlay-gradient":""}},"ast-content-background-meta":{"desktop":{"background-color":"var(--ast-global-color-5)","background-image":"","background-repeat":"repeat","background-position":"center center","background-size":"auto","background-attachment":"scroll","background-type":"","background-media":"","overlay-type":"","overlay-color":"","overlay-opacity":"","overlay-gradient":""},"tablet":{"background-color":"var(--ast-global-color-5)","background-image":"","background-repeat":"repeat","background-position":"center center","background-size":"auto","background-attachment":"scroll","background-type":"","background-media":"","overlay-type":"","overlay-color":"","overlay-opacity":"","overlay-gradient":""},"mobile":{"background-color":"var(--ast-global-color-5)","background-image":"","background-repeat":"repeat","background-position":"center center","background-size":"auto","background-attachment":"scroll","background-type":"","background-media":"","overlay-type":"","overlay-color":"","overlay-opacity":"","overlay-gradient":""}}},"product_brand":[],"product_cat":[251,15],"product_tag":[56,367,305,543],"class_list":{"0":"post-585857","1":"product","2":"type-product","3":"status-publish","4":"has-post-thumbnail","6":"product_cat-creativos","7":"product_cat-tus-juguetes-favoritos","8":"product_tag-6-anos","9":"product_tag-coche","10":"product_tag-creacion","11":"product_tag-deqube","12":"desktop-align-left","13":"tablet-align-left","14":"mobile-align-left","16":"first","17":"instock","18":"taxable","19":"shipping-taxable","20":"purchasable","21":"product-type-simple"},"aioseo_notices":[],"jetpack_sharing_enabled":true,"jetpack_likes_enabled":true,"_links":{"self":[{"href":"https:\/\/sapoencantado.es\/index.php\/wp-json\/wp\/v2\/product\/585857","targetHints":{"allow":["GET"]}}],"collection":[{"href":"https:\/\/sapoencantado.es\/index.php\/wp-json\/wp\/v2\/product"}],"about":[{"href":"https:\/\/sapoencantado.es\/index.php\/wp-json\/wp\/v2\/types\/product"}],"replies":[{"embeddable":true,"href":"https:\/\/sapoencantado.es\/index.php\/wp-json\/wp\/v2\/comments?post=585857"}],"wp:featuredmedia":[{"embeddable":true,"href":"https:\/\/sapoencantado.es\/index.php\/wp-json\/wp\/v2\/media\/585852"}],"wp:attachment":[{"href":"https:\/\/sapoencantado.es\/index.php\/wp-json\/wp\/v2\/media?parent=585857"}],"wp:term":[{"taxonomy":"product_brand","embeddable":true,"href":"https:\/\/sapoencantado.es\/index.php\/wp-json\/wp\/v2\/product_brand?post=585857"},{"taxonomy":"product_cat","embeddable":true,"href":"https:\/\/sapoencantado.es\/index.php\/wp-json\/wp\/v2\/product_cat?post=585857"},{"taxonomy":"product_tag","embeddable":true,"href":"https:\/\/sapoencantado.es\/index.php\/wp-json\/wp\/v2\/product_tag?post=585857"}],"curies":[{"name":"wp","href":"https:\/\/api.w.org\/{rel}","templated":true}]}}