{"id":585879,"date":"2025-04-08T11:22:42","date_gmt":"2025-04-08T10:22:42","guid":{"rendered":"https:\/\/sapoencantado.es\/index.php\/producto\/toro-bravo-color-modelo-surtido\/"},"modified":"2026-01-15T13:21:07","modified_gmt":"2026-01-15T12:21:07","slug":"toro-bravo-color-modelo-surtido","status":"publish","type":"product","link":"https:\/\/sapoencantado.es\/index.php\/producto\/toro-bravo-color-modelo-surtido\/","title":{"rendered":"Toro Bravo , color\/modelo surtido"},"content":{"rendered":"<p>Toro Bravo , color\/modelo surtido<\/p>\n<p>FIGURA TORO BRAVO. Fabricada de resina de alta calidad cuidando cada detalle para alcanzar el m\u00e1ximo realismo y belleza en cada una de las piezas. Pintada a mano, en la que queda reflejada la perfecci\u00f3n y grandeza de este animal.<br \/>\nREPLICA A ESCALA del toro Bravo espa\u00f1ol de alta calidad y durabilidad. En este modelo de Deqube el toro Bravo est\u00e1 en actitud relajada trotando con un pelaje de color marr\u00f3n oscuro denominado Casta\u00f1o.<br \/>\nCOLECCI\u00d3N TORO BRAVO DEQUBE. Esta figura forma parte de una amplia colecci\u00f3n compuesta por 10 pelajes diferentes y cada uno de ellos disponibles en dos posiciones, embistiendo y trotando, lo que hace un total de 20 figuras distintas.<br \/>\nVALOR EDUCACIONAL. Gran valor educacional por su r\u00e9plica exacta. Juego creativo con elementos que representan fielmente la realidad de este animal. Adem\u00e1s de jugar, aprenden a reconocer la figura del toro y sus caracter\u00edsticas. Potencia el juego imaginativo.<br \/>\nLAS DIMENSIONES son 8 cm de altura, 4 cm de ancho y 15 cm de largo. Tiene un tama\u00f1o \u00f3ptimo para que los ni\u00f1os y ni\u00f1as puedan desarrollar un juego c\u00f3modo. R\u00e9plica hecha a escala 1:16. Recomendado a partir de 3 a\u00f1os.<\/p>\n","protected":false},"excerpt":{"rendered":"<p>Toro Bravo , color\/modelo surtido<\/p>\n","protected":false},"featured_media":585864,"comment_status":"open","ping_status":"closed","template":"","meta":{"_monsterinsights_skip_tracking":false,"_monsterinsights_sitenote_active":false,"_monsterinsights_sitenote_note":"","_monsterinsights_sitenote_category":0,"site-sidebar-layout":"default","site-content-layout":"","ast-site-content-layout":"default","site-content-style":"default","site-sidebar-style":"default","ast-global-header-display":"","ast-banner-title-visibility":"","ast-main-header-display":"","ast-hfb-above-header-display":"","ast-hfb-below-header-display":"","ast-hfb-mobile-header-display":"","site-post-title":"","ast-breadcrumbs-content":"","ast-featured-img":"","footer-sml-layout":"","ast-disable-related-posts":"","theme-transparent-header-meta":"","adv-header-id-meta":"","stick-header-meta":"","header-above-stick-meta":"","header-main-stick-meta":"","header-below-stick-meta":"","astra-migrate-meta-layouts":"default","ast-page-background-enabled":"default","ast-page-background-meta":{"desktop":{"background-color":"var(--ast-global-color-4)","background-image":"","background-repeat":"repeat","background-position":"center center","background-size":"auto","background-attachment":"scroll","background-type":"","background-media":"","overlay-type":"","overlay-color":"","overlay-opacity":"","overlay-gradient":""},"tablet":{"background-color":"","background-image":"","background-repeat":"repeat","background-position":"center center","background-size":"auto","background-attachment":"scroll","background-type":"","background-media":"","overlay-type":"","overlay-color":"","overlay-opacity":"","overlay-gradient":""},"mobile":{"background-color":"","background-image":"","background-repeat":"repeat","background-position":"center center","background-size":"auto","background-attachment":"scroll","background-type":"","background-media":"","overlay-type":"","overlay-color":"","overlay-opacity":"","overlay-gradient":""}},"ast-content-background-meta":{"desktop":{"background-color":"var(--ast-global-color-5)","background-image":"","background-repeat":"repeat","background-position":"center center","background-size":"auto","background-attachment":"scroll","background-type":"","background-media":"","overlay-type":"","overlay-color":"","overlay-opacity":"","overlay-gradient":""},"tablet":{"background-color":"var(--ast-global-color-5)","background-image":"","background-repeat":"repeat","background-position":"center center","background-size":"auto","background-attachment":"scroll","background-type":"","background-media":"","overlay-type":"","overlay-color":"","overlay-opacity":"","overlay-gradient":""},"mobile":{"background-color":"var(--ast-global-color-5)","background-image":"","background-repeat":"repeat","background-position":"center center","background-size":"auto","background-attachment":"scroll","background-type":"","background-media":"","overlay-type":"","overlay-color":"","overlay-opacity":"","overlay-gradient":""}}},"product_brand":[],"product_cat":[248,15],"product_tag":[286,543,546],"class_list":{"0":"post-585879","1":"product","2":"type-product","3":"status-publish","4":"has-post-thumbnail","6":"product_cat-animales","7":"product_cat-tus-juguetes-favoritos","8":"product_tag-animales","9":"product_tag-deqube","10":"product_tag-toro","11":"desktop-align-left","12":"tablet-align-left","13":"mobile-align-left","15":"first","16":"instock","17":"taxable","18":"shipping-taxable","19":"purchasable","20":"product-type-simple"},"aioseo_notices":[],"jetpack_sharing_enabled":true,"jetpack_likes_enabled":true,"_links":{"self":[{"href":"https:\/\/sapoencantado.es\/index.php\/wp-json\/wp\/v2\/product\/585879","targetHints":{"allow":["GET"]}}],"collection":[{"href":"https:\/\/sapoencantado.es\/index.php\/wp-json\/wp\/v2\/product"}],"about":[{"href":"https:\/\/sapoencantado.es\/index.php\/wp-json\/wp\/v2\/types\/product"}],"replies":[{"embeddable":true,"href":"https:\/\/sapoencantado.es\/index.php\/wp-json\/wp\/v2\/comments?post=585879"}],"wp:featuredmedia":[{"embeddable":true,"href":"https:\/\/sapoencantado.es\/index.php\/wp-json\/wp\/v2\/media\/585864"}],"wp:attachment":[{"href":"https:\/\/sapoencantado.es\/index.php\/wp-json\/wp\/v2\/media?parent=585879"}],"wp:term":[{"taxonomy":"product_brand","embeddable":true,"href":"https:\/\/sapoencantado.es\/index.php\/wp-json\/wp\/v2\/product_brand?post=585879"},{"taxonomy":"product_cat","embeddable":true,"href":"https:\/\/sapoencantado.es\/index.php\/wp-json\/wp\/v2\/product_cat?post=585879"},{"taxonomy":"product_tag","embeddable":true,"href":"https:\/\/sapoencantado.es\/index.php\/wp-json\/wp\/v2\/product_tag?post=585879"}],"curies":[{"name":"wp","href":"https:\/\/api.w.org\/{rel}","templated":true}]}}