{"id":586296,"date":"2025-05-27T19:29:23","date_gmt":"2025-05-27T18:29:23","guid":{"rendered":"https:\/\/sapoencantado.es\/index.php\/producto\/crayola-creations-kit-marcos-de-fotos-personalizables-con-brillantes-de-colores-actividad-creativa-y-regalo-para-ninas-a-partir-de-8-anos\/"},"modified":"2025-07-30T12:34:19","modified_gmt":"2025-07-30T10:34:19","slug":"crayola-creations-kit-marcos-de-fotos-personalizables-con-brillantes-de-colores-actividad-creativa-y-regalo-para-ninas-a-partir-de-8-anos","status":"publish","type":"product","link":"https:\/\/sapoencantado.es\/index.php\/producto\/crayola-creations-kit-marcos-de-fotos-personalizables-con-brillantes-de-colores-actividad-creativa-y-regalo-para-ninas-a-partir-de-8-anos\/","title":{"rendered":"CRAYOLA Creations &#8211; Kit marcos de fotos personalizables con brillantes de colores, actividad creativa y regalo para ni\u00f1as, a partir de 8 a\u00f1os"},"content":{"rendered":"<p>CRAYOLA Creations &#8211; Kit marcos de fotos personalizables con brillantes de colores, actividad creativa y regalo para ni\u00f1as, a partir de 8 a\u00f1os<\/p>\n<p>CRAYOLA CREATIONS es la l\u00ednea creada para ni\u00f1as a partir de 8 a\u00f1os que les permite crear, expresarse y personalizar su mundo de forma original y creativa<br \/>\nCREA TUS MARCOS DE FOTOS: un kit completo para crear marcos personalizados con brillantes de colores<br \/>\nF\u00c1CIL Y DIVERTIDO: solo hay que despegar la pel\u00edcula adhesiva y colocar los brillantes con la ayuda del utensilio especial, siguiendo el motivo o inventando uno nuevo<br \/>\nCONTENIDO: incluye m\u00e1s de 5000 brillantes de 7 colores diferentes<br \/>\nINFORMACI\u00d3N \u00daTIL: el kit contiene 1 marco de 10 x 15 cm, 2 marcos de 6 x 9 cm, brillantes (total 28 g), aplicador, cera, bandeja e instrucciones<\/p>\n","protected":false},"excerpt":{"rendered":"<p>CRAYOLA Creations &#8211; Kit marcos de fotos personalizables con brillantes de colores,<\/p>\n","protected":false},"featured_media":586292,"comment_status":"open","ping_status":"closed","template":"","meta":{"_monsterinsights_skip_tracking":false,"_monsterinsights_sitenote_active":false,"_monsterinsights_sitenote_note":"","_monsterinsights_sitenote_category":0,"site-sidebar-layout":"default","site-content-layout":"","ast-site-content-layout":"default","site-content-style":"default","site-sidebar-style":"default","ast-global-header-display":"","ast-banner-title-visibility":"","ast-main-header-display":"","ast-hfb-above-header-display":"","ast-hfb-below-header-display":"","ast-hfb-mobile-header-display":"","site-post-title":"","ast-breadcrumbs-content":"","ast-featured-img":"","footer-sml-layout":"","ast-disable-related-posts":"","theme-transparent-header-meta":"","adv-header-id-meta":"","stick-header-meta":"","header-above-stick-meta":"","header-main-stick-meta":"","header-below-stick-meta":"","astra-migrate-meta-layouts":"default","ast-page-background-enabled":"default","ast-page-background-meta":{"desktop":{"background-color":"var(--ast-global-color-4)","background-image":"","background-repeat":"repeat","background-position":"center center","background-size":"auto","background-attachment":"scroll","background-type":"","background-media":"","overlay-type":"","overlay-color":"","overlay-opacity":"","overlay-gradient":""},"tablet":{"background-color":"","background-image":"","background-repeat":"repeat","background-position":"center center","background-size":"auto","background-attachment":"scroll","background-type":"","background-media":"","overlay-type":"","overlay-color":"","overlay-opacity":"","overlay-gradient":""},"mobile":{"background-color":"","background-image":"","background-repeat":"repeat","background-position":"center center","background-size":"auto","background-attachment":"scroll","background-type":"","background-media":"","overlay-type":"","overlay-color":"","overlay-opacity":"","overlay-gradient":""}},"ast-content-background-meta":{"desktop":{"background-color":"var(--ast-global-color-5)","background-image":"","background-repeat":"repeat","background-position":"center center","background-size":"auto","background-attachment":"scroll","background-type":"","background-media":"","overlay-type":"","overlay-color":"","overlay-opacity":"","overlay-gradient":""},"tablet":{"background-color":"var(--ast-global-color-5)","background-image":"","background-repeat":"repeat","background-position":"center center","background-size":"auto","background-attachment":"scroll","background-type":"","background-media":"","overlay-type":"","overlay-color":"","overlay-opacity":"","overlay-gradient":""},"mobile":{"background-color":"var(--ast-global-color-5)","background-image":"","background-repeat":"repeat","background-position":"center center","background-size":"auto","background-attachment":"scroll","background-type":"","background-media":"","overlay-type":"","overlay-color":"","overlay-opacity":"","overlay-gradient":""}}},"product_brand":[],"product_cat":[251,15],"product_tag":[51,499,292],"class_list":{"0":"post-586296","1":"product","2":"type-product","3":"status-publish","4":"has-post-thumbnail","6":"product_cat-creativos","7":"product_cat-tus-juguetes-favoritos","8":"product_tag-8-anos","9":"product_tag-crayola","10":"product_tag-creativo","11":"desktop-align-left","12":"tablet-align-left","13":"mobile-align-left","15":"first","16":"instock","17":"taxable","18":"shipping-taxable","19":"purchasable","20":"product-type-simple"},"aioseo_notices":[],"jetpack_sharing_enabled":true,"jetpack_likes_enabled":true,"_links":{"self":[{"href":"https:\/\/sapoencantado.es\/index.php\/wp-json\/wp\/v2\/product\/586296","targetHints":{"allow":["GET"]}}],"collection":[{"href":"https:\/\/sapoencantado.es\/index.php\/wp-json\/wp\/v2\/product"}],"about":[{"href":"https:\/\/sapoencantado.es\/index.php\/wp-json\/wp\/v2\/types\/product"}],"replies":[{"embeddable":true,"href":"https:\/\/sapoencantado.es\/index.php\/wp-json\/wp\/v2\/comments?post=586296"}],"wp:featuredmedia":[{"embeddable":true,"href":"https:\/\/sapoencantado.es\/index.php\/wp-json\/wp\/v2\/media\/586292"}],"wp:attachment":[{"href":"https:\/\/sapoencantado.es\/index.php\/wp-json\/wp\/v2\/media?parent=586296"}],"wp:term":[{"taxonomy":"product_brand","embeddable":true,"href":"https:\/\/sapoencantado.es\/index.php\/wp-json\/wp\/v2\/product_brand?post=586296"},{"taxonomy":"product_cat","embeddable":true,"href":"https:\/\/sapoencantado.es\/index.php\/wp-json\/wp\/v2\/product_cat?post=586296"},{"taxonomy":"product_tag","embeddable":true,"href":"https:\/\/sapoencantado.es\/index.php\/wp-json\/wp\/v2\/product_tag?post=586296"}],"curies":[{"name":"wp","href":"https:\/\/api.w.org\/{rel}","templated":true}]}}