{"id":586389,"date":"2025-06-13T17:16:15","date_gmt":"2025-06-13T16:16:15","guid":{"rendered":"https:\/\/sapoencantado.es\/index.php\/producto\/radio-control-audi-rs-q-e-tron-e2-124\/"},"modified":"2026-01-05T18:57:43","modified_gmt":"2026-01-05T17:57:43","slug":"radio-control-audi-rs-q-e-tron-e2-124","status":"publish","type":"product","link":"https:\/\/sapoencantado.es\/index.php\/producto\/radio-control-audi-rs-q-e-tron-e2-124\/","title":{"rendered":"Radio Control Audi RS Q E-Tron E2 1:24"},"content":{"rendered":"<p>Radio Control Audi RS Q E-Tron E2 1:24<\/p>\n<p>L\u00e1nzate a la aventura junto a un veh\u00edculo creado para grandes haza\u00f1as! \u00a1Hazte con este espectacular Radio Control Audi RS Q E-Tron E2 1:24 de Mondo!<\/p>\n<p>Toma el control de este genial Audi a escala, un veh\u00edculo con funci\u00f3n por control remoto, con dise\u00f1o de alta resistencia y detalles que convierten la experiencia en algo alucinante.<\/p>\n<p>Edad recomendada: 6 a\u00f1os o m\u00e1s.<\/p>\n<p>Colecci\u00f3n: Mondo Motors.<\/p>\n<p>Incluye: 1 coche Audi RS Q E-Tron E2 de color negro con control total, ruedas de goma, dise\u00f1o resistente y muchos m\u00e1s detalles de lujo y 1 control remoto con tecnolog\u00eda 2,4 GHz.<\/p>\n<p>Medidas aproximadas del veh\u00edculo: 10 cm de alto, 15 cm de ancho y 19 cm de largo.<\/p>\n<p>Escala 1:24.<\/p>\n<p>Medidas aproximadas del control remoto: 10 cm de alto, 10 cm de ancho y 4 cm de fondo.<\/p>\n<p>El veh\u00edculo funciona con 3 pilas &#8220;AA&#8221; (no incluidas)<br \/>\nPuede encontrar las pilas y bater\u00edas<\/p>\n<p>El control remoto funciona con 2 pilas &#8220;AA&#8221; (no incluidas)<br \/>\nPuede encontrar las pilas y bater\u00edas<\/p>\n","protected":false},"excerpt":{"rendered":"<p>Radio Control Audi RS Q E-Tron E2 1:24<\/p>\n","protected":false},"featured_media":586385,"comment_status":"open","ping_status":"closed","template":"","meta":{"_monsterinsights_skip_tracking":false,"_monsterinsights_sitenote_active":false,"_monsterinsights_sitenote_note":"","_monsterinsights_sitenote_category":0,"site-sidebar-layout":"default","site-content-layout":"","ast-site-content-layout":"default","site-content-style":"default","site-sidebar-style":"default","ast-global-header-display":"","ast-banner-title-visibility":"","ast-main-header-display":"","ast-hfb-above-header-display":"","ast-hfb-below-header-display":"","ast-hfb-mobile-header-display":"","site-post-title":"","ast-breadcrumbs-content":"","ast-featured-img":"","footer-sml-layout":"","ast-disable-related-posts":"","theme-transparent-header-meta":"","adv-header-id-meta":"","stick-header-meta":"","header-above-stick-meta":"","header-main-stick-meta":"","header-below-stick-meta":"","astra-migrate-meta-layouts":"default","ast-page-background-enabled":"default","ast-page-background-meta":{"desktop":{"background-color":"var(--ast-global-color-4)","background-image":"","background-repeat":"repeat","background-position":"center center","background-size":"auto","background-attachment":"scroll","background-type":"","background-media":"","overlay-type":"","overlay-color":"","overlay-opacity":"","overlay-gradient":""},"tablet":{"background-color":"","background-image":"","background-repeat":"repeat","background-position":"center center","background-size":"auto","background-attachment":"scroll","background-type":"","background-media":"","overlay-type":"","overlay-color":"","overlay-opacity":"","overlay-gradient":""},"mobile":{"background-color":"","background-image":"","background-repeat":"repeat","background-position":"center center","background-size":"auto","background-attachment":"scroll","background-type":"","background-media":"","overlay-type":"","overlay-color":"","overlay-opacity":"","overlay-gradient":""}},"ast-content-background-meta":{"desktop":{"background-color":"var(--ast-global-color-5)","background-image":"","background-repeat":"repeat","background-position":"center center","background-size":"auto","background-attachment":"scroll","background-type":"","background-media":"","overlay-type":"","overlay-color":"","overlay-opacity":"","overlay-gradient":""},"tablet":{"background-color":"var(--ast-global-color-5)","background-image":"","background-repeat":"repeat","background-position":"center center","background-size":"auto","background-attachment":"scroll","background-type":"","background-media":"","overlay-type":"","overlay-color":"","overlay-opacity":"","overlay-gradient":""},"mobile":{"background-color":"var(--ast-global-color-5)","background-image":"","background-repeat":"repeat","background-position":"center center","background-size":"auto","background-attachment":"scroll","background-type":"","background-media":"","overlay-type":"","overlay-color":"","overlay-opacity":"","overlay-gradient":""}}},"product_brand":[],"product_cat":[370,15,283],"product_tag":[56,564,360],"class_list":{"0":"post-586389","1":"product","2":"type-product","3":"status-publish","4":"has-post-thumbnail","6":"product_cat-coches","7":"product_cat-tus-juguetes-favoritos","8":"product_cat-r-c","9":"product_tag-6-anos","10":"product_tag-coche-r-c","11":"product_tag-mondo","12":"desktop-align-left","13":"tablet-align-left","14":"mobile-align-left","16":"first","17":"instock","18":"taxable","19":"shipping-taxable","20":"purchasable","21":"product-type-simple"},"aioseo_notices":[],"jetpack_sharing_enabled":true,"jetpack_likes_enabled":true,"_links":{"self":[{"href":"https:\/\/sapoencantado.es\/index.php\/wp-json\/wp\/v2\/product\/586389","targetHints":{"allow":["GET"]}}],"collection":[{"href":"https:\/\/sapoencantado.es\/index.php\/wp-json\/wp\/v2\/product"}],"about":[{"href":"https:\/\/sapoencantado.es\/index.php\/wp-json\/wp\/v2\/types\/product"}],"replies":[{"embeddable":true,"href":"https:\/\/sapoencantado.es\/index.php\/wp-json\/wp\/v2\/comments?post=586389"}],"wp:featuredmedia":[{"embeddable":true,"href":"https:\/\/sapoencantado.es\/index.php\/wp-json\/wp\/v2\/media\/586385"}],"wp:attachment":[{"href":"https:\/\/sapoencantado.es\/index.php\/wp-json\/wp\/v2\/media?parent=586389"}],"wp:term":[{"taxonomy":"product_brand","embeddable":true,"href":"https:\/\/sapoencantado.es\/index.php\/wp-json\/wp\/v2\/product_brand?post=586389"},{"taxonomy":"product_cat","embeddable":true,"href":"https:\/\/sapoencantado.es\/index.php\/wp-json\/wp\/v2\/product_cat?post=586389"},{"taxonomy":"product_tag","embeddable":true,"href":"https:\/\/sapoencantado.es\/index.php\/wp-json\/wp\/v2\/product_tag?post=586389"}],"curies":[{"name":"wp","href":"https:\/\/api.w.org\/{rel}","templated":true}]}}