{"id":586396,"date":"2025-06-13T17:43:28","date_gmt":"2025-06-13T16:43:28","guid":{"rendered":"https:\/\/sapoencantado.es\/index.php\/producto\/balon-no-5-champions-league-400-g\/"},"modified":"2025-11-21T13:02:47","modified_gmt":"2025-11-21T12:02:47","slug":"balon-no-5-champions-league-400-g","status":"publish","type":"product","link":"https:\/\/sapoencantado.es\/index.php\/producto\/balon-no-5-champions-league-400-g\/","title":{"rendered":"Balon N\u00ba 5 Champions League 400 G"},"content":{"rendered":"<p>Balon N\u00ba 5 Champions League 400 G<\/p>\n<p>Tienda de Juguetes Toys R us<br \/>\nMondo &#8211; Bola Futebol Champions League<br \/>\nIDK1063414<br \/>\nMondo &#8211; Bal\u00f3n F\u00fatbol Champions League<br \/>\n19,99 \u20ac<br \/>\nPaga en 3 plazos de 6,66 \u20ac sin intereses (0% TAE). M\u00e1s informaci\u00f3n<\/p>\n<p>Env\u00edo a domicilio<br \/>\nRecoge gratis en tienda en 2h<br \/>\nRec\u00edbelo el 17\/06<\/p>\n<p>Marca<\/p>\n<p>MONDO<\/p>\n<p>Edad Recomendada<\/p>\n<p>5-7 A\u00f1os<\/p>\n<p>Packs recomendados<br \/>\nMondo &#8211; Bal\u00f3n F\u00fatbol Champions League<br \/>\n19,99 \u20ac<\/p>\n<p>1<\/p>\n<p>Mondo &#8211; Bal\u00f3n de f\u00fatbol Eurocopa 2024<br \/>\n19,99 \u20ac<\/p>\n<p>1<\/p>\n<p>PRECIO TOTAL PACK:<br \/>\n39,98 \u20ac<br \/>\nMondo &#8211; Bal\u00f3n F\u00fatbol Champions League<br \/>\n19,99 \u20ac<\/p>\n<p>1<\/p>\n<p>Sun &amp; Sport &#8211; Porter\u00eda de f\u00fatbol desplegable<br \/>\n26,99 \u20ac<\/p>\n<p>1<\/p>\n<p>PRECIO TOTAL PACK:<br \/>\n46,98 \u20ac<br \/>\nDetalle del producto<br \/>\nMondo &#8211; Bal\u00f3n F\u00fatbol Champions League<\/p>\n<p>\u00bfEst\u00e1is listos para convertiros en estrellas del f\u00fatbol? El &#8220;Mondo &#8211; Bal\u00f3n F\u00fatbol Champions League&#8221; es el compa\u00f1ero ideal para esos primeros disparos hacia la gloria en el campo. Con un tama\u00f1o 5, el est\u00e1ndar internacional, vuestros regates, pases y tiros ser\u00e1n el reflejo de los jugadores profesionales. Aunque pesa solo 400 gramos, este bal\u00f3n est\u00e1 preparado para soportar los partidos m\u00e1s intensos y divertidos.<\/p>\n<p>Dise\u00f1ado para el m\u00e1ximo disfrute del juego<br \/>\nImagina que est\u00e1s disputando la final de la Champions League cada vez que sales al campo con este bal\u00f3n. Su calidad no os dejar\u00e1 indiferentes, ya que cuenta con una cubierta 100% PVC Sponge que aporta una superficie suave para un tacto gentil y c\u00f3modo y, a la vez, asegura una construcci\u00f3n s\u00f3lida con costuras de excelente adherencia, que adem\u00e1s reduce la absorci\u00f3n de agua. As\u00ed, llueva o haga sol, el partido no se detendr\u00e1.<\/p>\n<p>Siente la magia de la Champions League<br \/>\nPara hacerlo a\u00fan m\u00e1s especial, este bal\u00f3n lleva impreso el logo oficial de la Champions League, aportando un toque de autenticidad que os har\u00e1 so\u00f1ar con los grandes estadios. Y como viene desinflado, tendr\u00e9is el poder de darle la presi\u00f3n perfecta, entre 0.5 y 0,7 bar, siempre recordando humedecer la aguja antes del inflado para proteger el bal\u00f3n.<\/p>\n<p>El regalo que cualquier peque\u00f1o futbolista desear\u00eda<br \/>\nYa sea para un cumplea\u00f1os, una ocasi\u00f3n especial o simplemente para alegrar el d\u00eda a d\u00eda, el &#8220;Mondo &#8211; Bal\u00f3n F\u00fatbol Champions League&#8221; es el regalo perfecto para ni\u00f1os y j\u00f3venes que viven con pasi\u00f3n el f\u00fatbol y buscan diversi\u00f3n sin fin. Este bal\u00f3n representa la alegr\u00eda del juego, el esp\u00edritu de equipo y la emoci\u00f3n de competir, invit\u00e1ndolos a crear sus propios momentos de campeonato en cada juego.<\/p>\n<p>Edad recomendada: 5-7 A\u00f1os<\/p>\n","protected":false},"excerpt":{"rendered":"<p>Balon N\u00ba 5 Champions League 400 G<\/p>\n","protected":false},"featured_media":586394,"comment_status":"open","ping_status":"closed","template":"","meta":{"_monsterinsights_skip_tracking":false,"_monsterinsights_sitenote_active":false,"_monsterinsights_sitenote_note":"","_monsterinsights_sitenote_category":0,"site-sidebar-layout":"default","site-content-layout":"","ast-site-content-layout":"default","site-content-style":"default","site-sidebar-style":"default","ast-global-header-display":"","ast-banner-title-visibility":"","ast-main-header-display":"","ast-hfb-above-header-display":"","ast-hfb-below-header-display":"","ast-hfb-mobile-header-display":"","site-post-title":"","ast-breadcrumbs-content":"","ast-featured-img":"","footer-sml-layout":"","ast-disable-related-posts":"","theme-transparent-header-meta":"","adv-header-id-meta":"","stick-header-meta":"","header-above-stick-meta":"","header-main-stick-meta":"","header-below-stick-meta":"","astra-migrate-meta-layouts":"default","ast-page-background-enabled":"default","ast-page-background-meta":{"desktop":{"background-color":"var(--ast-global-color-4)","background-image":"","background-repeat":"repeat","background-position":"center center","background-size":"auto","background-attachment":"scroll","background-type":"","background-media":"","overlay-type":"","overlay-color":"","overlay-opacity":"","overlay-gradient":""},"tablet":{"background-color":"","background-image":"","background-repeat":"repeat","background-position":"center center","background-size":"auto","background-attachment":"scroll","background-type":"","background-media":"","overlay-type":"","overlay-color":"","overlay-opacity":"","overlay-gradient":""},"mobile":{"background-color":"","background-image":"","background-repeat":"repeat","background-position":"center center","background-size":"auto","background-attachment":"scroll","background-type":"","background-media":"","overlay-type":"","overlay-color":"","overlay-opacity":"","overlay-gradient":""}},"ast-content-background-meta":{"desktop":{"background-color":"var(--ast-global-color-5)","background-image":"","background-repeat":"repeat","background-position":"center center","background-size":"auto","background-attachment":"scroll","background-type":"","background-media":"","overlay-type":"","overlay-color":"","overlay-opacity":"","overlay-gradient":""},"tablet":{"background-color":"var(--ast-global-color-5)","background-image":"","background-repeat":"repeat","background-position":"center center","background-size":"auto","background-attachment":"scroll","background-type":"","background-media":"","overlay-type":"","overlay-color":"","overlay-opacity":"","overlay-gradient":""},"mobile":{"background-color":"var(--ast-global-color-5)","background-image":"","background-repeat":"repeat","background-position":"center center","background-size":"auto","background-attachment":"scroll","background-type":"","background-media":"","overlay-type":"","overlay-color":"","overlay-opacity":"","overlay-gradient":""}}},"product_brand":[],"product_cat":[242,15],"product_tag":[32,362,360],"class_list":{"0":"post-586396","1":"product","2":"type-product","3":"status-publish","4":"has-post-thumbnail","6":"product_cat-aire-libre","7":"product_cat-tus-juguetes-favoritos","8":"product_tag-3-anos","9":"product_tag-balon","10":"product_tag-mondo","11":"desktop-align-left","12":"tablet-align-left","13":"mobile-align-left","15":"first","16":"instock","17":"taxable","18":"shipping-taxable","19":"purchasable","20":"product-type-simple"},"aioseo_notices":[],"jetpack_sharing_enabled":true,"jetpack_likes_enabled":true,"_links":{"self":[{"href":"https:\/\/sapoencantado.es\/index.php\/wp-json\/wp\/v2\/product\/586396","targetHints":{"allow":["GET"]}}],"collection":[{"href":"https:\/\/sapoencantado.es\/index.php\/wp-json\/wp\/v2\/product"}],"about":[{"href":"https:\/\/sapoencantado.es\/index.php\/wp-json\/wp\/v2\/types\/product"}],"replies":[{"embeddable":true,"href":"https:\/\/sapoencantado.es\/index.php\/wp-json\/wp\/v2\/comments?post=586396"}],"wp:featuredmedia":[{"embeddable":true,"href":"https:\/\/sapoencantado.es\/index.php\/wp-json\/wp\/v2\/media\/586394"}],"wp:attachment":[{"href":"https:\/\/sapoencantado.es\/index.php\/wp-json\/wp\/v2\/media?parent=586396"}],"wp:term":[{"taxonomy":"product_brand","embeddable":true,"href":"https:\/\/sapoencantado.es\/index.php\/wp-json\/wp\/v2\/product_brand?post=586396"},{"taxonomy":"product_cat","embeddable":true,"href":"https:\/\/sapoencantado.es\/index.php\/wp-json\/wp\/v2\/product_cat?post=586396"},{"taxonomy":"product_tag","embeddable":true,"href":"https:\/\/sapoencantado.es\/index.php\/wp-json\/wp\/v2\/product_tag?post=586396"}],"curies":[{"name":"wp","href":"https:\/\/api.w.org\/{rel}","templated":true}]}}