{"id":586425,"date":"2025-06-13T18:39:36","date_gmt":"2025-06-13T17:39:36","guid":{"rendered":"https:\/\/sapoencantado.es\/index.php\/producto\/mascota-interactiva-guinitos-bizak-modelos-surtidos\/"},"modified":"2026-01-09T19:40:38","modified_gmt":"2026-01-09T18:40:38","slug":"mascota-interactiva-guinitos-bizak-modelos-surtidos","status":"publish","type":"product","link":"https:\/\/sapoencantado.es\/index.php\/producto\/mascota-interactiva-guinitos-bizak-modelos-surtidos\/","title":{"rendered":"Mascota interactiva Gui\u00f1itos Bizak modelos surtidos"},"content":{"rendered":"<p>Mascota interactiva Gui\u00f1itos Bizak modelos surtidos<\/p>\n<p>Mascota interactiva gigante. Dentro de un atractivo y congelado packaging se encuentra una mascota con muchos sonidos, reacciones, y m\u00fasica! Cierra los ojos, parpadea, gui\u00f1a e interact\u00faa contigo.<\/p>\n<p>Tiene un tacto extra suave<\/p>\n<p>Hay 4 diferentes: panda, cerdito, perrito y gatito<\/p>\n<p>Existen diferentes modelos. Se venden por separado. Se surtir\u00e1n seg\u00fan existencias. Se entregar\u00e1 una unidad por pedido.<\/p>\n<p>Medidas: 20 (ancho) x 30 (alto) x 17 (largo) cm<\/p>\n<p>Modelo: 62009025<br \/>\nReferencia: 001008341143132<br \/>\nEAN: 8432752052075<br \/>\nDimensiones (ancho x alto x largo)<br \/>\n20 x 30 x 17 cm<\/p>\n","protected":false},"excerpt":{"rendered":"<p>Mascota interactiva Gui\u00f1itos Bizak modelos surtidos<\/p>\n","protected":false},"featured_media":586416,"comment_status":"open","ping_status":"closed","template":"","meta":{"_monsterinsights_skip_tracking":false,"_monsterinsights_sitenote_active":false,"_monsterinsights_sitenote_note":"","_monsterinsights_sitenote_category":0,"site-sidebar-layout":"default","site-content-layout":"","ast-site-content-layout":"default","site-content-style":"default","site-sidebar-style":"default","ast-global-header-display":"","ast-banner-title-visibility":"","ast-main-header-display":"","ast-hfb-above-header-display":"","ast-hfb-below-header-display":"","ast-hfb-mobile-header-display":"","site-post-title":"","ast-breadcrumbs-content":"","ast-featured-img":"","footer-sml-layout":"","ast-disable-related-posts":"","theme-transparent-header-meta":"","adv-header-id-meta":"","stick-header-meta":"","header-above-stick-meta":"","header-main-stick-meta":"","header-below-stick-meta":"","astra-migrate-meta-layouts":"default","ast-page-background-enabled":"default","ast-page-background-meta":{"desktop":{"background-color":"var(--ast-global-color-4)","background-image":"","background-repeat":"repeat","background-position":"center center","background-size":"auto","background-attachment":"scroll","background-type":"","background-media":"","overlay-type":"","overlay-color":"","overlay-opacity":"","overlay-gradient":""},"tablet":{"background-color":"","background-image":"","background-repeat":"repeat","background-position":"center center","background-size":"auto","background-attachment":"scroll","background-type":"","background-media":"","overlay-type":"","overlay-color":"","overlay-opacity":"","overlay-gradient":""},"mobile":{"background-color":"","background-image":"","background-repeat":"repeat","background-position":"center center","background-size":"auto","background-attachment":"scroll","background-type":"","background-media":"","overlay-type":"","overlay-color":"","overlay-opacity":"","overlay-gradient":""}},"ast-content-background-meta":{"desktop":{"background-color":"var(--ast-global-color-5)","background-image":"","background-repeat":"repeat","background-position":"center center","background-size":"auto","background-attachment":"scroll","background-type":"","background-media":"","overlay-type":"","overlay-color":"","overlay-opacity":"","overlay-gradient":""},"tablet":{"background-color":"var(--ast-global-color-5)","background-image":"","background-repeat":"repeat","background-position":"center center","background-size":"auto","background-attachment":"scroll","background-type":"","background-media":"","overlay-type":"","overlay-color":"","overlay-opacity":"","overlay-gradient":""},"mobile":{"background-color":"var(--ast-global-color-5)","background-image":"","background-repeat":"repeat","background-position":"center center","background-size":"auto","background-attachment":"scroll","background-type":"","background-media":"","overlay-type":"","overlay-color":"","overlay-opacity":"","overlay-gradient":""}}},"product_brand":[],"product_cat":[15,270],"product_tag":[47,540,538,387],"class_list":{"0":"post-586425","1":"product","2":"type-product","3":"status-publish","4":"has-post-thumbnail","6":"product_cat-tus-juguetes-favoritos","7":"product_cat-peluches","8":"product_tag-24-meses","9":"product_tag-bizak","10":"product_tag-interactivo","11":"product_tag-peluche","12":"desktop-align-left","13":"tablet-align-left","14":"mobile-align-left","16":"first","17":"instock","18":"taxable","19":"shipping-taxable","20":"purchasable","21":"product-type-simple"},"aioseo_notices":[],"jetpack_sharing_enabled":true,"jetpack_likes_enabled":true,"_links":{"self":[{"href":"https:\/\/sapoencantado.es\/index.php\/wp-json\/wp\/v2\/product\/586425","targetHints":{"allow":["GET"]}}],"collection":[{"href":"https:\/\/sapoencantado.es\/index.php\/wp-json\/wp\/v2\/product"}],"about":[{"href":"https:\/\/sapoencantado.es\/index.php\/wp-json\/wp\/v2\/types\/product"}],"replies":[{"embeddable":true,"href":"https:\/\/sapoencantado.es\/index.php\/wp-json\/wp\/v2\/comments?post=586425"}],"wp:featuredmedia":[{"embeddable":true,"href":"https:\/\/sapoencantado.es\/index.php\/wp-json\/wp\/v2\/media\/586416"}],"wp:attachment":[{"href":"https:\/\/sapoencantado.es\/index.php\/wp-json\/wp\/v2\/media?parent=586425"}],"wp:term":[{"taxonomy":"product_brand","embeddable":true,"href":"https:\/\/sapoencantado.es\/index.php\/wp-json\/wp\/v2\/product_brand?post=586425"},{"taxonomy":"product_cat","embeddable":true,"href":"https:\/\/sapoencantado.es\/index.php\/wp-json\/wp\/v2\/product_cat?post=586425"},{"taxonomy":"product_tag","embeddable":true,"href":"https:\/\/sapoencantado.es\/index.php\/wp-json\/wp\/v2\/product_tag?post=586425"}],"curies":[{"name":"wp","href":"https:\/\/api.w.org\/{rel}","templated":true}]}}