{"id":586555,"date":"2025-07-02T11:52:24","date_gmt":"2025-07-02T10:52:24","guid":{"rendered":"https:\/\/sapoencantado.es\/index.php\/producto\/nice-srl-make-up-smatphone-97012-rainbow-high-maquillaje-multicolor-one-size\/"},"modified":"2026-01-16T19:34:05","modified_gmt":"2026-01-16T18:34:05","slug":"nice-srl-make-up-smatphone-97012-rainbow-high-maquillaje-multicolor-one-size","status":"publish","type":"product","link":"https:\/\/sapoencantado.es\/index.php\/producto\/nice-srl-make-up-smatphone-97012-rainbow-high-maquillaje-multicolor-one-size\/","title":{"rendered":"NICE SRL-Make UP SMATPHONE 97012 Rainbow High Maquillaje, Multicolor, One Size"},"content":{"rendered":"<p>NICE SRL-Make UP SMATPHONE 97012 Rainbow High Maquillaje, Multicolor, One Size<\/p>\n<p>Smartphone Make Up<br \/>\nEstuche port\u00e1til con maquillaje<br \/>\nCon este bonito estuche en forma de tel\u00e9fono inteligente, podr\u00e1s inventar nuevas combinaciones de colores de estilo Rainbow High, con este juego de maquillaje, imitando a tu chica arco\u00edris favorito y creando un aspecto moderno.<\/p>\n<p>Componentes probados y seguros<br \/>\nLos trucos para ni\u00f1os han sido probados, seguros y certificados en laboratorios italianos, por lo que son adecuados incluso para las pieles m\u00e1s delicadas.<\/p>\n<p>F\u00e1cil de usar, se elimina con agua y jab\u00f3n.<\/p>\n<p>Edad recomendada: a partir de 6 a\u00f1os.<\/p>\n<p>Beneficios del juguete<br \/>\nEl kit de maquillaje port\u00e1til puede ayudar a los ni\u00f1os a desarrollar una mayor coordinaci\u00f3n y destreza las habilidades creativas a combinar los colores y inventarse un look de moda para disfrazarse.<\/p>\n<p>Contenido del paquete:<br \/>\n12 sombras de ojos<br \/>\n4 brillos de labios<br \/>\n4 brillos con purpurina<br \/>\n1 aplicador<\/p>\n","protected":false},"excerpt":{"rendered":"<p>NICE SRL-Make UP SMATPHONE 97012 Rainbow High Maquillaje, Multicolor, One Size<\/p>\n","protected":false},"featured_media":586551,"comment_status":"open","ping_status":"closed","template":"","meta":{"_monsterinsights_skip_tracking":false,"_monsterinsights_sitenote_active":false,"_monsterinsights_sitenote_note":"","_monsterinsights_sitenote_category":0,"site-sidebar-layout":"default","site-content-layout":"","ast-site-content-layout":"default","site-content-style":"default","site-sidebar-style":"default","ast-global-header-display":"","ast-banner-title-visibility":"","ast-main-header-display":"","ast-hfb-above-header-display":"","ast-hfb-below-header-display":"","ast-hfb-mobile-header-display":"","site-post-title":"","ast-breadcrumbs-content":"","ast-featured-img":"","footer-sml-layout":"","ast-disable-related-posts":"","theme-transparent-header-meta":"","adv-header-id-meta":"","stick-header-meta":"","header-above-stick-meta":"","header-main-stick-meta":"","header-below-stick-meta":"","astra-migrate-meta-layouts":"default","ast-page-background-enabled":"default","ast-page-background-meta":{"desktop":{"background-color":"var(--ast-global-color-4)","background-image":"","background-repeat":"repeat","background-position":"center center","background-size":"auto","background-attachment":"scroll","background-type":"","background-media":"","overlay-type":"","overlay-color":"","overlay-opacity":"","overlay-gradient":""},"tablet":{"background-color":"","background-image":"","background-repeat":"repeat","background-position":"center center","background-size":"auto","background-attachment":"scroll","background-type":"","background-media":"","overlay-type":"","overlay-color":"","overlay-opacity":"","overlay-gradient":""},"mobile":{"background-color":"","background-image":"","background-repeat":"repeat","background-position":"center center","background-size":"auto","background-attachment":"scroll","background-type":"","background-media":"","overlay-type":"","overlay-color":"","overlay-opacity":"","overlay-gradient":""}},"ast-content-background-meta":{"desktop":{"background-color":"var(--ast-global-color-5)","background-image":"","background-repeat":"repeat","background-position":"center center","background-size":"auto","background-attachment":"scroll","background-type":"","background-media":"","overlay-type":"","overlay-color":"","overlay-opacity":"","overlay-gradient":""},"tablet":{"background-color":"var(--ast-global-color-5)","background-image":"","background-repeat":"repeat","background-position":"center center","background-size":"auto","background-attachment":"scroll","background-type":"","background-media":"","overlay-type":"","overlay-color":"","overlay-opacity":"","overlay-gradient":""},"mobile":{"background-color":"var(--ast-global-color-5)","background-image":"","background-repeat":"repeat","background-position":"center center","background-size":"auto","background-attachment":"scroll","background-type":"","background-media":"","overlay-type":"","overlay-color":"","overlay-opacity":"","overlay-gradient":""}}},"product_brand":[],"product_cat":[278,15,268,276],"product_tag":[56,376,569,391],"class_list":{"0":"post-586555","1":"product","2":"type-product","3":"status-publish","4":"has-post-thumbnail","6":"product_cat-belleza","7":"product_cat-tus-juguetes-favoritos","8":"product_cat-ofertas","9":"product_cat-ser-mayor","10":"product_tag-6-anos","11":"product_tag-maquillaje","12":"product_tag-nice","13":"product_tag-rainbow","14":"desktop-align-left","15":"tablet-align-left","16":"mobile-align-left","18":"first","19":"instock","20":"sale","21":"taxable","22":"shipping-taxable","23":"purchasable","24":"product-type-simple"},"aioseo_notices":[],"jetpack_sharing_enabled":true,"jetpack_likes_enabled":true,"_links":{"self":[{"href":"https:\/\/sapoencantado.es\/index.php\/wp-json\/wp\/v2\/product\/586555","targetHints":{"allow":["GET"]}}],"collection":[{"href":"https:\/\/sapoencantado.es\/index.php\/wp-json\/wp\/v2\/product"}],"about":[{"href":"https:\/\/sapoencantado.es\/index.php\/wp-json\/wp\/v2\/types\/product"}],"replies":[{"embeddable":true,"href":"https:\/\/sapoencantado.es\/index.php\/wp-json\/wp\/v2\/comments?post=586555"}],"wp:featuredmedia":[{"embeddable":true,"href":"https:\/\/sapoencantado.es\/index.php\/wp-json\/wp\/v2\/media\/586551"}],"wp:attachment":[{"href":"https:\/\/sapoencantado.es\/index.php\/wp-json\/wp\/v2\/media?parent=586555"}],"wp:term":[{"taxonomy":"product_brand","embeddable":true,"href":"https:\/\/sapoencantado.es\/index.php\/wp-json\/wp\/v2\/product_brand?post=586555"},{"taxonomy":"product_cat","embeddable":true,"href":"https:\/\/sapoencantado.es\/index.php\/wp-json\/wp\/v2\/product_cat?post=586555"},{"taxonomy":"product_tag","embeddable":true,"href":"https:\/\/sapoencantado.es\/index.php\/wp-json\/wp\/v2\/product_tag?post=586555"}],"curies":[{"name":"wp","href":"https:\/\/api.w.org\/{rel}","templated":true}]}}