{"id":587645,"date":"2025-12-28T17:24:00","date_gmt":"2025-12-28T16:24:00","guid":{"rendered":"https:\/\/sapoencantado.es\/index.php\/producto\/na-na-na-surprise\/"},"modified":"2025-12-28T17:24:00","modified_gmt":"2025-12-28T16:24:00","slug":"na-na-na-surprise","status":"publish","type":"product","link":"https:\/\/sapoencantado.es\/index.php\/producto\/na-na-na-surprise\/","title":{"rendered":"Na! Na! Na! Surprise"},"content":{"rendered":"<p>Na! Na! Na! Surprise<\/p>\n<p>Mu\u00f1eca Fuzzy Surprise &#8211; Tabby Cat Girl Na! Na! Na!<\/p>\n<p>Descubre la nueva colecci\u00f3n de Na!Na!Na! Esta nueva l\u00ednea innovadora presenta una capa afelpada que al frotarse descubres a la mu\u00f1eca y sus accesorios. Es s\u00faper divertido y le aporta mucho valor al juego. Cada mu\u00f1eca tiene pelo suuuuper largo, ropa, accesorios y 3 puntos de articulaci\u00f3n (cuello, hombro, cadera).<\/p>\n<p>\u00a1ADVERTENCIA! No recomendado para menores de 3 a\u00f1os. Contiene piezas peque\u00f1as que pueden ser tragadas.<\/p>\n<p>Medidas: 16,51 (ancho) x 30,18 (alto) x 8,26 (largo) cm<\/p>\n<p>Modelo: 591924<br \/>\nReferencia: 001008338228615<br \/>\nEAN: 0035051591924<br \/>\nDimensiones (ancho x alto x largo)<br \/>\n16,51 x 30,18 x 8,26 cm<br \/>\nCaracter\u00edsticas Generales<br \/>\nCaracter\u00edsticas psicopedag\u00f3gicas<br \/>\nAfectividad<br \/>\nAfectividad<br \/>\nLenguaje<br \/>\nLenguaje<br \/>\nMateriales<br \/>\nPl\u00e1stico<br \/>\nEdad recomendada<br \/>\nEdad<br \/>\nDesde 3 a 99 a\u00f1os<\/p>\n","protected":false},"excerpt":{"rendered":"<p>Na! Na! Na! Surprise<\/p>\n","protected":false},"featured_media":587640,"comment_status":"open","ping_status":"closed","template":"","meta":{"_monsterinsights_skip_tracking":false,"_monsterinsights_sitenote_active":false,"_monsterinsights_sitenote_note":"","_monsterinsights_sitenote_category":0,"site-sidebar-layout":"default","site-content-layout":"","ast-site-content-layout":"default","site-content-style":"default","site-sidebar-style":"default","ast-global-header-display":"","ast-banner-title-visibility":"","ast-main-header-display":"","ast-hfb-above-header-display":"","ast-hfb-below-header-display":"","ast-hfb-mobile-header-display":"","site-post-title":"","ast-breadcrumbs-content":"","ast-featured-img":"","footer-sml-layout":"","ast-disable-related-posts":"","theme-transparent-header-meta":"","adv-header-id-meta":"","stick-header-meta":"","header-above-stick-meta":"","header-main-stick-meta":"","header-below-stick-meta":"","astra-migrate-meta-layouts":"default","ast-page-background-enabled":"default","ast-page-background-meta":{"desktop":{"background-color":"var(--ast-global-color-4)","background-image":"","background-repeat":"repeat","background-position":"center center","background-size":"auto","background-attachment":"scroll","background-type":"","background-media":"","overlay-type":"","overlay-color":"","overlay-opacity":"","overlay-gradient":""},"tablet":{"background-color":"","background-image":"","background-repeat":"repeat","background-position":"center center","background-size":"auto","background-attachment":"scroll","background-type":"","background-media":"","overlay-type":"","overlay-color":"","overlay-opacity":"","overlay-gradient":""},"mobile":{"background-color":"","background-image":"","background-repeat":"repeat","background-position":"center center","background-size":"auto","background-attachment":"scroll","background-type":"","background-media":"","overlay-type":"","overlay-color":"","overlay-opacity":"","overlay-gradient":""}},"ast-content-background-meta":{"desktop":{"background-color":"var(--ast-global-color-5)","background-image":"","background-repeat":"repeat","background-position":"center center","background-size":"auto","background-attachment":"scroll","background-type":"","background-media":"","overlay-type":"","overlay-color":"","overlay-opacity":"","overlay-gradient":""},"tablet":{"background-color":"var(--ast-global-color-5)","background-image":"","background-repeat":"repeat","background-position":"center center","background-size":"auto","background-attachment":"scroll","background-type":"","background-media":"","overlay-type":"","overlay-color":"","overlay-opacity":"","overlay-gradient":""},"mobile":{"background-color":"var(--ast-global-color-5)","background-image":"","background-repeat":"repeat","background-position":"center center","background-size":"auto","background-attachment":"scroll","background-type":"","background-media":"","overlay-type":"","overlay-color":"","overlay-opacity":"","overlay-gradient":""}}},"product_brand":[],"product_cat":[15,261,266,268],"product_tag":[32,577,342],"class_list":{"0":"post-587645","1":"product","2":"type-product","3":"status-publish","4":"has-post-thumbnail","6":"product_cat-tus-juguetes-favoritos","7":"product_cat-munecas","8":"product_cat-munecas-fashion","9":"product_cat-ofertas","10":"product_tag-3-anos","11":"product_tag-coleccionables","12":"product_tag-munecas","13":"desktop-align-left","14":"tablet-align-left","15":"mobile-align-left","17":"first","18":"instock","19":"sale","20":"taxable","21":"shipping-taxable","22":"purchasable","23":"product-type-simple"},"aioseo_notices":[],"jetpack_sharing_enabled":true,"jetpack_likes_enabled":true,"_links":{"self":[{"href":"https:\/\/sapoencantado.es\/index.php\/wp-json\/wp\/v2\/product\/587645","targetHints":{"allow":["GET"]}}],"collection":[{"href":"https:\/\/sapoencantado.es\/index.php\/wp-json\/wp\/v2\/product"}],"about":[{"href":"https:\/\/sapoencantado.es\/index.php\/wp-json\/wp\/v2\/types\/product"}],"replies":[{"embeddable":true,"href":"https:\/\/sapoencantado.es\/index.php\/wp-json\/wp\/v2\/comments?post=587645"}],"wp:featuredmedia":[{"embeddable":true,"href":"https:\/\/sapoencantado.es\/index.php\/wp-json\/wp\/v2\/media\/587640"}],"wp:attachment":[{"href":"https:\/\/sapoencantado.es\/index.php\/wp-json\/wp\/v2\/media?parent=587645"}],"wp:term":[{"taxonomy":"product_brand","embeddable":true,"href":"https:\/\/sapoencantado.es\/index.php\/wp-json\/wp\/v2\/product_brand?post=587645"},{"taxonomy":"product_cat","embeddable":true,"href":"https:\/\/sapoencantado.es\/index.php\/wp-json\/wp\/v2\/product_cat?post=587645"},{"taxonomy":"product_tag","embeddable":true,"href":"https:\/\/sapoencantado.es\/index.php\/wp-json\/wp\/v2\/product_tag?post=587645"}],"curies":[{"name":"wp","href":"https:\/\/api.w.org\/{rel}","templated":true}]}}