{"id":587651,"date":"2025-12-28T23:26:27","date_gmt":"2025-12-28T22:26:27","guid":{"rendered":"https:\/\/sapoencantado.es\/index.php\/producto\/coche-gemelar-fantasy-con-bolso-40874-munecas-arias\/"},"modified":"2026-01-09T11:03:59","modified_gmt":"2026-01-09T10:03:59","slug":"coche-gemelar-fantasy-con-bolso-40874-munecas-arias","status":"publish","type":"product","link":"https:\/\/sapoencantado.es\/index.php\/producto\/coche-gemelar-fantasy-con-bolso-40874-munecas-arias\/","title":{"rendered":"Coche Gemelar Fantasy Con Bolso 40874 Mu\u00f1ecas Arias"},"content":{"rendered":"<p>Coche Gemelar Fantasy Con Bolso 40874 Mu\u00f1ecas Arias<\/p>\n<p>Coche de paseo gemelar de la colecci\u00f3n FANTASY. Plegable, con ruedas delanteras giratorias y manillas ajustable. Incluye bolso a juego. La altura del manillar es de 47 a77 cm. Medidas: 45x70x73 CM.<\/p>\n<p>Reglamento<br \/>\nCorreo Electr\u00f3nico<br \/>\ncribera@munecasarias.com<br \/>\nDirecci\u00f3n del Fabricante\/Importador<br \/>\nAvda B\u00e9lgica 14 Spain<br \/>\nAdvertencia \/ Indicaci\u00f3n<br \/>\n(ES) GUARDAR EL EMBALAJE, CONTIENE INFORMACI\u00d3N IMPORTANTE. \u00a1ADVERTENCIAS! NO RECOMENDABLE PARA NI\u00d1OS MENORES DE 3 A\u00d1OS, CONTIENE PIEZAS PEQUE\u00d1AS. PELIGRO DE ASFIXIA. ESTE PRODUCTO CUMPLE CON LA LEGISLACI\u00d3N COMUNITARIA SEG\u00daN LA DIRECTIVA 2009\/48\/CE &#8211; SEGURIDAD DE LOS JUGUETES. INSTRUCCIONES DE USO EN EL INTERIOR O EN EL EMPAQUETADO. INSTRUCCIONES DE MONTAJE EN EL INTERIOR O EN EL EMPAQUETADO.<\/p>\n","protected":false},"excerpt":{"rendered":"<p>Coche Gemelar Fantasy Con Bolso 40874 Mu\u00f1ecas Arias<\/p>\n","protected":false},"featured_media":587646,"comment_status":"open","ping_status":"closed","template":"","meta":{"_monsterinsights_skip_tracking":false,"_monsterinsights_sitenote_active":false,"_monsterinsights_sitenote_note":"","_monsterinsights_sitenote_category":0,"site-sidebar-layout":"default","site-content-layout":"","ast-site-content-layout":"default","site-content-style":"default","site-sidebar-style":"default","ast-global-header-display":"","ast-banner-title-visibility":"","ast-main-header-display":"","ast-hfb-above-header-display":"","ast-hfb-below-header-display":"","ast-hfb-mobile-header-display":"","site-post-title":"","ast-breadcrumbs-content":"","ast-featured-img":"","footer-sml-layout":"","ast-disable-related-posts":"","theme-transparent-header-meta":"default","adv-header-id-meta":"","stick-header-meta":"","header-above-stick-meta":"","header-main-stick-meta":"","header-below-stick-meta":"","astra-migrate-meta-layouts":"set","ast-page-background-enabled":"default","ast-page-background-meta":{"desktop":{"background-color":"var(--ast-global-color-4)","background-image":"","background-repeat":"repeat","background-position":"center center","background-size":"auto","background-attachment":"scroll","background-type":"","background-media":"","overlay-type":"","overlay-color":"","overlay-opacity":"","overlay-gradient":""},"tablet":{"background-color":"","background-image":"","background-repeat":"repeat","background-position":"center center","background-size":"auto","background-attachment":"scroll","background-type":"","background-media":"","overlay-type":"","overlay-color":"","overlay-opacity":"","overlay-gradient":""},"mobile":{"background-color":"","background-image":"","background-repeat":"repeat","background-position":"center center","background-size":"auto","background-attachment":"scroll","background-type":"","background-media":"","overlay-type":"","overlay-color":"","overlay-opacity":"","overlay-gradient":""}},"ast-content-background-meta":{"desktop":{"background-color":"var(--ast-global-color-5)","background-image":"","background-repeat":"repeat","background-position":"center center","background-size":"auto","background-attachment":"scroll","background-type":"","background-media":"","overlay-type":"","overlay-color":"","overlay-opacity":"","overlay-gradient":""},"tablet":{"background-color":"var(--ast-global-color-5)","background-image":"","background-repeat":"repeat","background-position":"center center","background-size":"auto","background-attachment":"scroll","background-type":"","background-media":"","overlay-type":"","overlay-color":"","overlay-opacity":"","overlay-gradient":""},"mobile":{"background-color":"var(--ast-global-color-5)","background-image":"","background-repeat":"repeat","background-position":"center center","background-size":"auto","background-attachment":"scroll","background-type":"","background-media":"","overlay-type":"","overlay-color":"","overlay-opacity":"","overlay-gradient":""}}},"product_brand":[],"product_cat":[264,15,261],"product_tag":[32,349,578,342],"class_list":{"0":"post-587651","1":"product","2":"type-product","3":"status-publish","4":"has-post-thumbnail","6":"product_cat-carros-y-cunas","7":"product_cat-tus-juguetes-favoritos","8":"product_cat-munecas","9":"product_tag-3-anos","10":"product_tag-arias","11":"product_tag-coche-gemelar","12":"product_tag-munecas","13":"desktop-align-left","14":"tablet-align-left","15":"mobile-align-left","17":"first","18":"instock","19":"taxable","20":"shipping-taxable","21":"purchasable","22":"product-type-simple"},"aioseo_notices":[],"jetpack_sharing_enabled":true,"jetpack_likes_enabled":true,"_links":{"self":[{"href":"https:\/\/sapoencantado.es\/index.php\/wp-json\/wp\/v2\/product\/587651","targetHints":{"allow":["GET"]}}],"collection":[{"href":"https:\/\/sapoencantado.es\/index.php\/wp-json\/wp\/v2\/product"}],"about":[{"href":"https:\/\/sapoencantado.es\/index.php\/wp-json\/wp\/v2\/types\/product"}],"replies":[{"embeddable":true,"href":"https:\/\/sapoencantado.es\/index.php\/wp-json\/wp\/v2\/comments?post=587651"}],"wp:featuredmedia":[{"embeddable":true,"href":"https:\/\/sapoencantado.es\/index.php\/wp-json\/wp\/v2\/media\/587646"}],"wp:attachment":[{"href":"https:\/\/sapoencantado.es\/index.php\/wp-json\/wp\/v2\/media?parent=587651"}],"wp:term":[{"taxonomy":"product_brand","embeddable":true,"href":"https:\/\/sapoencantado.es\/index.php\/wp-json\/wp\/v2\/product_brand?post=587651"},{"taxonomy":"product_cat","embeddable":true,"href":"https:\/\/sapoencantado.es\/index.php\/wp-json\/wp\/v2\/product_cat?post=587651"},{"taxonomy":"product_tag","embeddable":true,"href":"https:\/\/sapoencantado.es\/index.php\/wp-json\/wp\/v2\/product_tag?post=587651"}],"curies":[{"name":"wp","href":"https:\/\/api.w.org\/{rel}","templated":true}]}}