{"id":588039,"date":"2026-01-19T12:02:28","date_gmt":"2026-01-19T11:02:28","guid":{"rendered":"https:\/\/sapoencantado.es\/index.php\/producto\/goo-jit-zu-batman-vs-the-joker\/"},"modified":"2026-01-19T12:02:28","modified_gmt":"2026-01-19T11:02:28","slug":"goo-jit-zu-batman-vs-the-joker","status":"publish","type":"product","link":"https:\/\/sapoencantado.es\/index.php\/producto\/goo-jit-zu-batman-vs-the-joker\/","title":{"rendered":"GOO JIT ZU BATMAN VS THE JOKER"},"content":{"rendered":"<p>GOO JIT ZU BATMAN VS THE JOKER<\/p>\n<p>Los superh\u00e9roes de DC y los Heroes of Goo Jit Zu han unido sus fuerzas para crear una gama compuesta de los superh\u00e9roes m\u00e1s el\u00e1sticos, pegajosos y flexibles de todo el mundo<br \/>\nEl paquete doble incluye 2 h\u00e9roes: Batman y Joker. Cada h\u00e9roe es exclusivo y solo incluye este paquete<br \/>\n\u00a1El Joker es superviscoso! \u00a1Estr\u00e9chalo y est\u00edralo para ver c\u00f3mo la sustancia viscosa verde gira dentro de su cuerpo!<br \/>\nBatman es superflexible. Estr\u00e9chalo y est\u00edralo para ver c\u00f3mo los murci\u00e9lagos se mueven dentro de su cuerpo<br \/>\nColecciona todos los h\u00e9roes de DC Goo Jit Zu. El cuerpo de cada h\u00e9roe est\u00e1 lleno de una sustancia viscosa \u00fanica<\/p>\n","protected":false},"excerpt":{"rendered":"<p>GOO JIT ZU BATMAN VS THE JOKER<\/p>\n","protected":false},"featured_media":588038,"comment_status":"open","ping_status":"closed","template":"","meta":{"_monsterinsights_skip_tracking":false,"_monsterinsights_sitenote_active":false,"_monsterinsights_sitenote_note":"","_monsterinsights_sitenote_category":0,"site-sidebar-layout":"default","site-content-layout":"","ast-site-content-layout":"default","site-content-style":"default","site-sidebar-style":"default","ast-global-header-display":"","ast-banner-title-visibility":"","ast-main-header-display":"","ast-hfb-above-header-display":"","ast-hfb-below-header-display":"","ast-hfb-mobile-header-display":"","site-post-title":"","ast-breadcrumbs-content":"","ast-featured-img":"","footer-sml-layout":"","ast-disable-related-posts":"","theme-transparent-header-meta":"","adv-header-id-meta":"","stick-header-meta":"","header-above-stick-meta":"","header-main-stick-meta":"","header-below-stick-meta":"","astra-migrate-meta-layouts":"default","ast-page-background-enabled":"default","ast-page-background-meta":{"desktop":{"background-color":"var(--ast-global-color-4)","background-image":"","background-repeat":"repeat","background-position":"center center","background-size":"auto","background-attachment":"scroll","background-type":"","background-media":"","overlay-type":"","overlay-color":"","overlay-opacity":"","overlay-gradient":""},"tablet":{"background-color":"","background-image":"","background-repeat":"repeat","background-position":"center center","background-size":"auto","background-attachment":"scroll","background-type":"","background-media":"","overlay-type":"","overlay-color":"","overlay-opacity":"","overlay-gradient":""},"mobile":{"background-color":"","background-image":"","background-repeat":"repeat","background-position":"center center","background-size":"auto","background-attachment":"scroll","background-type":"","background-media":"","overlay-type":"","overlay-color":"","overlay-opacity":"","overlay-gradient":""}},"ast-content-background-meta":{"desktop":{"background-color":"var(--ast-global-color-5)","background-image":"","background-repeat":"repeat","background-position":"center center","background-size":"auto","background-attachment":"scroll","background-type":"","background-media":"","overlay-type":"","overlay-color":"","overlay-opacity":"","overlay-gradient":""},"tablet":{"background-color":"var(--ast-global-color-5)","background-image":"","background-repeat":"repeat","background-position":"center center","background-size":"auto","background-attachment":"scroll","background-type":"","background-media":"","overlay-type":"","overlay-color":"","overlay-opacity":"","overlay-gradient":""},"mobile":{"background-color":"var(--ast-global-color-5)","background-image":"","background-repeat":"repeat","background-position":"center center","background-size":"auto","background-attachment":"scroll","background-type":"","background-media":"","overlay-type":"","overlay-color":"","overlay-opacity":"","overlay-gradient":""}}},"product_brand":[],"product_cat":[15,268,240],"product_tag":[32,583,542,343],"class_list":{"0":"post-588039","1":"product","2":"type-product","3":"status-publish","4":"has-post-thumbnail","6":"product_cat-tus-juguetes-favoritos","7":"product_cat-ofertas","8":"product_cat-superheroes","9":"product_tag-3-anos","10":"product_tag-bandai","11":"product_tag-estirable","12":"product_tag-superheroes","13":"desktop-align-left","14":"tablet-align-left","15":"mobile-align-left","17":"first","18":"instock","19":"sale","20":"taxable","21":"shipping-taxable","22":"purchasable","23":"product-type-simple"},"aioseo_notices":[],"jetpack_sharing_enabled":true,"jetpack_likes_enabled":true,"_links":{"self":[{"href":"https:\/\/sapoencantado.es\/index.php\/wp-json\/wp\/v2\/product\/588039","targetHints":{"allow":["GET"]}}],"collection":[{"href":"https:\/\/sapoencantado.es\/index.php\/wp-json\/wp\/v2\/product"}],"about":[{"href":"https:\/\/sapoencantado.es\/index.php\/wp-json\/wp\/v2\/types\/product"}],"replies":[{"embeddable":true,"href":"https:\/\/sapoencantado.es\/index.php\/wp-json\/wp\/v2\/comments?post=588039"}],"wp:featuredmedia":[{"embeddable":true,"href":"https:\/\/sapoencantado.es\/index.php\/wp-json\/wp\/v2\/media\/588038"}],"wp:attachment":[{"href":"https:\/\/sapoencantado.es\/index.php\/wp-json\/wp\/v2\/media?parent=588039"}],"wp:term":[{"taxonomy":"product_brand","embeddable":true,"href":"https:\/\/sapoencantado.es\/index.php\/wp-json\/wp\/v2\/product_brand?post=588039"},{"taxonomy":"product_cat","embeddable":true,"href":"https:\/\/sapoencantado.es\/index.php\/wp-json\/wp\/v2\/product_cat?post=588039"},{"taxonomy":"product_tag","embeddable":true,"href":"https:\/\/sapoencantado.es\/index.php\/wp-json\/wp\/v2\/product_tag?post=588039"}],"curies":[{"name":"wp","href":"https:\/\/api.w.org\/{rel}","templated":true}]}}